{"id":85,"date":"2017-04-26T20:36:28","date_gmt":"2017-04-26T18:36:28","guid":{"rendered":"https:\/\/www.pfarreiengemeinschaft-regenstauf.de\/?page_id=85"},"modified":"2025-05-21T11:15:18","modified_gmt":"2025-05-21T09:15:18","slug":"taufe","status":"publish","type":"page","link":"https:\/\/www.pfarreiengemeinschaft-regenstauf.de\/index.php\/sakramente-seelsorge\/sakramente\/taufe\/","title":{"rendered":"Taufe"},"content":{"rendered":"\n<p><strong>Die Feier der Taufe<\/strong><br>Mit der Geburt eines Kindes beginnt eine Lebensgeschichte, die mit einer gro\u00dfen Hoffnung verbunden ist. In diesem neuen Anfang liegt die Zukunft und die Welt hat die Chance, sich zu ver\u00e4ndern. In der Taufe bekr\u00e4ftigt Gott sein &#8222;JA&#8220; zu einem Menschen. Er nimmt ihn an der Hand und bietet ihm an, seinen Weg zu begleiten.<\/p>\n\n\n\n<p>Wenn Sie Ihr Kind zur Taufe anmelden wollen, melden Sie sich bitte fr\u00fchzeitig im Pfarrb\u00fcro. Hier f\u00fcllen Sie die Anmeldung zur Taufe Ihres Kindes aus. Bitte bringen Sie hierf\u00fcr die Geburtsurkunde, das Stammbuch und ein Foto Ihres Kindes mit. Vor der Taufe werden Sie vom Pfarrer, Pfarrvikar oder einem der Diakone zu einem Gespr\u00e4ch eingeladen.<\/p>\n\n\n\n<p class=\"has-black-color has-text-color has-link-color wp-elements-c1749ee9a9bf54dd0d584fe11ae2a86d\">Das Sakrament der Taufe wird f\u00fcr die Pfarrgemeinde St. Jakobus im Spindlhof gefeiert. F\u00fcr die Pfarrgemeinden St. Laurentius (Ramspau) und Mari\u00e4 Himmelfahrt (Kirchberg) in den jeweiligen Pfarrkirchen. <mark style=\"background-color:rgba(0, 0, 0, 0);color:#076198\" class=\"has-inline-color\">F\u00fcr das Jahr 2025 stehen folgende Tauftermine zur Verf\u00fcgung<\/mark> (f\u00fcr Kirchberg werden die Tauftermine von Fall zu Fall vereinbart):<\/p>\n\n\n\n<figure class=\"wp-block-table alignleft\"><table class=\"has-fixed-layout\"><thead><tr><th>Datum<\/th><th>St. Jakobus (Spindlhof)<\/th><th>St. Laurentius (Ramspau)<\/th><\/tr><\/thead><tbody><tr><td>Sonntag, 5. Jan.<\/td><td>11:30 Uhr<\/td><td>&#8211;<\/td><\/tr><tr><td>Samstag, 11. Jan.<\/td><td><\/td><td>14:00 Uhr<\/td><\/tr><tr><td>Samstag, 18. Jan.<\/td><td>14:00 Uhr<\/td><td>&#8211;<\/td><\/tr><tr><td>Sonntag, 2. Feb.<\/td><td>11:30 Uhr<\/td><td>&#8211;<\/td><\/tr><tr><td>Sonntag, 8. Feb. <\/td><td>&#8211;<\/td><td>11:00 Uhr<\/td><\/tr><tr><td>Samstag, 15. Feb.<\/td><td>14:00 Uhr<\/td><td><\/td><\/tr><tr><td>Samstag, 22. Feb.<\/td><td>&#8211;<\/td><td>14:00 Uhr<\/td><\/tr><tr><td>Samstag, 19. Apr.<\/td><td>&#8211;<\/td><td>20:00 Uhr<\/td><\/tr><tr><td>Sonntag, 20. Apr.<\/td><td>05:00 Uhr<\/td><td><\/td><\/tr><tr><td>Samstag, 3. Mai<\/td><td>14:00 Uhr<\/td><td>&#8211;<\/td><\/tr><tr><td>Sonntag, 11. Mai<\/td><td>&#8211;<\/td><td>11:00 Uhr<\/td><\/tr><tr><td>Samstag, 17. Mai<\/td><td>14:00 Uhr<\/td><td>&#8211;<\/td><\/tr><tr><td>Sonntag, 1. Juni<\/td><td>11:30 Uhr<\/td><td>&#8211;<\/td><\/tr><tr><td>Samstag, 14. Juni<\/td><td>&#8211;<\/td><td>14:00 Uhr<\/td><\/tr><tr><td>Samstag, 21. Juni<\/td><td>14:00 Uhr<\/td><td>&#8211;<\/td><\/tr><tr><td>Sonntag, 6. Juli<\/td><td>11:30 Uhr<\/td><td>&#8211;<\/td><\/tr><tr><td>Sonntag, 13. Juli<\/td><td>&#8211;<\/td><td>11:00 Uhr<\/td><\/tr><tr><td>Samstag, 19. Juli<\/td><td>14:00 Uhr<\/td><td>&#8211;<\/td><\/tr><tr><td>Samstag, 2. Aug.<\/td><td>14:00 Uhr<\/td><td>&#8211;<\/td><\/tr><tr><td>Samstag, 9. Aug.<\/td><td>&#8211;<\/td><td>14:00 Uhr<\/td><\/tr><tr><td>Sonntag, 7. Sept.<\/td><td>11:30 Uhr<\/td><td>&#8211;<\/td><\/tr><tr><td>Sonntag, 14. Sept.<\/td><td>&#8211;<\/td><td>11:30 Uhr<\/td><\/tr><tr><td>Samstag, 20. Sept.<\/td><td>14:00 Uhr<\/td><td>&#8211;<\/td><\/tr><tr><td>Sonntag, 5. Okt.<\/td><td>11:30 Uhr<\/td><td>&#8211;<\/td><\/tr><tr><td>Samstag, 11. Okt.<\/td><td>&#8211;<\/td><td>14:00 Uhr<\/td><\/tr><tr><td>Sonntag, 9. Nov.<\/td><td>11:30 Uhr<\/td><td>&#8211;<\/td><\/tr><tr><td>Samstag, 15. Nov.<\/td><td>&#8211;<\/td><td>14:00 Uhr<\/td><\/tr><tr><td>Samstag, 22. Nov.<\/td><td>14:00 Uhr<\/td><td>&#8211;<\/td><\/tr><tr><td>Sonntag, 7. Dez.<\/td><td>11:30 Uhr<\/td><td><\/td><\/tr><\/tbody><\/table><\/figure>\n\n\n\n\n\n<p>Taufpaten bzw. Taufpatinnen kommt eine wichtige Rolle zu: Sie sind dazu eingeladen, Zeugnis von ihrem Glauben und ihrer pers\u00f6nlichen Beziehung zu Jesus Christus zu geben, der unsere Wege durch H\u00f6hen und Tiefen mitgeht. Deshalb werden die TaufpatInnen gebeten, entweder einen Patenschein ihrer zust\u00e4ndigen Pfarrei zur Verf\u00fcgung zu stellen, sofern sie nicht zu unserer Pfarreiengemeinschaft geh\u00f6ren. Alternativ kann diese <a href=\"https:\/\/www.pfarreiengemeinschaft-regenstauf.de\/wp-content\/uploads\/2023\/02\/Taufpaten-Selbstauskunft.pdf\" target=\"_blank\" rel=\"noreferrer noopener\"><mark style=\"background-color:rgba(0, 0, 0, 0);color:#0000ff\" class=\"has-inline-color\">Erkl\u00e4rung<\/mark><\/a> vor der Taufe ausgef\u00fcllt abgegeben werden.<\/p>\n","protected":false},"excerpt":{"rendered":"<p>Die Feier der TaufeMit der Geburt eines Kindes beginnt eine Lebensgeschichte, die mit einer gro\u00dfen Hoffnung verbunden ist. In diesem neuen Anfang liegt die Zukunft und die Welt hat die Chance, sich zu ver\u00e4ndern. In der Taufe bekr\u00e4ftigt Gott sein &#8222;JA&#8220; zu einem Menschen. Er nimmt ihn an der Hand und bietet ihm an, seinen &hellip; <\/p>\n<p class=\"link-more\"><a href=\"https:\/\/www.pfarreiengemeinschaft-regenstauf.de\/index.php\/sakramente-seelsorge\/sakramente\/taufe\/\" class=\"more-link\"><span class=\"screen-reader-text\">\u201eTaufe\u201c<\/span> weiterlesen<\/a><\/p>\n","protected":false},"author":2,"featured_media":0,"parent":299,"menu_order":11100,"comment_status":"closed","ping_status":"closed","template":"","meta":{"footnotes":""},"class_list":["post-85","page","type-page","status-publish","hentry"],"_links":{"self":[{"href":"https:\/\/www.pfarreiengemeinschaft-regenstauf.de\/index.php\/wp-json\/wp\/v2\/pages\/85","targetHints":{"allow":["GET"]}}],"collection":[{"href":"https:\/\/www.pfarreiengemeinschaft-regenstauf.de\/index.php\/wp-json\/wp\/v2\/pages"}],"about":[{"href":"https:\/\/www.pfarreiengemeinschaft-regenstauf.de\/index.php\/wp-json\/wp\/v2\/types\/page"}],"author":[{"embeddable":true,"href":"https:\/\/www.pfarreiengemeinschaft-regenstauf.de\/index.php\/wp-json\/wp\/v2\/users\/2"}],"replies":[{"embeddable":true,"href":"https:\/\/www.pfarreiengemeinschaft-regenstauf.de\/index.php\/wp-json\/wp\/v2\/comments?post=85"}],"version-history":[{"count":62,"href":"https:\/\/www.pfarreiengemeinschaft-regenstauf.de\/index.php\/wp-json\/wp\/v2\/pages\/85\/revisions"}],"predecessor-version":[{"id":3893,"href":"https:\/\/www.pfarreiengemeinschaft-regenstauf.de\/index.php\/wp-json\/wp\/v2\/pages\/85\/revisions\/3893"}],"up":[{"embeddable":true,"href":"https:\/\/www.pfarreiengemeinschaft-regenstauf.de\/index.php\/wp-json\/wp\/v2\/pages\/299"}],"wp:attachment":[{"href":"https:\/\/www.pfarreiengemeinschaft-regenstauf.de\/index.php\/wp-json\/wp\/v2\/media?parent=85"}],"curies":[{"name":"wp","href":"https:\/\/api.w.org\/{rel}","templated":true}]}}