{"id":615,"date":"2017-05-29T22:16:43","date_gmt":"2017-05-29T20:16:43","guid":{"rendered":"https:\/\/www.pfarreiengemeinschaft-regenstauf.de\/?page_id=615"},"modified":"2023-02-11T09:36:40","modified_gmt":"2023-02-11T08:36:40","slug":"diakon-payer","status":"publish","type":"page","link":"https:\/\/www.pfarreiengemeinschaft-regenstauf.de\/index.php\/ihre-seelsorger\/diakon-payer\/","title":{"rendered":"Diakon Thomas Johannes Payer"},"content":{"rendered":"<p><img loading=\"lazy\" decoding=\"async\" class=\"alignnone size-medium wp-image-598\" src=\"https:\/\/www.pfarreiengemeinschaft-regenstauf.de\/wp-content\/uploads\/2017\/04\/TJP-Passbild-2016-232x300.jpg\" alt=\"\" width=\"232\" height=\"300\" srcset=\"https:\/\/www.pfarreiengemeinschaft-regenstauf.de\/wp-content\/uploads\/2017\/04\/TJP-Passbild-2016-232x300.jpg 232w, https:\/\/www.pfarreiengemeinschaft-regenstauf.de\/wp-content\/uploads\/2017\/04\/TJP-Passbild-2016.jpg 433w\" sizes=\"auto, (max-width: 232px) 100vw, 232px\" \/><\/p>\n<p>Tel. 09402\/3615<br \/>\nDiakon Thomas Johannes Payer wohnt seit 1980 in Regenstauf.<\/p>\n<ul>\n<li>Geboren 1948 in Regensburg-Stadtamhof<\/li>\n<li>1967 Abitur am Albrecht-Altdorfer-Gymnasium in Regensburg<\/li>\n<li>Nach Studium (TUM) und Staatsexamina Lehrer f\u00fcr Physik und Mathematik sowie Seminarlehrer f\u00fcr P\u00e4dagogik<\/li>\n<li>1989\u20131996: Theologiestudium<\/li>\n<li>1990\u20131998: Mitglied im Di\u00f6zesanrat der Di\u00f6zese Regensburg<\/li>\n<li>1993\u20131994: Mitglied des Di\u00f6zesanforums und Leitung des Sachausschusses Sakramentenpastoral<\/li>\n<li>1998: Weihe zum St\u00e4ndigen Diakon durch Weihbischof Wilhelm Schraml, seither Diakon in der Pfarrei St. Jakobus<\/li>\n<\/ul>\n<p>Seit 1973 verheiratet mit Ehefrau Klaudia, drei erwachsene T\u00f6chter<\/p>\n<p>Aufgaben in der Pfarrei:<\/p>\n<ul>\n<li>Mitwirkung in der Liturgie: Altarassistenz, Predigtdienst, Taufdienst, Eheschlie\u00dfung, Gestaltung der (gesungenen) Vespern an Hochfesten<\/li>\n<li>Leitung des Arbeitskreises \u201eLiturgie\u201c und der Arbeitsgruppe \u201eKleinkindergottesdienste\u201c<\/li>\n<li>Gespr\u00e4chsseelsorge<\/li>\n<li>Krisenseelsorge in Schulen (KiS) und Notfallseelsorge<\/li>\n<li>Geistlicher Leiter der Gemeinschaft katholischer M\u00e4nner und Frauen (KMF) im Bund Neudeutschland (ND) f\u00fcr die Di\u00f6zesen Regensburg und Passau<\/li>\n<\/ul>\n","protected":false},"excerpt":{"rendered":"<p>Tel. 09402\/3615 Diakon Thomas Johannes Payer wohnt seit 1980 in Regenstauf. Geboren 1948 in Regensburg-Stadtamhof 1967 Abitur am Albrecht-Altdorfer-Gymnasium in Regensburg Nach Studium (TUM) und Staatsexamina Lehrer f\u00fcr Physik und Mathematik sowie Seminarlehrer f\u00fcr P\u00e4dagogik 1989\u20131996: Theologiestudium 1990\u20131998: Mitglied im Di\u00f6zesanrat der Di\u00f6zese Regensburg 1993\u20131994: Mitglied des Di\u00f6zesanforums und Leitung des Sachausschusses Sakramentenpastoral 1998: Weihe &hellip; <\/p>\n<p class=\"link-more\"><a href=\"https:\/\/www.pfarreiengemeinschaft-regenstauf.de\/index.php\/ihre-seelsorger\/diakon-payer\/\" class=\"more-link\"><span class=\"screen-reader-text\">\u201eDiakon Thomas Johannes Payer\u201c<\/span> weiterlesen<\/a><\/p>\n","protected":false},"author":2,"featured_media":0,"parent":103,"menu_order":8400,"comment_status":"closed","ping_status":"closed","template":"","meta":{"footnotes":""},"class_list":["post-615","page","type-page","status-publish","hentry"],"_links":{"self":[{"href":"https:\/\/www.pfarreiengemeinschaft-regenstauf.de\/index.php\/wp-json\/wp\/v2\/pages\/615","targetHints":{"allow":["GET"]}}],"collection":[{"href":"https:\/\/www.pfarreiengemeinschaft-regenstauf.de\/index.php\/wp-json\/wp\/v2\/pages"}],"about":[{"href":"https:\/\/www.pfarreiengemeinschaft-regenstauf.de\/index.php\/wp-json\/wp\/v2\/types\/page"}],"author":[{"embeddable":true,"href":"https:\/\/www.pfarreiengemeinschaft-regenstauf.de\/index.php\/wp-json\/wp\/v2\/users\/2"}],"replies":[{"embeddable":true,"href":"https:\/\/www.pfarreiengemeinschaft-regenstauf.de\/index.php\/wp-json\/wp\/v2\/comments?post=615"}],"version-history":[{"count":10,"href":"https:\/\/www.pfarreiengemeinschaft-regenstauf.de\/index.php\/wp-json\/wp\/v2\/pages\/615\/revisions"}],"predecessor-version":[{"id":3303,"href":"https:\/\/www.pfarreiengemeinschaft-regenstauf.de\/index.php\/wp-json\/wp\/v2\/pages\/615\/revisions\/3303"}],"up":[{"embeddable":true,"href":"https:\/\/www.pfarreiengemeinschaft-regenstauf.de\/index.php\/wp-json\/wp\/v2\/pages\/103"}],"wp:attachment":[{"href":"https:\/\/www.pfarreiengemeinschaft-regenstauf.de\/index.php\/wp-json\/wp\/v2\/media?parent=615"}],"curies":[{"name":"wp","href":"https:\/\/api.w.org\/{rel}","templated":true}]}}