{"id":610,"date":"2017-05-29T22:12:42","date_gmt":"2017-05-29T20:12:42","guid":{"rendered":"https:\/\/www.pfarreiengemeinschaft-regenstauf.de\/?page_id=610"},"modified":"2024-02-23T08:27:49","modified_gmt":"2024-02-23T07:27:49","slug":"pfarrvikar","status":"publish","type":"page","link":"https:\/\/www.pfarreiengemeinschaft-regenstauf.de\/index.php\/ihre-seelsorger\/pfarrvikar\/","title":{"rendered":"Pfarrvikar Michel Coumba Cor Sene"},"content":{"rendered":"\n<figure class=\"wp-block-image size-full\"><img loading=\"lazy\" decoding=\"async\" width=\"243\" height=\"507\" src=\"https:\/\/www.pfarreiengemeinschaft-regenstauf.de\/wp-content\/uploads\/2024\/02\/01-Michel-Sene.jpg\" alt=\"\" class=\"wp-image-3685\" srcset=\"https:\/\/www.pfarreiengemeinschaft-regenstauf.de\/wp-content\/uploads\/2024\/02\/01-Michel-Sene.jpg 243w, https:\/\/www.pfarreiengemeinschaft-regenstauf.de\/wp-content\/uploads\/2024\/02\/01-Michel-Sene-144x300.jpg 144w\" sizes=\"auto, (max-width: 243px) 100vw, 243px\" \/><\/figure>\n\n\n\n<p>Mein Name ist Michel Coumba Cor Sene. Obwohl ich in Dakar geboren wurde, bin ich in einem Dorf &#8211; 108 km von der Hauptstadt des Senegals entfernt &#8211; aufgewachsen. Dieses Dorf hei\u00dft Mbodiene und liegt in der N\u00e4he des Meeres.<br>Als ich 12 Jahre alt war, begann meine Ausbildung im kleinen Seminar. Am 6. Juli 2013 wurde ich im Alter von 27 Jahren zum Priester geweiht. In den ersten beiden Jahren konnte ich in einer Pfarrei t\u00e4tig sein, die ich schon als Seminarist kennengelernt hatte, was ein gro\u00dfer Vorteil f\u00fcr mich war. Meine Ankunft war dort wie eine Fortsetzung einer Reise. Danach war ich vier Jahre lang als Domvikar in der Kathedrale Notre Dame des Victoires de Dakar und leitete gleichzeitig die Kommunikationsabteilung der Di\u00f6zese. Im Jahr 2019 bot mir der Bischof ein Studium am Institut Biblicum in Rom an, um dort die Heiligen Schriften zu studieren. In Italien lernte ich Italienisch und machte wertvolle Erfahrungen. Dort erwarb ich einen Bachelor-Abschluss. Ebenfalls auf Wunsch meines Bischofs komme ich f\u00fcr meine Doktorarbeit in Ihre Di\u00f6zese. Es ist ebenso eine Gelegenheit f\u00fcr mich, neue Erfahrungen zu sammeln, und ich wei\u00df, dass ich durch unsere Begegnung viel lernen kann.<br>Ich freue mich \u00fcber meinen Dienst hier in ihrer Pfarreiengemeinschaft!<\/p>\n\n\n\n<p><\/p>\n","protected":false},"excerpt":{"rendered":"<p>Mein Name ist Michel Coumba Cor Sene. Obwohl ich in Dakar geboren wurde, bin ich in einem Dorf &#8211; 108 km von der Hauptstadt des Senegals entfernt &#8211; aufgewachsen. Dieses Dorf hei\u00dft Mbodiene und liegt in der N\u00e4he des Meeres.Als ich 12 Jahre alt war, begann meine Ausbildung im kleinen Seminar. Am 6. Juli 2013 &hellip; <\/p>\n<p class=\"link-more\"><a href=\"https:\/\/www.pfarreiengemeinschaft-regenstauf.de\/index.php\/ihre-seelsorger\/pfarrvikar\/\" class=\"more-link\"><span class=\"screen-reader-text\">\u201ePfarrvikar Michel Coumba Cor Sene\u201c<\/span> weiterlesen<\/a><\/p>\n","protected":false},"author":2,"featured_media":0,"parent":103,"menu_order":8300,"comment_status":"closed","ping_status":"closed","template":"","meta":{"footnotes":""},"class_list":["post-610","page","type-page","status-publish","hentry"],"_links":{"self":[{"href":"https:\/\/www.pfarreiengemeinschaft-regenstauf.de\/index.php\/wp-json\/wp\/v2\/pages\/610","targetHints":{"allow":["GET"]}}],"collection":[{"href":"https:\/\/www.pfarreiengemeinschaft-regenstauf.de\/index.php\/wp-json\/wp\/v2\/pages"}],"about":[{"href":"https:\/\/www.pfarreiengemeinschaft-regenstauf.de\/index.php\/wp-json\/wp\/v2\/types\/page"}],"author":[{"embeddable":true,"href":"https:\/\/www.pfarreiengemeinschaft-regenstauf.de\/index.php\/wp-json\/wp\/v2\/users\/2"}],"replies":[{"embeddable":true,"href":"https:\/\/www.pfarreiengemeinschaft-regenstauf.de\/index.php\/wp-json\/wp\/v2\/comments?post=610"}],"version-history":[{"count":12,"href":"https:\/\/www.pfarreiengemeinschaft-regenstauf.de\/index.php\/wp-json\/wp\/v2\/pages\/610\/revisions"}],"predecessor-version":[{"id":3689,"href":"https:\/\/www.pfarreiengemeinschaft-regenstauf.de\/index.php\/wp-json\/wp\/v2\/pages\/610\/revisions\/3689"}],"up":[{"embeddable":true,"href":"https:\/\/www.pfarreiengemeinschaft-regenstauf.de\/index.php\/wp-json\/wp\/v2\/pages\/103"}],"wp:attachment":[{"href":"https:\/\/www.pfarreiengemeinschaft-regenstauf.de\/index.php\/wp-json\/wp\/v2\/media?parent=610"}],"curies":[{"name":"wp","href":"https:\/\/api.w.org\/{rel}","templated":true}]}}