{"id":605,"date":"2017-05-29T22:06:54","date_gmt":"2017-05-29T20:06:54","guid":{"rendered":"https:\/\/www.pfarreiengemeinschaft-regenstauf.de\/?page_id=605"},"modified":"2023-01-20T17:03:31","modified_gmt":"2023-01-20T16:03:31","slug":"pfarrer-2","status":"publish","type":"page","link":"https:\/\/www.pfarreiengemeinschaft-regenstauf.de\/index.php\/ihre-seelsorger\/pfarrer-2\/","title":{"rendered":"Pfarrer (Leitung der Pfarreiengemeinschaft)"},"content":{"rendered":"<p><img loading=\"lazy\" decoding=\"async\" class=\"alignnone wp-image-590\" src=\"https:\/\/www.pfarreiengemeinschaft-regenstauf.de\/wp-content\/uploads\/2021\/08\/Blank-Christian-2021-08.jpg\" width=\"200\" height=\"290\"><\/p>\n<p>Mein Name ist Christian Blank, ich bin 1987 geboren und ich komme aus K\u00fcmmersbruck bei Amberg. Vom Engagement in der Jugendarbeit und einer aktiven Pfarrei gepr\u00e4gt, entschloss ich mich nach dem Abitur im Jahr 2007, in das Regensburger Priesterseminar einzutreten. Nach meinem Studium in Regensburg und Freiburg war ich dann als Praktikant und Diakon in der Pfarrei Mari\u00e4 Himmelfahrt in Bad K\u00f6tzting t\u00e4tig.<br \/>\n2014 bin ich in Regensburg zum Priester geweiht worden und durfte in meiner Heimat Primiz feiern. Als Primizspruch habe ich einen Vers aus Psalm 87 gew\u00e4hlt: &#8222;All meine Quellen entspringen in dir&#8220;.<br \/>\nIn diesem Satz kommt mein Bild von Gott sehr gut zum Ausdruck: Er ist die Quelle unseres Lebens, der uns mit dem versorgt, was wir zum Leben brauchen. Als Christen d\u00fcrfen wir immer wieder aus dieser Quelle sch\u00f6pfen und diese Liebe an unsere Mitmenschen weiterschenken.<br \/>\nMeine ersten Erfahrungen durfte ich als Kaplan von 2014 bis 2016 in Nabburg in der Pfarrei St. Johannes der T\u00e4ufer und von 2016 bis 2019 in Regensburg in der Pfarrei Herz Marien sammeln.<br \/>\nSeit 1. September 2019 bin ich als Pfarradministrator gemeinsam mit dem Seelsorgeteam f\u00fcr die Pfarreien St. Jakobus Regenstauf, St. Laurentius Ramspau und Mari\u00e4 Himmelfahrt Kirchberg zust\u00e4ndig.<\/p>\n<p>Als Pfarrer m\u00f6chte ich f\u00fcr alle Menschen in unserer Pfarreiengemeinschaft ansprechbar sein, sie in ihren vielf\u00e4ltigen Lebenssituationen begleiten und unseren gemeinsamen Glauben leben und erfahrbar machen!<\/p>\n","protected":false},"excerpt":{"rendered":"<p>Mein Name ist Christian Blank, ich bin 1987 geboren und ich komme aus K\u00fcmmersbruck bei Amberg. Vom Engagement in der Jugendarbeit und einer aktiven Pfarrei gepr\u00e4gt, entschloss ich mich nach dem Abitur im Jahr 2007, in das Regensburger Priesterseminar einzutreten. Nach meinem Studium in Regensburg und Freiburg war ich dann als Praktikant und Diakon in &hellip; <\/p>\n<p class=\"link-more\"><a href=\"https:\/\/www.pfarreiengemeinschaft-regenstauf.de\/index.php\/ihre-seelsorger\/pfarrer-2\/\" class=\"more-link\"><span class=\"screen-reader-text\">\u201ePfarrer (Leitung der Pfarreiengemeinschaft)\u201c<\/span> weiterlesen<\/a><\/p>\n","protected":false},"author":2,"featured_media":0,"parent":103,"menu_order":8100,"comment_status":"closed","ping_status":"closed","template":"","meta":{"footnotes":""},"class_list":["post-605","page","type-page","status-publish","hentry"],"_links":{"self":[{"href":"https:\/\/www.pfarreiengemeinschaft-regenstauf.de\/index.php\/wp-json\/wp\/v2\/pages\/605","targetHints":{"allow":["GET"]}}],"collection":[{"href":"https:\/\/www.pfarreiengemeinschaft-regenstauf.de\/index.php\/wp-json\/wp\/v2\/pages"}],"about":[{"href":"https:\/\/www.pfarreiengemeinschaft-regenstauf.de\/index.php\/wp-json\/wp\/v2\/types\/page"}],"author":[{"embeddable":true,"href":"https:\/\/www.pfarreiengemeinschaft-regenstauf.de\/index.php\/wp-json\/wp\/v2\/users\/2"}],"replies":[{"embeddable":true,"href":"https:\/\/www.pfarreiengemeinschaft-regenstauf.de\/index.php\/wp-json\/wp\/v2\/comments?post=605"}],"version-history":[{"count":10,"href":"https:\/\/www.pfarreiengemeinschaft-regenstauf.de\/index.php\/wp-json\/wp\/v2\/pages\/605\/revisions"}],"predecessor-version":[{"id":2950,"href":"https:\/\/www.pfarreiengemeinschaft-regenstauf.de\/index.php\/wp-json\/wp\/v2\/pages\/605\/revisions\/2950"}],"up":[{"embeddable":true,"href":"https:\/\/www.pfarreiengemeinschaft-regenstauf.de\/index.php\/wp-json\/wp\/v2\/pages\/103"}],"wp:attachment":[{"href":"https:\/\/www.pfarreiengemeinschaft-regenstauf.de\/index.php\/wp-json\/wp\/v2\/media?parent=605"}],"curies":[{"name":"wp","href":"https:\/\/api.w.org\/{rel}","templated":true}]}}