{"id":59,"date":"2017-04-20T19:12:29","date_gmt":"2017-04-20T17:12:29","guid":{"rendered":"https:\/\/www.pfarreiengemeinschaft-regenstauf.de\/?page_id=59"},"modified":"2024-08-06T11:21:13","modified_gmt":"2024-08-06T09:21:13","slug":"katholischer-kindergarten-arche-noah","status":"publish","type":"page","link":"https:\/\/www.pfarreiengemeinschaft-regenstauf.de\/index.php\/einrichtungen\/katholischer-kindergarten-arche-noah\/","title":{"rendered":"Katholischer Kindergarten &#8222;Arche Noah&#8220;"},"content":{"rendered":"\n<p><img loading=\"lazy\" decoding=\"async\" src=\"https:\/\/www.pfarreiengemeinschaft-regenstauf.de\/wp-content\/uploads\/2017\/12\/Arche-Noah-2017-12.jpg\" alt=\"kindergarten\" width=\"300\" height=\"270\"><\/p>\n<h1 style=\"text-align: left;\"><strong>&nbsp;&nbsp;&nbsp;&#8222;Alle in einem Boot&#8220;<\/strong><\/h1>\n<h2><strong>Herzlich Willkommen an Bord\u2026.<\/strong><\/h2>\n<table>\n<tbody>\n<tr>\n<td width=\"80\" height=\"120\"><img loading=\"lazy\" decoding=\"async\" class=\"alignnone size-medium wp-image-1215\" src=\"https:\/\/www.pfarreiengemeinschaft-regenstauf.de\/wp-content\/uploads\/2017\/12\/Arche-Noah-2017-12-fahne-224x300.jpg\" alt=\"\" width=\"224\" height=\"300\" srcset=\"https:\/\/www.pfarreiengemeinschaft-regenstauf.de\/wp-content\/uploads\/2017\/12\/Arche-Noah-2017-12-fahne-224x300.jpg 224w, https:\/\/www.pfarreiengemeinschaft-regenstauf.de\/wp-content\/uploads\/2017\/12\/Arche-Noah-2017-12-fahne.jpg 668w\" sizes=\"auto, (max-width: 224px) 100vw, 224px\" \/><\/td>\n<td width=\"70\" height=\"120\">Seit 2001 ist die Arche Noah auf gro\u00dfer Fahrt \u2013 mit Platz f\u00fcr ca. 100 kleine Passagiere. Unsere Kinder sind in vier Gruppen eingeteilt.<br>Die Besatzung ist ein eingespieltes Team: Qualifizierte Erzieherinnen und Kinderpflegerinnen gestalten den Aufenthalt an Bord mit Engagement und Kompetenz. Offenheit, Verst\u00e4ndnis, Kreativit\u00e4t und viel Liebe zu Ihren Kindern zeichnen unser Fachpersonal aus.<\/td>\n<\/tr>\n<\/tbody>\n<\/table>\n<p>Unser Kindergarten befindet sich in landschaftlich reizvoller und absolut ruhiger Lage nahe dem Ortskern von Regenstauf.<br>Der Garten regt durch seine abwechslungsreiche und kindgerechte Gestaltung zum Entdecken und Bewegen an. So einladend wie die Gartenanlagen, so gro\u00dfz\u00fcgig sind die R\u00e4umlichkeiten der Arche Noah.<\/p>\n<table>\n<tbody>\n<tr>\n<td><img loading=\"lazy\" decoding=\"async\" class=\"alignnone size-medium wp-image-1217\" src=\"https:\/\/www.pfarreiengemeinschaft-regenstauf.de\/wp-content\/uploads\/2017\/12\/Arche-Noah-2017-12-aussen-300x201.jpg\" alt=\"\" width=\"300\" height=\"201\" srcset=\"https:\/\/www.pfarreiengemeinschaft-regenstauf.de\/wp-content\/uploads\/2017\/12\/Arche-Noah-2017-12-aussen-300x201.jpg 300w, https:\/\/www.pfarreiengemeinschaft-regenstauf.de\/wp-content\/uploads\/2017\/12\/Arche-Noah-2017-12-aussen-768x514.jpg 768w, https:\/\/www.pfarreiengemeinschaft-regenstauf.de\/wp-content\/uploads\/2017\/12\/Arche-Noah-2017-12-aussen-1024x685.jpg 1024w, https:\/\/www.pfarreiengemeinschaft-regenstauf.de\/wp-content\/uploads\/2017\/12\/Arche-Noah-2017-12-aussen.jpg 1341w\" sizes=\"auto, (max-width: 300px) 100vw, 300px\" \/><\/td>\n<td><img loading=\"lazy\" decoding=\"async\" class=\"alignnone size-medium wp-image-1216\" src=\"https:\/\/www.pfarreiengemeinschaft-regenstauf.de\/wp-content\/uploads\/2017\/12\/Arche-Noah-2017-12-innen-300x224.jpg\" alt=\"\" width=\"270\" height=\"202\" srcset=\"https:\/\/www.pfarreiengemeinschaft-regenstauf.de\/wp-content\/uploads\/2017\/12\/Arche-Noah-2017-12-innen-300x224.jpg 300w, https:\/\/www.pfarreiengemeinschaft-regenstauf.de\/wp-content\/uploads\/2017\/12\/Arche-Noah-2017-12-innen-768x574.jpg 768w, https:\/\/www.pfarreiengemeinschaft-regenstauf.de\/wp-content\/uploads\/2017\/12\/Arche-Noah-2017-12-innen-1024x766.jpg 1024w, https:\/\/www.pfarreiengemeinschaft-regenstauf.de\/wp-content\/uploads\/2017\/12\/Arche-Noah-2017-12-innen.jpg 1197w\" sizes=\"auto, (max-width: 270px) 100vw, 270px\" \/><\/td>\n<\/tr>\n<\/tbody>\n<\/table>\n<h2><strong>Unser Wind in den Segeln\u2026.<\/strong><\/h2>\n<p>Unser Kindergarten soll f\u00fcr die ersten wichtigen Lebensjahre ihrer Kinder ein familienerg\u00e4nzender Ort sein, indem sich ihr Kind wohlf\u00fchlt und angenommen ist. Wir unterst\u00fctzen und erg\u00e4nzen die famili\u00e4re Bildung und Erziehung und f\u00f6rdern die Entwicklung der Kinder in vielf\u00e4ltiger Weise.<\/p>\n<p>Die ganzheitliche und individuelle F\u00f6rderung jedes einzelnen Kindes liegt uns sehr am Herzen.<\/p>\n<p>Unsere Ziele orientieren sich nach dem bayerischen Bildungs- und Erziehungsplan f\u00fcr Kinder in Tageseinrichtungen bis zur Einschulung.<\/p>\n<ul>\n<li>Die Kinder entwickeln soziale Kompetenz, die sie ben\u00f6tigen, um in ihrem Leben mit anderen Menschen zurecht zu kommen. Dabei m\u00f6chten wir sie unterst\u00fctzen. Denn jedes Kind ist eine Pers\u00f6nlichkeit und geht mit den Anforderungen auf unterschiedliche Art und Weise um. Als ein wichtiges Mitglied unserer Gemeinschaft, soll es sich behaupten und einordnen k\u00f6nnen.<\/li>\n<li>Die Kinder werden bei uns optimal und ganzheitlich auf die Schule vorbereitet.<\/li>\n<li>Wir f\u00f6rdern F\u00e4higkeiten und Fertigkeiten in den Bereichen:<br>Bewegung, Rhythmik und Sport<br>Musik<br>Sprache und Literatur<br>Wertorientierung und Religiosit\u00e4t<br>Kognitive Erziehung<br>Sozialerziehung<br>Kreativit\u00e4tserziehung<br>Naturwissenschaften und Technik\n<p>&nbsp;<\/p>\n<h2><strong>Anheuern und Leinen los\u2026<\/strong><\/h2>\n<p>Unser Kindergarten ist ge\u00f6ffnet:<\/p>\n<p>Von Montag \u2013 Freitag von 7:00 bis 15:00 Uhr mit verschiedenen Bring- und Abholzeiten.<\/p>\n<p>Buchungszeit und Beitr\u00e4ge:<br>Die Kosten richten sich nach den Buchungszeiten der Eltern. Sollten Sie Fragen haben, k\u00f6nnen Sie sich gerne pers\u00f6nlich an uns wenden.<\/p>\n<p>Anmeldung:<br>Die Anmeldetage sind im Januar\/Februar f\u00fcr das kommende Kindergartenjahr. Die Termine entnehmen Sie bitte dem Regenstaufer Mitteilungsblatt oder erfragen Sie sie telefonisch unter 09402\/4515.<\/p>\n<p><span style=\"color: #0000ff;\"><a href=\" https:\/\/www.buergerservice-portal.de\/bayern\/regenstauf\/bsp_kita_anmeldung\/#\/\"><span style=\"color: #0000ff;\">Hier, auf der Seite des Marktes Regenstauf,<\/span><\/a><\/span> k\u00f6nnen Sie Ihr Kind anmelden.<\/p>\n<p>Adresse:<br>Katholischer Kindergarten &#8222;Arche Noah&#8220;<br>Masurenweg 18<br>93128 Regenstauf<br>Tel. 09402\/4515<br>E-Mail: <a href=\"mailto: kita.regenstauf@bistum-regensburg.de\"><span style=\"color: #0000ff;\">kita.regenstauf@bistum-regensburg.de<\/span><\/a><\/p>\n<p><strong>Leitung<\/strong>: Ilse Bleier<\/p>\n<\/li>\n<\/ul>\n","protected":false},"excerpt":{"rendered":"<p>&nbsp;&nbsp;&nbsp;&#8222;Alle in einem Boot&#8220; Herzlich Willkommen an Bord\u2026. Seit 2001 ist die Arche Noah auf gro\u00dfer Fahrt \u2013 mit Platz f\u00fcr ca. 100 kleine Passagiere. Unsere Kinder sind in vier Gruppen eingeteilt.Die Besatzung ist ein eingespieltes Team: Qualifizierte Erzieherinnen und Kinderpflegerinnen gestalten den Aufenthalt an Bord mit Engagement und Kompetenz. Offenheit, Verst\u00e4ndnis, Kreativit\u00e4t und viel &hellip; <\/p>\n<p class=\"link-more\"><a href=\"https:\/\/www.pfarreiengemeinschaft-regenstauf.de\/index.php\/einrichtungen\/katholischer-kindergarten-arche-noah\/\" class=\"more-link\"><span class=\"screen-reader-text\">\u201eKatholischer Kindergarten &#8222;Arche Noah&#8220;\u201c<\/span> weiterlesen<\/a><\/p>\n","protected":false},"author":1,"featured_media":0,"parent":36,"menu_order":9500,"comment_status":"closed","ping_status":"closed","template":"","meta":{"footnotes":""},"class_list":["post-59","page","type-page","status-publish","hentry"],"_links":{"self":[{"href":"https:\/\/www.pfarreiengemeinschaft-regenstauf.de\/index.php\/wp-json\/wp\/v2\/pages\/59","targetHints":{"allow":["GET"]}}],"collection":[{"href":"https:\/\/www.pfarreiengemeinschaft-regenstauf.de\/index.php\/wp-json\/wp\/v2\/pages"}],"about":[{"href":"https:\/\/www.pfarreiengemeinschaft-regenstauf.de\/index.php\/wp-json\/wp\/v2\/types\/page"}],"author":[{"embeddable":true,"href":"https:\/\/www.pfarreiengemeinschaft-regenstauf.de\/index.php\/wp-json\/wp\/v2\/users\/1"}],"replies":[{"embeddable":true,"href":"https:\/\/www.pfarreiengemeinschaft-regenstauf.de\/index.php\/wp-json\/wp\/v2\/comments?post=59"}],"version-history":[{"count":75,"href":"https:\/\/www.pfarreiengemeinschaft-regenstauf.de\/index.php\/wp-json\/wp\/v2\/pages\/59\/revisions"}],"predecessor-version":[{"id":3783,"href":"https:\/\/www.pfarreiengemeinschaft-regenstauf.de\/index.php\/wp-json\/wp\/v2\/pages\/59\/revisions\/3783"}],"up":[{"embeddable":true,"href":"https:\/\/www.pfarreiengemeinschaft-regenstauf.de\/index.php\/wp-json\/wp\/v2\/pages\/36"}],"wp:attachment":[{"href":"https:\/\/www.pfarreiengemeinschaft-regenstauf.de\/index.php\/wp-json\/wp\/v2\/media?parent=59"}],"curies":[{"name":"wp","href":"https:\/\/api.w.org\/{rel}","templated":true}]}}