{"id":582,"date":"2017-05-28T22:13:59","date_gmt":"2017-05-28T20:13:59","guid":{"rendered":"https:\/\/www.pfarreiengemeinschaft-regenstauf.de\/?page_id=582"},"modified":"2023-01-19T16:35:46","modified_gmt":"2023-01-19T15:35:46","slug":"future-i","status":"publish","type":"page","link":"https:\/\/www.pfarreiengemeinschaft-regenstauf.de\/index.php\/unsere-pfarreien\/st-jakobus-regenstauf\/arbeitskreise-der-pfarrei\/kirchenmusik\/future-i\/","title":{"rendered":"Nachwuchsband &#8222;Future&#8220;"},"content":{"rendered":"<p>In der Nachwuchsband \u201eFuture\u201c spielen und singen junge Nachwuchsmusiker aus den Kinder- und Jugendch\u00f6ren.<\/p>\n<p><b>Altersstufe<\/b><br \/>\nAb 12 Jahren<\/p>\n<p><b>Proben<\/b><br \/>\nEtwa alle drei Wochen nach Absprache<\/p>\n<p><b>Auftritte<\/b><\/p>\n<ul>\n<li style=\"margin-top: -1em;\">Regelm\u00e4\u00dfig im Gottesdienst<\/li>\n<li>Erstkommunion, Firmung<\/li>\n<li>Studientage Jugend der Di\u00f6zese Regensburg<\/li>\n<li>Verschiedene \u00fcberregionale geistliche Veranstaltungen<\/li>\n<\/ul>\n<p><b>Lernziele<\/b><\/p>\n<ul>\n<li style=\"margin-top: -1em;\">Kennenlernen der eigenen F\u00e4higkeiten an Instrument und Stimme<\/li>\n<li>Kennenlernen der Besonderheiten im Ablauf eines Gottesdienstes<\/li>\n<li>Steigerung der eigenen F\u00e4higkeiten bis hin zur M\u00f6glichkeit in die Erwachsenenband MAKABER zu wechseln oder auszuhelfen<\/li>\n<\/ul>\n<p><b>Bandkleidung<\/b><br \/>\nGraues T-Shirt oder Weste<\/p>\n<p><b>Verantwortlich in der Band<\/b><br \/>\nLeitung: Andreas Dengler<\/p>\n<p><b>Kontakt<\/b><br \/>\nE-Mail: kimudengler@web.de<br \/>\nTelefon: 09402\/9186<\/p>\n","protected":false},"excerpt":{"rendered":"<p>In der Nachwuchsband \u201eFuture\u201c spielen und singen junge Nachwuchsmusiker aus den Kinder- und Jugendch\u00f6ren. Altersstufe Ab 12 Jahren Proben Etwa alle drei Wochen nach Absprache Auftritte Regelm\u00e4\u00dfig im Gottesdienst Erstkommunion, Firmung Studientage Jugend der Di\u00f6zese Regensburg Verschiedene \u00fcberregionale geistliche Veranstaltungen Lernziele Kennenlernen der eigenen F\u00e4higkeiten an Instrument und Stimme Kennenlernen der Besonderheiten im Ablauf eines &hellip; <\/p>\n<p class=\"link-more\"><a href=\"https:\/\/www.pfarreiengemeinschaft-regenstauf.de\/index.php\/unsere-pfarreien\/st-jakobus-regenstauf\/arbeitskreise-der-pfarrei\/kirchenmusik\/future-i\/\" class=\"more-link\"><span class=\"screen-reader-text\">\u201eNachwuchsband &#8222;Future&#8220;\u201c<\/span> weiterlesen<\/a><\/p>\n","protected":false},"author":2,"featured_media":0,"parent":369,"menu_order":2626,"comment_status":"closed","ping_status":"closed","template":"","meta":{"footnotes":""},"class_list":["post-582","page","type-page","status-publish","hentry"],"_links":{"self":[{"href":"https:\/\/www.pfarreiengemeinschaft-regenstauf.de\/index.php\/wp-json\/wp\/v2\/pages\/582","targetHints":{"allow":["GET"]}}],"collection":[{"href":"https:\/\/www.pfarreiengemeinschaft-regenstauf.de\/index.php\/wp-json\/wp\/v2\/pages"}],"about":[{"href":"https:\/\/www.pfarreiengemeinschaft-regenstauf.de\/index.php\/wp-json\/wp\/v2\/types\/page"}],"author":[{"embeddable":true,"href":"https:\/\/www.pfarreiengemeinschaft-regenstauf.de\/index.php\/wp-json\/wp\/v2\/users\/2"}],"replies":[{"embeddable":true,"href":"https:\/\/www.pfarreiengemeinschaft-regenstauf.de\/index.php\/wp-json\/wp\/v2\/comments?post=582"}],"version-history":[{"count":9,"href":"https:\/\/www.pfarreiengemeinschaft-regenstauf.de\/index.php\/wp-json\/wp\/v2\/pages\/582\/revisions"}],"predecessor-version":[{"id":2324,"href":"https:\/\/www.pfarreiengemeinschaft-regenstauf.de\/index.php\/wp-json\/wp\/v2\/pages\/582\/revisions\/2324"}],"up":[{"embeddable":true,"href":"https:\/\/www.pfarreiengemeinschaft-regenstauf.de\/index.php\/wp-json\/wp\/v2\/pages\/369"}],"wp:attachment":[{"href":"https:\/\/www.pfarreiengemeinschaft-regenstauf.de\/index.php\/wp-json\/wp\/v2\/media?parent=582"}],"curies":[{"name":"wp","href":"https:\/\/api.w.org\/{rel}","templated":true}]}}