{"id":574,"date":"2017-05-28T21:53:40","date_gmt":"2017-05-28T19:53:40","guid":{"rendered":"https:\/\/www.pfarreiengemeinschaft-regenstauf.de\/?page_id=574"},"modified":"2023-01-19T16:34:54","modified_gmt":"2023-01-19T15:34:54","slug":"spirit","status":"publish","type":"page","link":"https:\/\/www.pfarreiengemeinschaft-regenstauf.de\/index.php\/unsere-pfarreien\/st-jakobus-regenstauf\/arbeitskreise-der-pfarrei\/kirchenmusik\/spirit\/","title":{"rendered":"Gospelchor &#8222;Spirit&#8220;"},"content":{"rendered":"<p>Im Gospelchor singen Jugendliche und Erwachsene, die Lust auf Gospel haben.<\/p>\n<p><b>Altersstufe<\/b><br \/>\nAb 15 Jahren<\/p>\n<p><b>Probetermin<\/b><br \/>\nEtwa alle drei Wochen am Samstag von 10.00 Uhr bis 12.15 Uhr.<br \/>\nIm Dezember wird ein Probeplan mit allen Terminen des kompletten Jahres ausgeteilt.<\/p>\n<p><b>Probeort<\/b><br \/>\nChorraum im ersten Stock des Pfarrheims.<\/p>\n<p><b>Auftritte<\/b><\/p>\n<ul>\n<li style=\"margin-top: -1em;\">Regelm\u00e4\u00dfige Gestaltung von Gottesdiensten (Pfingsten)<\/li>\n<li>Veranstaltung von Konzerten<\/li>\n<\/ul>\n<p><b>Lernziele<\/b><\/p>\n<ul>\n<li style=\"margin-top: -1em;\">Mehrstimmiges Singen in klassischer Choraufteilung (Sopran, Alt, Tenor, Bass)<\/li>\n<li>Singen in verschiedenen Sprachen (Deutsch, Englisch)<\/li>\n<li>Singen von Gospels, Worship Songs und Gospel \u00e4hnlicher Literatur<\/li>\n<\/ul>\n<p><b>Chorkleidung<\/b><br \/>\nJedes Chormitglied tr\u00e4gt bei den Auftritten einen Schal (Frauen) bzw. eine Krawatte (M\u00e4nner), die der Chor dem jeweiligen Mitglied zur Verf\u00fcgung stellt.<\/p>\n<p><b>Verantwortlich im Chor<\/b><br \/>\nMelitta Schneider und Alexander Deml<br \/>\nLeitung: Andreas Dengler<\/p>\n<p><b>Kontakt<\/b><br \/>\nE-Mail: kimudengler@web.de<br \/>\nTelefon: 09402\/9186<\/p>\n","protected":false},"excerpt":{"rendered":"<p>Im Gospelchor singen Jugendliche und Erwachsene, die Lust auf Gospel haben. Altersstufe Ab 15 Jahren Probetermin Etwa alle drei Wochen am Samstag von 10.00 Uhr bis 12.15 Uhr. Im Dezember wird ein Probeplan mit allen Terminen des kompletten Jahres ausgeteilt. Probeort Chorraum im ersten Stock des Pfarrheims. Auftritte Regelm\u00e4\u00dfige Gestaltung von Gottesdiensten (Pfingsten) Veranstaltung von &hellip; <\/p>\n<p class=\"link-more\"><a href=\"https:\/\/www.pfarreiengemeinschaft-regenstauf.de\/index.php\/unsere-pfarreien\/st-jakobus-regenstauf\/arbeitskreise-der-pfarrei\/kirchenmusik\/spirit\/\" class=\"more-link\"><span class=\"screen-reader-text\">\u201eGospelchor &#8222;Spirit&#8220;\u201c<\/span> weiterlesen<\/a><\/p>\n","protected":false},"author":2,"featured_media":0,"parent":369,"menu_order":2620,"comment_status":"closed","ping_status":"closed","template":"","meta":{"footnotes":""},"class_list":["post-574","page","type-page","status-publish","hentry"],"_links":{"self":[{"href":"https:\/\/www.pfarreiengemeinschaft-regenstauf.de\/index.php\/wp-json\/wp\/v2\/pages\/574","targetHints":{"allow":["GET"]}}],"collection":[{"href":"https:\/\/www.pfarreiengemeinschaft-regenstauf.de\/index.php\/wp-json\/wp\/v2\/pages"}],"about":[{"href":"https:\/\/www.pfarreiengemeinschaft-regenstauf.de\/index.php\/wp-json\/wp\/v2\/types\/page"}],"author":[{"embeddable":true,"href":"https:\/\/www.pfarreiengemeinschaft-regenstauf.de\/index.php\/wp-json\/wp\/v2\/users\/2"}],"replies":[{"embeddable":true,"href":"https:\/\/www.pfarreiengemeinschaft-regenstauf.de\/index.php\/wp-json\/wp\/v2\/comments?post=574"}],"version-history":[{"count":3,"href":"https:\/\/www.pfarreiengemeinschaft-regenstauf.de\/index.php\/wp-json\/wp\/v2\/pages\/574\/revisions"}],"predecessor-version":[{"id":2245,"href":"https:\/\/www.pfarreiengemeinschaft-regenstauf.de\/index.php\/wp-json\/wp\/v2\/pages\/574\/revisions\/2245"}],"up":[{"embeddable":true,"href":"https:\/\/www.pfarreiengemeinschaft-regenstauf.de\/index.php\/wp-json\/wp\/v2\/pages\/369"}],"wp:attachment":[{"href":"https:\/\/www.pfarreiengemeinschaft-regenstauf.de\/index.php\/wp-json\/wp\/v2\/media?parent=574"}],"curies":[{"name":"wp","href":"https:\/\/api.w.org\/{rel}","templated":true}]}}