{"id":565,"date":"2017-05-28T21:34:53","date_gmt":"2017-05-28T19:34:53","guid":{"rendered":"https:\/\/www.pfarreiengemeinschaft-regenstauf.de\/?page_id=565"},"modified":"2023-01-19T16:34:39","modified_gmt":"2023-01-19T15:34:39","slug":"kirchenchor","status":"publish","type":"page","link":"https:\/\/www.pfarreiengemeinschaft-regenstauf.de\/index.php\/unsere-pfarreien\/st-jakobus-regenstauf\/arbeitskreise-der-pfarrei\/kirchenmusik\/kirchenchor\/","title":{"rendered":"Kirchenchor"},"content":{"rendered":"<p>Im Kirchenchor singen erwachsene S\u00e4ngerinnen und S\u00e4nger.<\/p>\n<p><b>Altersstufe<\/b><br \/>\nAb 15 Jahren<\/p>\n<p><b>Probetermin<\/b><br \/>\nW\u00e4hrend der Schulzeit immer am Mittwoch von 20.00 Uhr bis 21.30 Uhr<\/p>\n<p><b>Probeort<\/b><br \/>\nChorraum im ersten Stock des Pfarrheims.<\/p>\n<p><b>Auftritte<\/b><\/p>\n<ul>\n<li style=\"margin-top: -1em;\">Regelm\u00e4\u00dfige Gestaltung von Gottesdiensten (Christmette, Osternacht, Pfingsten)<\/li>\n<li>Veranstaltung von Konzerten<\/li>\n<\/ul>\n<p><b>Lernziele<\/b><\/p>\n<ul>\n<li style=\"margin-top: -1em;\">Mehrstimmiges Singen in klassischer Choraufteilung (Sopran, Alt, Tenor, Bass)<\/li>\n<li>Singen in verschiedenen Sprachen (Deutsch, Latein, Englisch)<\/li>\n<li>Bewahrung der Chorliteratur und der Chortraditionen<\/li>\n<\/ul>\n<p><b>Sonstiges<\/b><br \/>\nDer Chor unternimmt w\u00e4hrend des Jahres einige Termine um die Chorgemeinschaft zu st\u00e4rken (F\u00fchrungen verschiedener Arten, geselliges Beisammensein, Grillen u.v.m.).<\/p>\n<p><b>Chorkleidung<\/b><br \/>\nJedes Chormitglied tr\u00e4gt bei den Auftritten einen Schal (Frauen) bzw. eine Krawatte (M\u00e4nner), die der Chor dem jeweiligen Mitglied zur Verf\u00fcgung stellt.<\/p>\n<p><b>Verantwortlich im Chor<\/b><br \/>\nChorsprecher: Walter Zettel, Margot Pilz<br \/>\nLeitung: Andreas Dengler<\/p>\n<p><b>Kontakt<\/b><br \/>\nE-Mail: kimudengler@web.de<br \/>\nTelefon: 09402\/9186<\/p>\n","protected":false},"excerpt":{"rendered":"<p>Im Kirchenchor singen erwachsene S\u00e4ngerinnen und S\u00e4nger. Altersstufe Ab 15 Jahren Probetermin W\u00e4hrend der Schulzeit immer am Mittwoch von 20.00 Uhr bis 21.30 Uhr Probeort Chorraum im ersten Stock des Pfarrheims. Auftritte Regelm\u00e4\u00dfige Gestaltung von Gottesdiensten (Christmette, Osternacht, Pfingsten) Veranstaltung von Konzerten Lernziele Mehrstimmiges Singen in klassischer Choraufteilung (Sopran, Alt, Tenor, Bass) Singen in verschiedenen &hellip; <\/p>\n<p class=\"link-more\"><a href=\"https:\/\/www.pfarreiengemeinschaft-regenstauf.de\/index.php\/unsere-pfarreien\/st-jakobus-regenstauf\/arbeitskreise-der-pfarrei\/kirchenmusik\/kirchenchor\/\" class=\"more-link\"><span class=\"screen-reader-text\">\u201eKirchenchor\u201c<\/span> weiterlesen<\/a><\/p>\n","protected":false},"author":2,"featured_media":0,"parent":369,"menu_order":2618,"comment_status":"closed","ping_status":"closed","template":"","meta":{"footnotes":""},"class_list":["post-565","page","type-page","status-publish","hentry"],"_links":{"self":[{"href":"https:\/\/www.pfarreiengemeinschaft-regenstauf.de\/index.php\/wp-json\/wp\/v2\/pages\/565","targetHints":{"allow":["GET"]}}],"collection":[{"href":"https:\/\/www.pfarreiengemeinschaft-regenstauf.de\/index.php\/wp-json\/wp\/v2\/pages"}],"about":[{"href":"https:\/\/www.pfarreiengemeinschaft-regenstauf.de\/index.php\/wp-json\/wp\/v2\/types\/page"}],"author":[{"embeddable":true,"href":"https:\/\/www.pfarreiengemeinschaft-regenstauf.de\/index.php\/wp-json\/wp\/v2\/users\/2"}],"replies":[{"embeddable":true,"href":"https:\/\/www.pfarreiengemeinschaft-regenstauf.de\/index.php\/wp-json\/wp\/v2\/comments?post=565"}],"version-history":[{"count":3,"href":"https:\/\/www.pfarreiengemeinschaft-regenstauf.de\/index.php\/wp-json\/wp\/v2\/pages\/565\/revisions"}],"predecessor-version":[{"id":2239,"href":"https:\/\/www.pfarreiengemeinschaft-regenstauf.de\/index.php\/wp-json\/wp\/v2\/pages\/565\/revisions\/2239"}],"up":[{"embeddable":true,"href":"https:\/\/www.pfarreiengemeinschaft-regenstauf.de\/index.php\/wp-json\/wp\/v2\/pages\/369"}],"wp:attachment":[{"href":"https:\/\/www.pfarreiengemeinschaft-regenstauf.de\/index.php\/wp-json\/wp\/v2\/media?parent=565"}],"curies":[{"name":"wp","href":"https:\/\/api.w.org\/{rel}","templated":true}]}}