{"id":554,"date":"2017-05-28T21:03:09","date_gmt":"2017-05-28T19:03:09","guid":{"rendered":"https:\/\/www.pfarreiengemeinschaft-regenstauf.de\/?page_id=554"},"modified":"2023-01-19T16:34:03","modified_gmt":"2023-01-19T15:34:03","slug":"kinderchor-ii","status":"publish","type":"page","link":"https:\/\/www.pfarreiengemeinschaft-regenstauf.de\/index.php\/unsere-pfarreien\/st-jakobus-regenstauf\/arbeitskreise-der-pfarrei\/kirchenmusik\/kinderchor-ii\/","title":{"rendered":"Kinderchor II"},"content":{"rendered":"<p>Im Kinderchor II singen \u00fcberwiegend Grundschulkinder.<\/p>\n<p><b>Altersstufe<\/b><br \/>\nZweite bis f\u00fcnfte Klasse (7-11 Jahre)<\/p>\n<p><b>Probetermin<\/b><br \/>\nW\u00e4hrend der Schulzeit immer am Donnerstag von 17.00 Uhr bis 17.45 Uhr<\/p>\n<p><b>Treffpunkt<\/b><br \/>\nAb 16.50 Uhr im Chorraum<\/p>\n<p><b>Probeort<\/b><br \/>\nChorraum im ersten Stock des Pfarrheims.<\/p>\n<p><b>Auftritte<\/b><\/p>\n<ul>\n<li style=\"margin-top: -1em;\">Regelm\u00e4\u00dfige Gestaltung von Gottesdiensten (Kindermette, Palmsonntag, Pfingsten)<\/li>\n<li>Veranstaltung von Konzerten und Singspielen<\/li>\n<li>Teilnahme an Chortreffen<\/li>\n<\/ul>\n<p><b>Lernziele<\/b><\/p>\n<ul>\n<li style=\"margin-top: -1em;\">Gemeinsames (auch mehrstimmiges) Singen in der Gruppe<\/li>\n<li>Solistisches Singen vor der Gruppe und bei Gottesdiensten<\/li>\n<li>Singen in verschiedenen Sprachen (Deutsch, Latein, Englisch)<\/li>\n<li>Kennenlernen der verschiedenen Musikstile (Klassik, Moderne)<\/li>\n<\/ul>\n<p><b>Sonstiges<\/b><br \/>\nMitglied im Chorverband \u201ePueri Cantores\u201c<\/p>\n<p><b>Chorkleidung<\/b><br \/>\nJedes Chormitglied bekommt einen Chorpulli und\/oder ein T-Shirt f\u00fcr eine Kaution von jeweils 10 Euro. Die Chorkleidung kann jederzeit getauscht oder zur\u00fcckgegeben werden.<\/p>\n<p><b>Verantwortlich im Chor<\/b><br \/>\nGitarre: Alexander Deml<br \/>\nChorsprecher: Sabine Pausch<br \/>\nNotenwart: Sina Islinger und Bastian Dengler<br \/>\nLeitung: Andreas Dengler<\/p>\n<p><b>Kontakt<\/b><br \/>\nE-Mail: kimudengler@web.de<br \/>\nTelefon: 09402\/9186<\/p>\n","protected":false},"excerpt":{"rendered":"<p>Im Kinderchor II singen \u00fcberwiegend Grundschulkinder. Altersstufe Zweite bis f\u00fcnfte Klasse (7-11 Jahre) Probetermin W\u00e4hrend der Schulzeit immer am Donnerstag von 17.00 Uhr bis 17.45 Uhr Treffpunkt Ab 16.50 Uhr im Chorraum Probeort Chorraum im ersten Stock des Pfarrheims. Auftritte Regelm\u00e4\u00dfige Gestaltung von Gottesdiensten (Kindermette, Palmsonntag, Pfingsten) Veranstaltung von Konzerten und Singspielen Teilnahme an Chortreffen &hellip; <\/p>\n<p class=\"link-more\"><a href=\"https:\/\/www.pfarreiengemeinschaft-regenstauf.de\/index.php\/unsere-pfarreien\/st-jakobus-regenstauf\/arbeitskreise-der-pfarrei\/kirchenmusik\/kinderchor-ii\/\" class=\"more-link\"><span class=\"screen-reader-text\">\u201eKinderchor II\u201c<\/span> weiterlesen<\/a><\/p>\n","protected":false},"author":2,"featured_media":0,"parent":369,"menu_order":2614,"comment_status":"closed","ping_status":"closed","template":"","meta":{"footnotes":""},"class_list":["post-554","page","type-page","status-publish","hentry"],"_links":{"self":[{"href":"https:\/\/www.pfarreiengemeinschaft-regenstauf.de\/index.php\/wp-json\/wp\/v2\/pages\/554","targetHints":{"allow":["GET"]}}],"collection":[{"href":"https:\/\/www.pfarreiengemeinschaft-regenstauf.de\/index.php\/wp-json\/wp\/v2\/pages"}],"about":[{"href":"https:\/\/www.pfarreiengemeinschaft-regenstauf.de\/index.php\/wp-json\/wp\/v2\/types\/page"}],"author":[{"embeddable":true,"href":"https:\/\/www.pfarreiengemeinschaft-regenstauf.de\/index.php\/wp-json\/wp\/v2\/users\/2"}],"replies":[{"embeddable":true,"href":"https:\/\/www.pfarreiengemeinschaft-regenstauf.de\/index.php\/wp-json\/wp\/v2\/comments?post=554"}],"version-history":[{"count":3,"href":"https:\/\/www.pfarreiengemeinschaft-regenstauf.de\/index.php\/wp-json\/wp\/v2\/pages\/554\/revisions"}],"predecessor-version":[{"id":2234,"href":"https:\/\/www.pfarreiengemeinschaft-regenstauf.de\/index.php\/wp-json\/wp\/v2\/pages\/554\/revisions\/2234"}],"up":[{"embeddable":true,"href":"https:\/\/www.pfarreiengemeinschaft-regenstauf.de\/index.php\/wp-json\/wp\/v2\/pages\/369"}],"wp:attachment":[{"href":"https:\/\/www.pfarreiengemeinschaft-regenstauf.de\/index.php\/wp-json\/wp\/v2\/media?parent=554"}],"curies":[{"name":"wp","href":"https:\/\/api.w.org\/{rel}","templated":true}]}}