{"id":541,"date":"2017-05-26T16:33:10","date_gmt":"2017-05-26T14:33:10","guid":{"rendered":"https:\/\/www.pfarreiengemeinschaft-regenstauf.de\/?page_id=541"},"modified":"2023-01-19T16:33:49","modified_gmt":"2023-01-19T15:33:49","slug":"kinderchor-i","status":"publish","type":"page","link":"https:\/\/www.pfarreiengemeinschaft-regenstauf.de\/index.php\/unsere-pfarreien\/st-jakobus-regenstauf\/arbeitskreise-der-pfarrei\/kirchenmusik\/kinderchor-i\/","title":{"rendered":"Kinderchor I"},"content":{"rendered":"<p>Im Kinderchor I singen die j\u00fcngsten S\u00e4ngerinnen und S\u00e4nger.<\/p>\n<p><b>Altersstufe<\/b><br \/>3 Jahre bis 6 Jahre (Kindergarten bis erste Klasse)<\/p>\n<p><b>Probetermin<\/b><br \/>W\u00e4hrend der Schulzeit immer am Donnerstag von 16.00 Uhr bis 16.30 Uhr<\/p>\n<p><b>Treffpunkt<\/b><br \/>Vor dem Pfarrheim St. Jakobus Regenstauf.<\/p>\n<p><b>Probeort<\/b><br \/>Chorraum im ersten Stock des Pfarrheims.<\/p>\n<p><b>Auftritte<\/b><\/p>\n<ul>\n<li style=\"margin-top: -1em;\">Musikalische Gestaltung von Gottesdiensten (Kindermette, Palmsonntag) ca. drei Mal im Jahr<\/li>\n<li>Teilnahme an Konzerten und Musicals zusammen mit dem Kindergarten Arche Noah<\/li>\n<\/ul>\n<p><b>Lernziele<\/b><\/p>\n<ul>\n<li style=\"margin-top: -1em;\">Gemeinsames (gleichzeitiges) Singen in der Gruppe<\/li>\n<li>Solistisches Singen vor der Gruppe<\/li>\n<li>F\u00f6rderung der Konzentrationsf\u00e4higkeit<\/li>\n<li>Singen altersgerechter Lieder mit Gesten<\/li>\n<\/ul>\n<p><b>Sonstiges<\/b><br \/>Mitglied im Chorverband \u201ePueri Cantores\u201c<\/p>\n<p><b>Chorkleidung<\/b><br \/>Jedes Chormitglied bekommt einen Chorpulli und\/oder ein T-Shirt f\u00fcr eine Kaution von jeweils 10 Euro. Die Chorkleidung kann jederzeit getauscht oder zur\u00fcckgegeben werden.<\/p>\n<p><b>Besonderheiten<\/b><br \/>Mitglied kann jedes Kind ab drei werden, das keine Windel mehr braucht.<br \/>In der Eingew\u00f6hnungsphase darf ein Erziehungsberechtigter\/Oma\/Opa oder ein naher Verwandter (auch gro\u00dfe Geschwister) den neuen S\u00e4nger begleiten.<\/p>\n<p><b>Verantwortlich im Chor<\/b><br \/>Klavier: Monika Gress<br \/>Chorsprecher: Lilia Kirschmann<br \/>Leitung: Andreas Dengler<\/p>\n<p><b>Kontakt<\/b><br \/>E-Mail: kimudengler@web.de<br \/>Telefon: 09402\/9186<\/p>\n\n\n<p><\/p>\n","protected":false},"excerpt":{"rendered":"<p>Im Kinderchor I singen die j\u00fcngsten S\u00e4ngerinnen und S\u00e4nger. Altersstufe3 Jahre bis 6 Jahre (Kindergarten bis erste Klasse) ProbeterminW\u00e4hrend der Schulzeit immer am Donnerstag von 16.00 Uhr bis 16.30 Uhr TreffpunktVor dem Pfarrheim St. Jakobus Regenstauf. ProbeortChorraum im ersten Stock des Pfarrheims. Auftritte Musikalische Gestaltung von Gottesdiensten (Kindermette, Palmsonntag) ca. drei Mal im Jahr Teilnahme &hellip; <\/p>\n<p class=\"link-more\"><a href=\"https:\/\/www.pfarreiengemeinschaft-regenstauf.de\/index.php\/unsere-pfarreien\/st-jakobus-regenstauf\/arbeitskreise-der-pfarrei\/kirchenmusik\/kinderchor-i\/\" class=\"more-link\"><span class=\"screen-reader-text\">\u201eKinderchor I\u201c<\/span> weiterlesen<\/a><\/p>\n","protected":false},"author":2,"featured_media":0,"parent":369,"menu_order":2612,"comment_status":"closed","ping_status":"closed","template":"","meta":{"footnotes":""},"class_list":["post-541","page","type-page","status-publish","hentry"],"_links":{"self":[{"href":"https:\/\/www.pfarreiengemeinschaft-regenstauf.de\/index.php\/wp-json\/wp\/v2\/pages\/541","targetHints":{"allow":["GET"]}}],"collection":[{"href":"https:\/\/www.pfarreiengemeinschaft-regenstauf.de\/index.php\/wp-json\/wp\/v2\/pages"}],"about":[{"href":"https:\/\/www.pfarreiengemeinschaft-regenstauf.de\/index.php\/wp-json\/wp\/v2\/types\/page"}],"author":[{"embeddable":true,"href":"https:\/\/www.pfarreiengemeinschaft-regenstauf.de\/index.php\/wp-json\/wp\/v2\/users\/2"}],"replies":[{"embeddable":true,"href":"https:\/\/www.pfarreiengemeinschaft-regenstauf.de\/index.php\/wp-json\/wp\/v2\/comments?post=541"}],"version-history":[{"count":16,"href":"https:\/\/www.pfarreiengemeinschaft-regenstauf.de\/index.php\/wp-json\/wp\/v2\/pages\/541\/revisions"}],"predecessor-version":[{"id":2291,"href":"https:\/\/www.pfarreiengemeinschaft-regenstauf.de\/index.php\/wp-json\/wp\/v2\/pages\/541\/revisions\/2291"}],"up":[{"embeddable":true,"href":"https:\/\/www.pfarreiengemeinschaft-regenstauf.de\/index.php\/wp-json\/wp\/v2\/pages\/369"}],"wp:attachment":[{"href":"https:\/\/www.pfarreiengemeinschaft-regenstauf.de\/index.php\/wp-json\/wp\/v2\/media?parent=541"}],"curies":[{"name":"wp","href":"https:\/\/api.w.org\/{rel}","templated":true}]}}