{"id":369,"date":"2017-05-18T20:23:01","date_gmt":"2017-05-18T18:23:01","guid":{"rendered":"https:\/\/www.pfarreiengemeinschaft-regenstauf.de\/?page_id=369"},"modified":"2023-01-19T16:33:17","modified_gmt":"2023-01-19T15:33:17","slug":"kirchenmusik","status":"publish","type":"page","link":"https:\/\/www.pfarreiengemeinschaft-regenstauf.de\/index.php\/unsere-pfarreien\/st-jakobus-regenstauf\/arbeitskreise-der-pfarrei\/kirchenmusik\/","title":{"rendered":"Kirchenmusik"},"content":{"rendered":"\n<p><img decoding=\"async\" src=\"https:\/\/www.pfarreiengemeinschaft-regenstauf.de\/wp-content\/uploads\/2021\/07\/KiMu-Logo-2021-07-01.jpg\" <=\"\" p=\"\">\n<\/p><p>Kirchenmusik hat bereits eine sehr lange Tradition in der Pfarrei St. Jakobus. Viele Ehrenamtliche hatten sich in der Vergangenheit eingesetzt und so die Gottesdienste und Andachten feierlicher gestaltet. Ein gro\u00dfer Schritt war die Einstellung eines hauptamtlichen Kirchenmusikers und so finden Sie <span style=\"color: #0000ff;\"><a href=\"https:\/\/www.pfarreiengemeinschaft-regenstauf.de\/index.php\/gemeinsamkeit-erleben\/arbeitskreise-der-pfarrei\/kirchenmusik\/geschichte-der-kirchenmusik\/\"><span style=\"color: #0000ff;\">hier<\/span><\/a><\/span> einen kurzen Abriss der <span style=\"color: #0000ff;\"><a href=\"https:\/\/www.pfarreiengemeinschaft-regenstauf.de\/index.php\/gemeinsamkeit-erleben\/arbeitskreise-der-pfarrei\/kirchenmusik\/geschichte-der-kirchenmusik\/\"><span style=\"color: #0000ff;\">Geschichte unserer Kirchenmusik<\/span><\/a><\/span> seit 1996.\n<\/p><p>Im Folgenden finden Sie einen \u00dcberblick und viele Informationen \u00fcber die verschiedenen Gruppen der Pfarrei. Insgesamt singen und spielen in den verschiedenen Ch\u00f6ren und Gruppen zur Zeit ca. 200 Personen. (Alle Ch\u00f6re proben \u00fcbrigens im Pfarrheim; dieses liegt gegen\u00fcber der Kirche.)<\/p>\n<p>Das Grundprinzip der Abteilung Kirchenmusik ist, dass sich jeder, der gerne singt, in einer Gruppe wiederfinden kann. Au\u00dferdem gibt es immer die M\u00f6glichkeit altersbedingt von einem Chor in den n\u00e4chsten zu wechseln und sich so je nach Alter in einer angemessenen Gruppe wiederzufinden.<\/p>\n<p>Eine ganz besondere Sparte entstand mit den Bands. Wir verf\u00fcgen \u00fcber gleich drei Ensembles dieser Sorte.<\/p>\n<p><\/p>\n<p>Wenn Du\/Sie Lust hast\/haben bei uns mitzumachen dann kommt einfach vorbei. \u00dcber E-Mail oder Telefon bin ich als der <strong>Verantwortliche f\u00fcr Kirchenmusik<\/strong> gerne bereit weitere Informationen zu geben:<\/p>\n<p>Kirchenmusiker Andreas Dengler<br>Tel.: 09402\/9186<\/p>\n<p>Anschrift:<br>Pfarrei St. Jakobus<br>Kirchplatz 8<br>Abteilung Kirchenmusik<br>93128 Regenstauf<br>eMail: <span style=\"color: #0000ff;\"><a style=\"color: #0000ff;\" href=\"mailto:KimuDengler@web.de\">KimuDengler@web.de<\/a><\/span><\/p>\n<hr>\n<p>Folgende Gruppierungen werden derzeit von unserem Kirchenmusiker geleitet:<\/p>\n<p><strong>Ch\u00f6re<\/strong><br><span style=\"color: #0000ff;\"><a style=\"color: #0000ff;\" href=\"https:\/\/www.pfarreiengemeinschaft-regenstauf.de\/index.php\/gemeinsamkeit-erleben\/arbeitskreise-der-pfarrei\/kirchenmusik\/kinderchor-i\">Kinderchor I<\/a><\/span><br><span style=\"color: #0000ff;\"><a style=\"color: #0000ff;\" href=\"https:\/\/www.pfarreiengemeinschaft-regenstauf.de\/index.php\/kinderchor-ii\/\">Kinderchor II<\/a><\/span><br><span style=\"color: #0000ff;\"><a style=\"color: #0000ff;\" href=\"https:\/\/www.pfarreiengemeinschaft-regenstauf.de\/index.php\/jugendchor\/\">Jugendchor<\/a><\/span><br>\n<span style=\"color: #0000ff;\"><a style=\"color: #0000ff;\" href=\"https:\/\/www.pfarreiengemeinschaft-regenstauf.de\/index.php\/kirchenchor\/\">Kirchenchor<\/a><\/span><br>\n<span style=\"color: #0000ff;\"><a style=\"color: #0000ff;\" href=\"https:\/\/www.pfarreiengemeinschaft-regenstauf.de\/index.php\/spirit\/\">Spirit<\/a><\/span><br>\n<\/p><p>Neben diesen Ch\u00f6ren, die ja nach Alter f\u00fcr alle Sangeswilligen offen sind, gibt es noch Gruppen, die gewisse Voraussetzungen fordern. Entweder man gelangt durch eine Aufnahmepr\u00fcfung in die Gruppe oder man verf\u00fcgt \u00fcber eine spezielle musikalische Begabung.<br>\nDer Auswahlchor \u201eShells\u201c, die Band \u201eMAKABER\u201c und die beiden Nachwuchsbands geh\u00f6ren in diese Kategorie.<\/p>\n<span style=\"color: #0000ff;\"><a style=\"color: #0000ff;\" href=\"https:\/\/www.pfarreiengemeinschaft-regenstauf.de\/index.php\/shells\/\">Shells<\/a><\/span><br><p><\/p>\n<p><strong>Bands<\/strong><br><span style=\"color: #0000ff;\"><a style=\"color: #0000ff;\" href=\"https:\/\/www.pfarreiengemeinschaft-regenstauf.de\/index.php\/makaber\/\">MAKABER<\/a><\/span><br><span style=\"color: #0000ff;\"><a style=\"color: #0000ff;\" href=\"https:\/\/www.pfarreiengemeinschaft-regenstauf.de\/index.php\/future-i\/\">Nachwuchsband Future<\/a><\/span><br><span style=\"color: #0000ff;\"><a style=\"color: #0000ff;\" href=\"https:\/\/www.pfarreiengemeinschaft-regenstauf.de\/index.php\/nachwuchsband-future-ii\/\">Nachwuchsband Minifuture<\/a><\/span><\/p><br>Im <span style=\"color: #0000ff;\"><a href=\"https:\/\/www.pfarreiengemeinschaft-regenstauf.de\/index.php\/gemeinsamkeit-erleben\/arbeitskreise-der-pfarrei\/kirchenmusik\/struktur-der-kirchenmusik-in-st-jakobus\/\"><span style=\"color: #0000ff;\">Strukturbaum<\/span><\/a><\/span> finden Sie unsere kirchenmusikalischen Gruppen im \u00dcberblick dargestellt.<br><br>\n<p>Nachstehend kann das aktuelle Chorblatt heruntergeladen werden.<\/p>\n<p><span style=\"color: #0000ff;\"><a style=\"color: #0000ff;\" href=\"https:\/\/www.pfarreiengemeinschaft-regenstauf.de\/downloads\/medien\/chorblatt.PDF\">Chorblatt<\/a><\/span><\/p>\n\n\n\n<p><\/p>\n","protected":false},"excerpt":{"rendered":"","protected":false},"author":2,"featured_media":0,"parent":321,"menu_order":2610,"comment_status":"closed","ping_status":"closed","template":"","meta":{"footnotes":""},"class_list":["post-369","page","type-page","status-publish","hentry"],"_links":{"self":[{"href":"https:\/\/www.pfarreiengemeinschaft-regenstauf.de\/index.php\/wp-json\/wp\/v2\/pages\/369","targetHints":{"allow":["GET"]}}],"collection":[{"href":"https:\/\/www.pfarreiengemeinschaft-regenstauf.de\/index.php\/wp-json\/wp\/v2\/pages"}],"about":[{"href":"https:\/\/www.pfarreiengemeinschaft-regenstauf.de\/index.php\/wp-json\/wp\/v2\/types\/page"}],"author":[{"embeddable":true,"href":"https:\/\/www.pfarreiengemeinschaft-regenstauf.de\/index.php\/wp-json\/wp\/v2\/users\/2"}],"replies":[{"embeddable":true,"href":"https:\/\/www.pfarreiengemeinschaft-regenstauf.de\/index.php\/wp-json\/wp\/v2\/comments?post=369"}],"version-history":[{"count":49,"href":"https:\/\/www.pfarreiengemeinschaft-regenstauf.de\/index.php\/wp-json\/wp\/v2\/pages\/369\/revisions"}],"predecessor-version":[{"id":2407,"href":"https:\/\/www.pfarreiengemeinschaft-regenstauf.de\/index.php\/wp-json\/wp\/v2\/pages\/369\/revisions\/2407"}],"up":[{"embeddable":true,"href":"https:\/\/www.pfarreiengemeinschaft-regenstauf.de\/index.php\/wp-json\/wp\/v2\/pages\/321"}],"wp:attachment":[{"href":"https:\/\/www.pfarreiengemeinschaft-regenstauf.de\/index.php\/wp-json\/wp\/v2\/media?parent=369"}],"curies":[{"name":"wp","href":"https:\/\/api.w.org\/{rel}","templated":true}]}}