{"id":367,"date":"2017-05-18T20:20:54","date_gmt":"2017-05-18T18:20:54","guid":{"rendered":"https:\/\/www.pfarreiengemeinschaft-regenstauf.de\/?page_id=367"},"modified":"2023-01-19T16:32:47","modified_gmt":"2023-01-19T15:32:47","slug":"jugend","status":"publish","type":"page","link":"https:\/\/www.pfarreiengemeinschaft-regenstauf.de\/index.php\/unsere-pfarreien\/st-jakobus-regenstauf\/arbeitskreise-der-pfarrei\/jugend\/","title":{"rendered":"Kinder und Jugend"},"content":{"rendered":"<p><strong>Kinder- &amp; Jugendarbeit<\/strong><\/p>\n<p><strong>Ansprechpartner:<\/strong> Gemeindereferentin Monika Ostermeier, Tel. 09402\/780840<\/p>\n<ul>\n<li>Gruppenarbeit f\u00fcr M\u00e4dchen und Buben ab der 4. Klasse<\/li>\n<li>Fr\u00fchschichten, Nacht der Lichter, Friedenslicht von Betlehem, \u00d6kumenischer Jugendkreuzweg, usw.<\/li>\n<li>Kinderbibelwochenende<\/li>\n<li>Fahrten und Ausfl\u00fcge<\/li>\n<\/ul>\n<hr \/>\n<p><strong>Jugendtreff ab 14 Jahren<\/strong><\/p>\n<p><strong>Ansprechpartner:<\/strong> Monika Ostermeier<\/p>\n<p>Der Jugendtreff findet in unregelm\u00e4\u00dfigen Abst\u00e4nden freitags im Jugendraum statt. Beginn ist um 20.00 Uhr. Alle Jugendlichen sind herzlich willkommen!<\/p>\n","protected":false},"excerpt":{"rendered":"<p>Kinder- &amp; Jugendarbeit Ansprechpartner: Gemeindereferentin Monika Ostermeier, Tel. 09402\/780840 Gruppenarbeit f\u00fcr M\u00e4dchen und Buben ab der 4. Klasse Fr\u00fchschichten, Nacht der Lichter, Friedenslicht von Betlehem, \u00d6kumenischer Jugendkreuzweg, usw. Kinderbibelwochenende Fahrten und Ausfl\u00fcge Jugendtreff ab 14 Jahren Ansprechpartner: Monika Ostermeier Der Jugendtreff findet in unregelm\u00e4\u00dfigen Abst\u00e4nden freitags im Jugendraum statt. Beginn ist um 20.00 Uhr. Alle &hellip; <\/p>\n<p class=\"link-more\"><a href=\"https:\/\/www.pfarreiengemeinschaft-regenstauf.de\/index.php\/unsere-pfarreien\/st-jakobus-regenstauf\/arbeitskreise-der-pfarrei\/jugend\/\" class=\"more-link\"><span class=\"screen-reader-text\">\u201eKinder und Jugend\u201c<\/span> weiterlesen<\/a><\/p>\n","protected":false},"author":2,"featured_media":0,"parent":321,"menu_order":2600,"comment_status":"closed","ping_status":"closed","template":"","meta":{"footnotes":""},"class_list":["post-367","page","type-page","status-publish","hentry"],"_links":{"self":[{"href":"https:\/\/www.pfarreiengemeinschaft-regenstauf.de\/index.php\/wp-json\/wp\/v2\/pages\/367","targetHints":{"allow":["GET"]}}],"collection":[{"href":"https:\/\/www.pfarreiengemeinschaft-regenstauf.de\/index.php\/wp-json\/wp\/v2\/pages"}],"about":[{"href":"https:\/\/www.pfarreiengemeinschaft-regenstauf.de\/index.php\/wp-json\/wp\/v2\/types\/page"}],"author":[{"embeddable":true,"href":"https:\/\/www.pfarreiengemeinschaft-regenstauf.de\/index.php\/wp-json\/wp\/v2\/users\/2"}],"replies":[{"embeddable":true,"href":"https:\/\/www.pfarreiengemeinschaft-regenstauf.de\/index.php\/wp-json\/wp\/v2\/comments?post=367"}],"version-history":[{"count":4,"href":"https:\/\/www.pfarreiengemeinschaft-regenstauf.de\/index.php\/wp-json\/wp\/v2\/pages\/367\/revisions"}],"predecessor-version":[{"id":2990,"href":"https:\/\/www.pfarreiengemeinschaft-regenstauf.de\/index.php\/wp-json\/wp\/v2\/pages\/367\/revisions\/2990"}],"up":[{"embeddable":true,"href":"https:\/\/www.pfarreiengemeinschaft-regenstauf.de\/index.php\/wp-json\/wp\/v2\/pages\/321"}],"wp:attachment":[{"href":"https:\/\/www.pfarreiengemeinschaft-regenstauf.de\/index.php\/wp-json\/wp\/v2\/media?parent=367"}],"curies":[{"name":"wp","href":"https:\/\/api.w.org\/{rel}","templated":true}]}}