{"id":36,"date":"2017-04-20T19:01:39","date_gmt":"2017-04-20T17:01:39","guid":{"rendered":"https:\/\/www.pfarreiengemeinschaft-regenstauf.de\/?page_id=36"},"modified":"2023-02-05T13:18:48","modified_gmt":"2023-02-05T12:18:48","slug":"einrichtungen","status":"publish","type":"page","link":"https:\/\/www.pfarreiengemeinschaft-regenstauf.de\/index.php\/einrichtungen\/","title":{"rendered":"Einrichtungen"},"content":{"rendered":"<p>Folgende Einrichtungen werden von der Pfarrei St. Jakobus (mit) getragen:<br \/>\n<span style=\"color: #0000ff;\"><a style=\"color: #0000ff;\" href=\"https:\/\/www.pfarreiengemeinschaft-regenstauf.de\/index.php\/einrichtungen\/ambulante-alten-und-krankenpflegestation\/\">Ambulante Alten- und Krankenpflegestation<\/a><\/span><br \/>\n<span style=\"color: #0000ff;\"><a style=\"color: #0000ff;\" href=\"https:\/\/www.pfarreiengemeinschaft-regenstauf.de\/index.php\/einrichtungen\/katholischer-kindergarten-arche-noah\/\">Kindergarten &#8222;Arche Noah&#8220;<\/a><\/span><br \/>\n<span style=\"color: #0000ff;\"><a style=\"color: #0000ff;\" href=\"https:\/\/www.pfarreiengemeinschaft-regenstauf.de\/index.php\/einrichtungen\/thomas-wiser-haus\/\">Thomas-Wiser-Haus<\/a><\/span><br \/>\nDie bisherige <span style=\"color: #0000ff;\"><a style=\"color: #0000ff;\" href=\"https:\/\/www.regenstauf.de\/leben-in-regenstauf\/kinderbetreuung-und-bildung\/marktbuecherei\">Marktb\u00fccherei<\/a><\/span> ist seit April 2019 eine Einrichtung des Marktes Regenstauf. Trotzdem finden Sie unter diesem Link bis auf weiteres die gewohnten Angaben.<\/p>\n<p>Daneben gibt es als Einrichtung noch die Katholischen \u00f6ffentlichen B\u00fcchereien <a href=\"https:\/\/www.pfarreiengemeinschaft-regenstauf.de\/index.php\/einrichtungen\/katholische-buecherei-kirchberg\/\"><span style=\"color: #0000ff;\">Kirchberg (von Mari\u00e4 Himmelfahrt getragen<\/span>)<\/a> und <span style=\"color: #0000ff;\"><a style=\"color: #0000ff;\" href=\"https:\/\/www.pfarreiengemeinschaft-regenstauf.de\/index.php\/einrichtungen\/katholische-buecherei-ramspau\/\">Ramspau (von St. Laurentius getragen)<\/a><\/span>.<\/p>\n","protected":false},"excerpt":{"rendered":"<p>Folgende Einrichtungen werden von der Pfarrei St. Jakobus (mit) getragen: Ambulante Alten- und Krankenpflegestation Kindergarten &#8222;Arche Noah&#8220; Thomas-Wiser-Haus Die bisherige Marktb\u00fccherei ist seit April 2019 eine Einrichtung des Marktes Regenstauf. Trotzdem finden Sie unter diesem Link bis auf weiteres die gewohnten Angaben. Daneben gibt es als Einrichtung noch die Katholischen \u00f6ffentlichen B\u00fcchereien Kirchberg (von Mari\u00e4 &hellip; <\/p>\n<p class=\"link-more\"><a href=\"https:\/\/www.pfarreiengemeinschaft-regenstauf.de\/index.php\/einrichtungen\/\" class=\"more-link\"><span class=\"screen-reader-text\">\u201eEinrichtungen\u201c<\/span> weiterlesen<\/a><\/p>\n","protected":false},"author":1,"featured_media":0,"parent":0,"menu_order":9000,"comment_status":"closed","ping_status":"closed","template":"","meta":{"footnotes":""},"class_list":["post-36","page","type-page","status-publish","hentry"],"_links":{"self":[{"href":"https:\/\/www.pfarreiengemeinschaft-regenstauf.de\/index.php\/wp-json\/wp\/v2\/pages\/36","targetHints":{"allow":["GET"]}}],"collection":[{"href":"https:\/\/www.pfarreiengemeinschaft-regenstauf.de\/index.php\/wp-json\/wp\/v2\/pages"}],"about":[{"href":"https:\/\/www.pfarreiengemeinschaft-regenstauf.de\/index.php\/wp-json\/wp\/v2\/types\/page"}],"author":[{"embeddable":true,"href":"https:\/\/www.pfarreiengemeinschaft-regenstauf.de\/index.php\/wp-json\/wp\/v2\/users\/1"}],"replies":[{"embeddable":true,"href":"https:\/\/www.pfarreiengemeinschaft-regenstauf.de\/index.php\/wp-json\/wp\/v2\/comments?post=36"}],"version-history":[{"count":14,"href":"https:\/\/www.pfarreiengemeinschaft-regenstauf.de\/index.php\/wp-json\/wp\/v2\/pages\/36\/revisions"}],"predecessor-version":[{"id":3192,"href":"https:\/\/www.pfarreiengemeinschaft-regenstauf.de\/index.php\/wp-json\/wp\/v2\/pages\/36\/revisions\/3192"}],"wp:attachment":[{"href":"https:\/\/www.pfarreiengemeinschaft-regenstauf.de\/index.php\/wp-json\/wp\/v2\/media?parent=36"}],"curies":[{"name":"wp","href":"https:\/\/api.w.org\/{rel}","templated":true}]}}