{"id":353,"date":"2017-05-18T20:09:56","date_gmt":"2017-05-18T18:09:56","guid":{"rendered":"https:\/\/www.pfarreiengemeinschaft-regenstauf.de\/?page_id=353"},"modified":"2023-01-28T12:31:44","modified_gmt":"2023-01-28T11:31:44","slug":"marianische-maennerkongregation","status":"publish","type":"page","link":"https:\/\/www.pfarreiengemeinschaft-regenstauf.de\/index.php\/unsere-pfarreien\/st-jakobus-regenstauf\/vereine-und-verbaende\/marianische-maennerkongregation\/","title":{"rendered":"Marianische M\u00e4nnerkongregation"},"content":{"rendered":"<p>Eine Marianische Kongregation (MC) wurde bereits im Jahre 1563 durch den Jesuitenpater Jean Leunis SJ gegr\u00fcndet.<br \/>\nPapst Benedikt XIV. gab wichtige Impulse zur Marienverehrung. Diese wurden zur weiteren Richtschnur auch der Vorstellungen der Marianischen M\u00e4nnerkongregation (MMC).<\/p>\n<p>Unsere Mitglieder nennen sich Sodalen (lat. sodalitas = Kameradschaft): Wir f\u00fchlen uns solidarisch mit der katholischen Kirche und wollen uns f\u00fcr das Heil &#8211; das eigene und das unserer Mitmenschen &#8211; im Sinne Marias, der Mutter aller Gl\u00e4ubigen einsetzen: Mit der Aufnahme in die MMC weiht sich jeder Sodale der Gottesmutter Maria.<\/p>\n<p>Auch in der Pfarrei St. Jakobus, Regenstauf ist eine MMC organisiert.<\/p>\n<p><strong>Obmann:<\/strong> Bernhard Pazulla, Tel. 09402\/6320<\/p>\n","protected":false},"excerpt":{"rendered":"<p>Eine Marianische Kongregation (MC) wurde bereits im Jahre 1563 durch den Jesuitenpater Jean Leunis SJ gegr\u00fcndet. Papst Benedikt XIV. gab wichtige Impulse zur Marienverehrung. Diese wurden zur weiteren Richtschnur auch der Vorstellungen der Marianischen M\u00e4nnerkongregation (MMC). Unsere Mitglieder nennen sich Sodalen (lat. sodalitas = Kameradschaft): Wir f\u00fchlen uns solidarisch mit der katholischen Kirche und wollen &hellip; <\/p>\n<p class=\"link-more\"><a href=\"https:\/\/www.pfarreiengemeinschaft-regenstauf.de\/index.php\/unsere-pfarreien\/st-jakobus-regenstauf\/vereine-und-verbaende\/marianische-maennerkongregation\/\" class=\"more-link\"><span class=\"screen-reader-text\">\u201eMarianische M\u00e4nnerkongregation\u201c<\/span> weiterlesen<\/a><\/p>\n","protected":false},"author":2,"featured_media":0,"parent":319,"menu_order":2410,"comment_status":"closed","ping_status":"closed","template":"","meta":{"footnotes":""},"class_list":["post-353","page","type-page","status-publish","hentry"],"_links":{"self":[{"href":"https:\/\/www.pfarreiengemeinschaft-regenstauf.de\/index.php\/wp-json\/wp\/v2\/pages\/353","targetHints":{"allow":["GET"]}}],"collection":[{"href":"https:\/\/www.pfarreiengemeinschaft-regenstauf.de\/index.php\/wp-json\/wp\/v2\/pages"}],"about":[{"href":"https:\/\/www.pfarreiengemeinschaft-regenstauf.de\/index.php\/wp-json\/wp\/v2\/types\/page"}],"author":[{"embeddable":true,"href":"https:\/\/www.pfarreiengemeinschaft-regenstauf.de\/index.php\/wp-json\/wp\/v2\/users\/2"}],"replies":[{"embeddable":true,"href":"https:\/\/www.pfarreiengemeinschaft-regenstauf.de\/index.php\/wp-json\/wp\/v2\/comments?post=353"}],"version-history":[{"count":7,"href":"https:\/\/www.pfarreiengemeinschaft-regenstauf.de\/index.php\/wp-json\/wp\/v2\/pages\/353\/revisions"}],"predecessor-version":[{"id":3078,"href":"https:\/\/www.pfarreiengemeinschaft-regenstauf.de\/index.php\/wp-json\/wp\/v2\/pages\/353\/revisions\/3078"}],"up":[{"embeddable":true,"href":"https:\/\/www.pfarreiengemeinschaft-regenstauf.de\/index.php\/wp-json\/wp\/v2\/pages\/319"}],"wp:attachment":[{"href":"https:\/\/www.pfarreiengemeinschaft-regenstauf.de\/index.php\/wp-json\/wp\/v2\/media?parent=353"}],"curies":[{"name":"wp","href":"https:\/\/api.w.org\/{rel}","templated":true}]}}