{"id":351,"date":"2017-05-18T20:09:18","date_gmt":"2017-05-18T18:09:18","guid":{"rendered":"https:\/\/www.pfarreiengemeinschaft-regenstauf.de\/?page_id=351"},"modified":"2024-03-04T17:32:29","modified_gmt":"2024-03-04T16:32:29","slug":"kolpingsfamilie","status":"publish","type":"page","link":"https:\/\/www.pfarreiengemeinschaft-regenstauf.de\/index.php\/unsere-pfarreien\/st-jakobus-regenstauf\/vereine-und-verbaende\/kolpingsfamilie\/","title":{"rendered":"Kolpingsfamilie"},"content":{"rendered":"<p><img loading=\"lazy\" decoding=\"async\" class=\"alignnone size-medium wp-image-678\" src=\"https:\/\/www.pfarreiengemeinschaft-regenstauf.de\/wp-content\/uploads\/2017\/05\/Kolpinglogo-300x43.jpg\" alt=\"\" width=\"300\" height=\"43\" srcset=\"https:\/\/www.pfarreiengemeinschaft-regenstauf.de\/wp-content\/uploads\/2017\/05\/Kolpinglogo-300x43.jpg 300w, https:\/\/www.pfarreiengemeinschaft-regenstauf.de\/wp-content\/uploads\/2017\/05\/Kolpinglogo.jpg 566w\" sizes=\"auto, (max-width: 300px) 100vw, 300px\" \/><\/p>\n<p>Was verfolgt Kolping f\u00fcr Ziele? Hierzu sei auf Homepage des Kolpingwerkes DV Regensburg verwiesen. Im Abschnitt &#8222;Kolping und sein Werk&#8220; sind die Ziele von Kolpingwerk (und damit aller Kolpingsfamilien) beschrieben; auch ein Kurzportr\u00e4t des Gr\u00fcndervaters Adolph Kolping kann hier nachgelesen werden und noch viele weitere Informationen:<\/p>\n<p><a href=\"https:\/\/www.kolping-regensburg.de\/\" target=\"_blank\" rel=\"noopener\"><span style=\"color: #0000ff;\">https:\/\/kolping-regensburg.de\/<\/span><\/a><\/p>\n<p>F\u00fcr die Kolpingsfamilie Regenstauf sind die Ansprechpartner<\/p>\n<p><strong>Pr\u00e4ses<\/strong> Pfarrer Christian Blank, Tel. 09402\/ 1268<br \/>\n<strong>1. Vorsitzender:<\/strong> Thomas Lemm, Tel. 09402\/7869624<\/p>\n<p>Wir treffen uns mehrere Male im Monat zu Vortr\u00e4gen oder gesellschaftlichen Zusammenk\u00fcnften; unsere Veranstaltungen werden \u00fcber die Tagespresse bekanntgegeben.<\/p>\n","protected":false},"excerpt":{"rendered":"<p>Was verfolgt Kolping f\u00fcr Ziele? Hierzu sei auf Homepage des Kolpingwerkes DV Regensburg verwiesen. Im Abschnitt &#8222;Kolping und sein Werk&#8220; sind die Ziele von Kolpingwerk (und damit aller Kolpingsfamilien) beschrieben; auch ein Kurzportr\u00e4t des Gr\u00fcndervaters Adolph Kolping kann hier nachgelesen werden und noch viele weitere Informationen: https:\/\/kolping-regensburg.de\/ F\u00fcr die Kolpingsfamilie Regenstauf sind die Ansprechpartner Pr\u00e4ses &hellip; <\/p>\n<p class=\"link-more\"><a href=\"https:\/\/www.pfarreiengemeinschaft-regenstauf.de\/index.php\/unsere-pfarreien\/st-jakobus-regenstauf\/vereine-und-verbaende\/kolpingsfamilie\/\" class=\"more-link\"><span class=\"screen-reader-text\">\u201eKolpingsfamilie\u201c<\/span> weiterlesen<\/a><\/p>\n","protected":false},"author":2,"featured_media":0,"parent":319,"menu_order":2390,"comment_status":"closed","ping_status":"closed","template":"","meta":{"footnotes":""},"class_list":["post-351","page","type-page","status-publish","hentry"],"_links":{"self":[{"href":"https:\/\/www.pfarreiengemeinschaft-regenstauf.de\/index.php\/wp-json\/wp\/v2\/pages\/351","targetHints":{"allow":["GET"]}}],"collection":[{"href":"https:\/\/www.pfarreiengemeinschaft-regenstauf.de\/index.php\/wp-json\/wp\/v2\/pages"}],"about":[{"href":"https:\/\/www.pfarreiengemeinschaft-regenstauf.de\/index.php\/wp-json\/wp\/v2\/types\/page"}],"author":[{"embeddable":true,"href":"https:\/\/www.pfarreiengemeinschaft-regenstauf.de\/index.php\/wp-json\/wp\/v2\/users\/2"}],"replies":[{"embeddable":true,"href":"https:\/\/www.pfarreiengemeinschaft-regenstauf.de\/index.php\/wp-json\/wp\/v2\/comments?post=351"}],"version-history":[{"count":11,"href":"https:\/\/www.pfarreiengemeinschaft-regenstauf.de\/index.php\/wp-json\/wp\/v2\/pages\/351\/revisions"}],"predecessor-version":[{"id":3730,"href":"https:\/\/www.pfarreiengemeinschaft-regenstauf.de\/index.php\/wp-json\/wp\/v2\/pages\/351\/revisions\/3730"}],"up":[{"embeddable":true,"href":"https:\/\/www.pfarreiengemeinschaft-regenstauf.de\/index.php\/wp-json\/wp\/v2\/pages\/319"}],"wp:attachment":[{"href":"https:\/\/www.pfarreiengemeinschaft-regenstauf.de\/index.php\/wp-json\/wp\/v2\/media?parent=351"}],"curies":[{"name":"wp","href":"https:\/\/api.w.org\/{rel}","templated":true}]}}