{"id":347,"date":"2017-05-18T20:07:56","date_gmt":"2017-05-18T18:07:56","guid":{"rendered":"https:\/\/www.pfarreiengemeinschaft-regenstauf.de\/?page_id=347"},"modified":"2024-08-01T12:09:21","modified_gmt":"2024-08-01T10:09:21","slug":"foerderverein-pfarrkirche-st-jakobus","status":"publish","type":"page","link":"https:\/\/www.pfarreiengemeinschaft-regenstauf.de\/index.php\/unsere-pfarreien\/st-jakobus-regenstauf\/vereine-und-verbaende\/foerderverein-pfarrkirche-st-jakobus\/","title":{"rendered":"F\u00f6rderverein Pfarrkirche St. Jakobus e.V."},"content":{"rendered":"<table>\n<tbody>\n<tr>\n<td width=\"160\" height=\"120\"><img decoding=\"async\" class=\"alignnone  wp-image-1215\" src=\"https:\/\/www.pfarreiengemeinschaft-regenstauf.de\/wp-content\/uploads\/2022\/07\/Foerderverein-Kirche-Bauzaunbanner-2022.jpg\" \/><\/td>\n<td width=\"70\" height=\"120\"><b>Aktuelle Aktion<\/b><br \/>\nUnterst\u00fctzen f\u00fcr den guten Zweck und werbewirksames Auftreten im Gesamtpaket:<br \/>\n<span style=\"font-size: large;\"><b>Bauzaun- \/Ger\u00fcstbanner-Aktion f\u00fcr Regenstaufer Firmen<\/b><\/span><br \/>\nKommen Sie gerne auf uns zu unter<br \/>\nTelefon: 09402 &#8211; 1268<br \/>\nE-Mail: regenstauf@bistum-regensburg.de<\/td>\n<\/tr>\n<\/tbody>\n<\/table>\n<p>Am 2. Mai 2017 wurde vor allem mit dem Ziel der Verbesserung des baulichen Zustands unserer Pfarrkirche der <em>F\u00f6rderverein Pfarrkirche St. Jakobus, Regenstauf e.V.<\/em> gegr\u00fcndet.<\/p>\n<p>Satzungsgem\u00e4\u00dfer &#8222;Zweck des Vereins ist die ideelle und finanzielle F\u00f6rderung kirchlicher Zwecke&#8220; (aus der Satzung). Dies soll insbesondere durch nachfolgende Ma\u00dfnahmen verwirklicht werden: In Zusammenarbeit mit der Katholischen Kirchenverwaltung sollen Mittel f\u00fcr den Erhalt der kirchlichen Geb\u00e4ude bereitgestellt werden.<\/p>\n<p>Der Verein ist f\u00fcr jegliche Unterst\u00fctzung, sei es aus Mitgliedsbeitr\u00e4gen, sei es durch Spenden, dankbar; durch die Gemeinn\u00fctzigkeit sind finanzielle Zuwendungen steuerlich absetzbar.<br \/>\nWenn Sie gerne spenden m\u00f6chten &#8211; hier ist unsere Bankverbindung:<\/p>\n<table>\n<tbody>\n<tr>\n<td><\/td>\n<td><strong>Raiffeisenbank Regenstauf eG<\/strong><\/td>\n<\/tr>\n<tr>\n<td>IBAN:<\/td>\n<td><strong>DE66 7506 1851 0007 0675 34<\/strong><\/td>\n<\/tr>\n<tr>\n<td>BIC:<\/td>\n<td>GENODEF1REF<\/td>\n<\/tr>\n<\/tbody>\n<\/table>\n<p>Noch Fragen? oder bereit, mitzumachen? Sprechen Sie unsere Vorstandschaft an.<\/p>\n<p>Die Mitglieder unserer Vorstandschaft finden Sie im Folgenden aufgelistet.<\/p>\n<table>\n<tbody>\n<tr>\n<td>1. Vorsitzender:<\/td>\n<td>Kurt Feistenauer<\/td>\n<\/tr>\n<tr>\n<td>2. Vorsitzender:<\/td>\n<td>Klaus Deml<\/td>\n<\/tr>\n<tr>\n<td>Kassiererin:<\/td>\n<td>Gisela Feistenauer<\/td>\n<\/tr>\n<tr>\n<td>Schriftf\u00fchrerin:<\/td>\n<td>Veronika Portele<\/td>\n<\/tr>\n<\/tbody>\n<\/table>\n<table>\n<tbody>\n<tr>\n<td valign=\"top\">Kassenpr\u00fcfer:<\/td>\n<td>Johannes Theisinger<br \/>\nJosef Angerer<\/td>\n<\/tr>\n<tr>\n<td valign=\"top\">Beisitzer:<\/td>\n<td>Josef Schindler<br \/>\nMartin Kowalli<br \/>\nHubert Geigl<br \/>\nJohann Auburger<\/td>\n<\/tr>\n<\/tbody>\n<\/table>\n","protected":false},"excerpt":{"rendered":"<p>Aktuelle Aktion Unterst\u00fctzen f\u00fcr den guten Zweck und werbewirksames Auftreten im Gesamtpaket: Bauzaun- \/Ger\u00fcstbanner-Aktion f\u00fcr Regenstaufer Firmen Kommen Sie gerne auf uns zu unter Telefon: 09402 &#8211; 1268 E-Mail: regenstauf@bistum-regensburg.de Am 2. Mai 2017 wurde vor allem mit dem Ziel der Verbesserung des baulichen Zustands unserer Pfarrkirche der F\u00f6rderverein Pfarrkirche St. Jakobus, Regenstauf e.V. gegr\u00fcndet. &hellip; <\/p>\n<p class=\"link-more\"><a href=\"https:\/\/www.pfarreiengemeinschaft-regenstauf.de\/index.php\/unsere-pfarreien\/st-jakobus-regenstauf\/vereine-und-verbaende\/foerderverein-pfarrkirche-st-jakobus\/\" class=\"more-link\"><span class=\"screen-reader-text\">\u201eF\u00f6rderverein Pfarrkirche St. Jakobus e.V.\u201c<\/span> weiterlesen<\/a><\/p>\n","protected":false},"author":2,"featured_media":0,"parent":319,"menu_order":2370,"comment_status":"closed","ping_status":"closed","template":"","meta":{"footnotes":""},"class_list":["post-347","page","type-page","status-publish","hentry"],"_links":{"self":[{"href":"https:\/\/www.pfarreiengemeinschaft-regenstauf.de\/index.php\/wp-json\/wp\/v2\/pages\/347","targetHints":{"allow":["GET"]}}],"collection":[{"href":"https:\/\/www.pfarreiengemeinschaft-regenstauf.de\/index.php\/wp-json\/wp\/v2\/pages"}],"about":[{"href":"https:\/\/www.pfarreiengemeinschaft-regenstauf.de\/index.php\/wp-json\/wp\/v2\/types\/page"}],"author":[{"embeddable":true,"href":"https:\/\/www.pfarreiengemeinschaft-regenstauf.de\/index.php\/wp-json\/wp\/v2\/users\/2"}],"replies":[{"embeddable":true,"href":"https:\/\/www.pfarreiengemeinschaft-regenstauf.de\/index.php\/wp-json\/wp\/v2\/comments?post=347"}],"version-history":[{"count":27,"href":"https:\/\/www.pfarreiengemeinschaft-regenstauf.de\/index.php\/wp-json\/wp\/v2\/pages\/347\/revisions"}],"predecessor-version":[{"id":3765,"href":"https:\/\/www.pfarreiengemeinschaft-regenstauf.de\/index.php\/wp-json\/wp\/v2\/pages\/347\/revisions\/3765"}],"up":[{"embeddable":true,"href":"https:\/\/www.pfarreiengemeinschaft-regenstauf.de\/index.php\/wp-json\/wp\/v2\/pages\/319"}],"wp:attachment":[{"href":"https:\/\/www.pfarreiengemeinschaft-regenstauf.de\/index.php\/wp-json\/wp\/v2\/media?parent=347"}],"curies":[{"name":"wp","href":"https:\/\/api.w.org\/{rel}","templated":true}]}}