{"id":344,"date":"2017-05-18T20:01:59","date_gmt":"2017-05-18T18:01:59","guid":{"rendered":"https:\/\/www.pfarreiengemeinschaft-regenstauf.de\/?page_id=344"},"modified":"2024-08-01T12:24:23","modified_gmt":"2024-08-01T10:24:23","slug":"foerderverein-freunde-der-kirchenmusik","status":"publish","type":"page","link":"https:\/\/www.pfarreiengemeinschaft-regenstauf.de\/index.php\/unsere-pfarreien\/st-jakobus-regenstauf\/vereine-und-verbaende\/foerderverein-freunde-der-kirchenmusik\/","title":{"rendered":"F\u00f6rderverein Freunde der Kirchenmusik e.V."},"content":{"rendered":"<p style=\"text-align: center;\"><em>Ein Weg zu mehr &#8222;Ohrenschmaus&#8220;<\/em><\/p>\n<p><strong>Es geht uns um:<\/strong><\/p>\n<ul>\n<li>Bereicherung der Gottesdienste durch die Musik<\/li>\n<li>Aufgabe der Kirchenmusik ist der Dienst in der Liturgie. Die umfangreiche Arbeit in den Ch\u00f6ren und Bands k\u00f6nnen alle Besucher in den Gottesdiensten zu Geh\u00f6r bekommen.<\/li>\n<li>In geistlichen Konzerten zeigen Jung und Alt ihre Freude an der Musik.<\/li>\n<\/ul>\n<p><strong>Kirchenmusik &#8211; ein gro\u00dfes PLUS f\u00fcr die Gemeinde; unter anderem sind folgende musikalischen Gruppen aktiv:<\/strong><\/p>\n<ul>\n<li>in den zwei Kinderch\u00f6ren ist die Begeisterung f\u00fcr die Musik nicht zu \u00fcberh\u00f6ren;<\/li>\n<li>der Jugendchor bringt sich mit &#8222;Neu Geistlichen Liedern&#8220; und Singspielen ein;<\/li>\n<li>der Kirchenchor hat durch seinen mehrstimmigen, meist klassischen Gesang besonderen Charme;<\/li>\n<li>der Singkreis des Frauenbundes tr\u00e4gt volkst\u00fcmliche und klassische Lieder vor<\/li>\n<li>in den Jugendbands &#8222;Future&#8220; und &#8222;Minifuture&#8220; werden Nachwuchsmusiker ans Ensemblespiel herangef\u00fchrt;<\/li>\n<li>die Pfarrband &#8218;MAKABER&#8216; sorgt f\u00fcr flotte und jazzige T\u00f6ne im Gottesdienst.<br \/>\n<strong><br \/>\nAnliegen des Vereins<\/strong><\/li>\n<\/ul>\n<p>Als F\u00f6rderverein wollen wir die kirchenmusikalischen Gruppen unterst\u00fctzen und uns f\u00fcr einen Fortbestand der Kirchenmusik in gro\u00dfer Vielfalt einsetzen.<\/p>\n<p><strong>Werden auch Sie Mitglied und helfen Sie mit, die musikalischen Aktivit\u00e4ten unserer Gruppen in Liturgie und Konzerten zu f\u00f6rdern und zu erhalten!<\/strong><\/p>\n<p><strong>Kontakt \/ Adresse<\/strong><br \/>\nBei R\u00fcckfragen kontaktieren Sie bitte das Pfarrb\u00fcro (09402 1268)<\/p>\n<p>eMail: <span style=\"color: #0000ff;\"><a style=\"color: #0000ff;\" href=\"mailto:kirchenmusik-fv-regenstauf@web.de\">kirchenmusik-fv-regenstauf@web.de<\/a><\/span><\/p>\n<p>Spendenkonto:<br \/>\nIBAN: DE43 7509 0300 0001 3562 83<br \/>\nBIC: GENODEF1M05<br \/>\nBank: Liga Regensburg<\/p>\n","protected":false},"excerpt":{"rendered":"<p>Ein Weg zu mehr &#8222;Ohrenschmaus&#8220; Es geht uns um: Bereicherung der Gottesdienste durch die Musik Aufgabe der Kirchenmusik ist der Dienst in der Liturgie. Die umfangreiche Arbeit in den Ch\u00f6ren und Bands k\u00f6nnen alle Besucher in den Gottesdiensten zu Geh\u00f6r bekommen. In geistlichen Konzerten zeigen Jung und Alt ihre Freude an der Musik. Kirchenmusik &#8211; &hellip; <\/p>\n<p class=\"link-more\"><a href=\"https:\/\/www.pfarreiengemeinschaft-regenstauf.de\/index.php\/unsere-pfarreien\/st-jakobus-regenstauf\/vereine-und-verbaende\/foerderverein-freunde-der-kirchenmusik\/\" class=\"more-link\"><span class=\"screen-reader-text\">\u201eF\u00f6rderverein Freunde der Kirchenmusik e.V.\u201c<\/span> weiterlesen<\/a><\/p>\n","protected":false},"author":2,"featured_media":0,"parent":319,"menu_order":2360,"comment_status":"closed","ping_status":"closed","template":"","meta":{"footnotes":""},"class_list":["post-344","page","type-page","status-publish","hentry"],"_links":{"self":[{"href":"https:\/\/www.pfarreiengemeinschaft-regenstauf.de\/index.php\/wp-json\/wp\/v2\/pages\/344","targetHints":{"allow":["GET"]}}],"collection":[{"href":"https:\/\/www.pfarreiengemeinschaft-regenstauf.de\/index.php\/wp-json\/wp\/v2\/pages"}],"about":[{"href":"https:\/\/www.pfarreiengemeinschaft-regenstauf.de\/index.php\/wp-json\/wp\/v2\/types\/page"}],"author":[{"embeddable":true,"href":"https:\/\/www.pfarreiengemeinschaft-regenstauf.de\/index.php\/wp-json\/wp\/v2\/users\/2"}],"replies":[{"embeddable":true,"href":"https:\/\/www.pfarreiengemeinschaft-regenstauf.de\/index.php\/wp-json\/wp\/v2\/comments?post=344"}],"version-history":[{"count":15,"href":"https:\/\/www.pfarreiengemeinschaft-regenstauf.de\/index.php\/wp-json\/wp\/v2\/pages\/344\/revisions"}],"predecessor-version":[{"id":3768,"href":"https:\/\/www.pfarreiengemeinschaft-regenstauf.de\/index.php\/wp-json\/wp\/v2\/pages\/344\/revisions\/3768"}],"up":[{"embeddable":true,"href":"https:\/\/www.pfarreiengemeinschaft-regenstauf.de\/index.php\/wp-json\/wp\/v2\/pages\/319"}],"wp:attachment":[{"href":"https:\/\/www.pfarreiengemeinschaft-regenstauf.de\/index.php\/wp-json\/wp\/v2\/media?parent=344"}],"curies":[{"name":"wp","href":"https:\/\/api.w.org\/{rel}","templated":true}]}}