{"id":339,"date":"2017-05-18T19:50:42","date_gmt":"2017-05-18T17:50:42","guid":{"rendered":"https:\/\/www.pfarreiengemeinschaft-regenstauf.de\/?page_id=339"},"modified":"2024-08-01T13:28:16","modified_gmt":"2024-08-01T11:28:16","slug":"pfarrgemeinderat","status":"publish","type":"page","link":"https:\/\/www.pfarreiengemeinschaft-regenstauf.de\/index.php\/unsere-pfarreien\/st-jakobus-regenstauf\/team\/pfarrgemeinderat\/","title":{"rendered":"Pfarrgemeinderat"},"content":{"rendered":"<p>Der Pfarrgemeinderat ist laut Satzung ein Gremium, das den Pfarrer bei seinen vielf\u00e4ltigen Aufgaben unterst\u00fctzt und ber\u00e4t. Dabei nehmen wir gerne Anregungen von Seiten der Pfarrangeh\u00f6rigen entgegen und leiten sie weiter. Sprechen Sie uns an!<\/p>\n<p>Am 19.\/ 20. M\u00e4rz 2022 fanden die letzten Pfarrgemeinderatswahlen statt. Nach dem Ausscheiden von Frau Claudia Gress r\u00fcckte Frau Dr. Katharina Del Bianco nach. Damit setzt sich unser Pfarrgemeinderat wie folgt zusammen:<\/p>\n<p><img loading=\"lazy\" decoding=\"async\" class=\"alignnone  wp-image-3774\" src=\"https:\/\/www.pfarreiengemeinschaft-regenstauf.de\/wp-content\/uploads\/2024\/08\/PGR-ab-2024-06-Teil-1-300x277.jpg\" alt=\"\" width=\"532\" height=\"491\" srcset=\"https:\/\/www.pfarreiengemeinschaft-regenstauf.de\/wp-content\/uploads\/2024\/08\/PGR-ab-2024-06-Teil-1-300x277.jpg 300w, https:\/\/www.pfarreiengemeinschaft-regenstauf.de\/wp-content\/uploads\/2024\/08\/PGR-ab-2024-06-Teil-1.jpg 584w\" sizes=\"auto, (max-width: 532px) 100vw, 532px\" \/><br \/>\n<img loading=\"lazy\" decoding=\"async\" class=\"alignnone  wp-image-3773\" src=\"https:\/\/www.pfarreiengemeinschaft-regenstauf.de\/wp-content\/uploads\/2024\/08\/PGR-ab-2024-06-Teil-2-300x271.jpg\" alt=\"\" width=\"534\" height=\"483\" srcset=\"https:\/\/www.pfarreiengemeinschaft-regenstauf.de\/wp-content\/uploads\/2024\/08\/PGR-ab-2024-06-Teil-2-300x271.jpg 300w, https:\/\/www.pfarreiengemeinschaft-regenstauf.de\/wp-content\/uploads\/2024\/08\/PGR-ab-2024-06-Teil-2.jpg 589w\" sizes=\"auto, (max-width: 534px) 100vw, 534px\" \/><br \/>\n<img loading=\"lazy\" decoding=\"async\" class=\"alignnone  wp-image-3772\" src=\"https:\/\/www.pfarreiengemeinschaft-regenstauf.de\/wp-content\/uploads\/2024\/08\/PGR-ab-2024-06-Teil-3-300x90.jpg\" alt=\"\" width=\"563\" height=\"169\" srcset=\"https:\/\/www.pfarreiengemeinschaft-regenstauf.de\/wp-content\/uploads\/2024\/08\/PGR-ab-2024-06-Teil-3-300x90.jpg 300w, https:\/\/www.pfarreiengemeinschaft-regenstauf.de\/wp-content\/uploads\/2024\/08\/PGR-ab-2024-06-Teil-3.jpg 607w\" sizes=\"auto, (max-width: 563px) 100vw, 563px\" \/><\/p>\n<p><strong>Mitglieder von Amts wegen<\/strong><br \/>\nPfarrer Christian Blank<br \/>\nPfarrvikar Michel Coumba Cor Sene<br \/>\nGemeindereferentin Monika Ostermeier.<br \/>\nPastoralassistentin Katharina Sp\u00e4th<\/p>\n<hr \/>\n<p><strong>Arbeitskreise<\/strong><br \/>\nGegenw\u00e4rtig sind bei uns die folgenden vier Arbeitskreise aktiv:<\/p>\n<ol>\n<li><strong>Eine Welt<\/strong><br \/>\nVera Fischer, die Ansprechpartnerin, schreibt hierzu: &#8222;Der Arbeitskreis &#8222;Eine Welt&#8220; unterst\u00fctzt den Weltladen bei seiner ehrenamtlichen Arbeit durch einzelne Aktionen wie Verkostungen nach den Gottesdiensten oder den Verkauf fair gehandelter Produkte, z.B. im Rahmen der Fairen Woche.&#8220;<\/li>\n<li><strong>Ehe und Familie<\/strong><br \/>\nThomas Kleber, Ihr Ansprechpartner, schreibt hierzu: &#8222;Der Sachausschuss Ehe- und Familie treffen sich viermal im Jahr zur Vorbereitung und Durchf\u00fchrung der Ehejubil\u00e4umsfeier (3. Samstag im Oktober), Treffen mit Tauffamilien (Januar).<br \/>\nDes Weiteren sind unsere Aufgaben das bei Kirchlichen Festen wie auch beim Gottesdienst, wir die Interessen der Kinder und Familien vertreten.<br \/>\nF\u00fcr Anregungen, W\u00fcnsche und Verbesserungen, sind wir jederzeit offen und freuen uns, wenn ihr auf uns pers\u00f6nlich oder unter <a style=\"font-size: revert;\" href=\"mailto:regenstauf@bistum-regensburg.de\">regenstauf@bistum-regensburg.de<\/a> zukommt.<br \/>\nIn unserer Kirche gilt, <strong>jedes <\/strong>Kind, egal wie alt und lebhaft, bereichert unseren Gottesdienst durch seine Anwesenheit und ist immer herzlich willkommen.&#8220;<\/li>\n<li><strong>Jugend<\/strong> (Ansprechpartner: Monika Ostermeier und Johannes Reisinger)<br \/>\nDer Arbeitskreis &#8222;Jugend&#8220; vertritt die Interessen der Jugendlichen in unserer Pfarrei. Gemeinsam versuchen wir, Kirche auch f\u00fcr diese Altersgruppe spannend und Gemeinschaft erlebbar zu machen. Dabei wollen wir die verschiedenen Gruppierungen in unserer Pfarrei mit einbeziehen, in denen Kinder und Jugendliche vertreten sind.<\/li>\n<li><strong>Liturgie<\/strong> (Ansprechpartner: Johannes Theisinger)<br \/>\nSchl\u00fcsselelement des Arbeitskreises &#8222;Liturgie&#8220; ist die Gestaltung der Gottesdienste: Wir richten unseren Fokus auf die Abl\u00e4ufe der Gottesdienste und des liturgischen Lebens in der Pfarrei.\u00a0 Insbesondere \u00fcber das Vortragen der Lesungen und der F\u00fcrbitten soll das gottesdienstliche Leben bereichert werden. Dabei freuen wir uns immer wieder, wenn unser Kreis der LektorInnen und KommunionhelferInnen durch neue Interessenten erweitert wird. Sprechen Sie uns pers\u00f6nlich an oder schreiben Sie uns unter <a href=\"mailto:regenstauf@bistum-regensburg.de\">regenstauf@bistum-regensburg.de<\/a>.<\/li>\n<\/ol>\n<p>Dar\u00fcber hinaus spielt f\u00fcr unseren Pfarrgemeinderat die Bildung von Festaussch\u00fcssen bei besonderen Veranstaltungen &#8211; vor allem dem Pfarrfest &#8211; eine wichtige Rolle.\u00a0<em><br \/>\n<\/em><\/p>\n","protected":false},"excerpt":{"rendered":"<p>Der Pfarrgemeinderat ist laut Satzung ein Gremium, das den Pfarrer bei seinen vielf\u00e4ltigen Aufgaben unterst\u00fctzt und ber\u00e4t. Dabei nehmen wir gerne Anregungen von Seiten der Pfarrangeh\u00f6rigen entgegen und leiten sie weiter. Sprechen Sie uns an! Am 19.\/ 20. M\u00e4rz 2022 fanden die letzten Pfarrgemeinderatswahlen statt. Nach dem Ausscheiden von Frau Claudia Gress r\u00fcckte Frau Dr. &hellip; <\/p>\n<p class=\"link-more\"><a href=\"https:\/\/www.pfarreiengemeinschaft-regenstauf.de\/index.php\/unsere-pfarreien\/st-jakobus-regenstauf\/team\/pfarrgemeinderat\/\" class=\"more-link\"><span class=\"screen-reader-text\">\u201ePfarrgemeinderat\u201c<\/span> weiterlesen<\/a><\/p>\n","protected":false},"author":2,"featured_media":0,"parent":32,"menu_order":2280,"comment_status":"closed","ping_status":"closed","template":"","meta":{"footnotes":""},"class_list":["post-339","page","type-page","status-publish","hentry"],"_links":{"self":[{"href":"https:\/\/www.pfarreiengemeinschaft-regenstauf.de\/index.php\/wp-json\/wp\/v2\/pages\/339","targetHints":{"allow":["GET"]}}],"collection":[{"href":"https:\/\/www.pfarreiengemeinschaft-regenstauf.de\/index.php\/wp-json\/wp\/v2\/pages"}],"about":[{"href":"https:\/\/www.pfarreiengemeinschaft-regenstauf.de\/index.php\/wp-json\/wp\/v2\/types\/page"}],"author":[{"embeddable":true,"href":"https:\/\/www.pfarreiengemeinschaft-regenstauf.de\/index.php\/wp-json\/wp\/v2\/users\/2"}],"replies":[{"embeddable":true,"href":"https:\/\/www.pfarreiengemeinschaft-regenstauf.de\/index.php\/wp-json\/wp\/v2\/comments?post=339"}],"version-history":[{"count":39,"href":"https:\/\/www.pfarreiengemeinschaft-regenstauf.de\/index.php\/wp-json\/wp\/v2\/pages\/339\/revisions"}],"predecessor-version":[{"id":3777,"href":"https:\/\/www.pfarreiengemeinschaft-regenstauf.de\/index.php\/wp-json\/wp\/v2\/pages\/339\/revisions\/3777"}],"up":[{"embeddable":true,"href":"https:\/\/www.pfarreiengemeinschaft-regenstauf.de\/index.php\/wp-json\/wp\/v2\/pages\/32"}],"wp:attachment":[{"href":"https:\/\/www.pfarreiengemeinschaft-regenstauf.de\/index.php\/wp-json\/wp\/v2\/media?parent=339"}],"curies":[{"name":"wp","href":"https:\/\/api.w.org\/{rel}","templated":true}]}}