{"id":3362,"date":"2023-02-16T16:39:22","date_gmt":"2023-02-16T15:39:22","guid":{"rendered":"https:\/\/www.pfarreiengemeinschaft-regenstauf.de\/?page_id=3362"},"modified":"2024-03-04T17:37:35","modified_gmt":"2024-03-04T16:37:35","slug":"liturgie","status":"publish","type":"page","link":"https:\/\/www.pfarreiengemeinschaft-regenstauf.de\/index.php\/unsere-pfarreien\/st-laurentius-ramspau\/arbeitskreise-der-pfarrei-ra\/liturgie\/","title":{"rendered":"Liturgie"},"content":{"rendered":"\n<p>Mit &#8222;Liturgie&#8220; werden die verschiedenen christlichen Rituale zur Verehrung Gottes umschrieben. Sie umfasst das gesamte gottesdienstliche Geschehen. Das griechische Wort \u03bb\u03b5\u03b9\u03c4\u03bf\u03c5\u03c1\u03b3\u03af\u03b1&nbsp;<em>leiturg\u00eda <\/em>bringt sch\u00f6n zum Ausdruck, worum es sich dabei handelt: \u00f6ffentlicher Dienst, Gemeindedienst. Liturgie ist damit  der Auftrag aller, die sich zum Gottesdienst versammelt haben.<\/p>\n\n\n\n<p>Liturgische Farben, Gew\u00e4nder, Ger\u00e4te und K\u00f6rperhaltungen begegnen uns in jedem Gottesdienst. Warum ist das so? Antworten finden sich beispielsweise auf der Internetseite des <a href=\"https:\/\/dli.institute\/wp\/startseite-institut\/\" target=\"_blank\" rel=\"noreferrer noopener\"><mark style=\"background-color:rgba(0, 0, 0, 0);color:#0000ff\" class=\"has-inline-color\">Deutschen Liturgischen Instituts<\/mark><\/a>.  <\/p>\n\n\n\n<p>Vor Ort interessiert uns insbesondere die Frage: Wie k\u00f6nnen wir die Gottesdienste ansprechend und festlich gestalten? Daf\u00fcr engagiert sich unser Arbeitskreis Liturgie unter Leitung von Frau Lydia Rausch.<br><\/p>\n","protected":false},"excerpt":{"rendered":"<p>Mit &#8222;Liturgie&#8220; werden die verschiedenen christlichen Rituale zur Verehrung Gottes umschrieben. Sie umfasst das gesamte gottesdienstliche Geschehen. Das griechische Wort \u03bb\u03b5\u03b9\u03c4\u03bf\u03c5\u03c1\u03b3\u03af\u03b1&nbsp;leiturg\u00eda bringt sch\u00f6n zum Ausdruck, worum es sich dabei handelt: \u00f6ffentlicher Dienst, Gemeindedienst. Liturgie ist damit der Auftrag aller, die sich zum Gottesdienst versammelt haben. Liturgische Farben, Gew\u00e4nder, Ger\u00e4te und K\u00f6rperhaltungen begegnen uns in jedem &hellip; <\/p>\n<p class=\"link-more\"><a href=\"https:\/\/www.pfarreiengemeinschaft-regenstauf.de\/index.php\/unsere-pfarreien\/st-laurentius-ramspau\/arbeitskreise-der-pfarrei-ra\/liturgie\/\" class=\"more-link\"><span class=\"screen-reader-text\">\u201eLiturgie\u201c<\/span> weiterlesen<\/a><\/p>\n","protected":false},"author":5,"featured_media":0,"parent":2960,"menu_order":3630,"comment_status":"closed","ping_status":"closed","template":"","meta":{"footnotes":""},"class_list":["post-3362","page","type-page","status-publish","hentry"],"_links":{"self":[{"href":"https:\/\/www.pfarreiengemeinschaft-regenstauf.de\/index.php\/wp-json\/wp\/v2\/pages\/3362","targetHints":{"allow":["GET"]}}],"collection":[{"href":"https:\/\/www.pfarreiengemeinschaft-regenstauf.de\/index.php\/wp-json\/wp\/v2\/pages"}],"about":[{"href":"https:\/\/www.pfarreiengemeinschaft-regenstauf.de\/index.php\/wp-json\/wp\/v2\/types\/page"}],"author":[{"embeddable":true,"href":"https:\/\/www.pfarreiengemeinschaft-regenstauf.de\/index.php\/wp-json\/wp\/v2\/users\/5"}],"replies":[{"embeddable":true,"href":"https:\/\/www.pfarreiengemeinschaft-regenstauf.de\/index.php\/wp-json\/wp\/v2\/comments?post=3362"}],"version-history":[{"count":9,"href":"https:\/\/www.pfarreiengemeinschaft-regenstauf.de\/index.php\/wp-json\/wp\/v2\/pages\/3362\/revisions"}],"predecessor-version":[{"id":3733,"href":"https:\/\/www.pfarreiengemeinschaft-regenstauf.de\/index.php\/wp-json\/wp\/v2\/pages\/3362\/revisions\/3733"}],"up":[{"embeddable":true,"href":"https:\/\/www.pfarreiengemeinschaft-regenstauf.de\/index.php\/wp-json\/wp\/v2\/pages\/2960"}],"wp:attachment":[{"href":"https:\/\/www.pfarreiengemeinschaft-regenstauf.de\/index.php\/wp-json\/wp\/v2\/media?parent=3362"}],"curies":[{"name":"wp","href":"https:\/\/api.w.org\/{rel}","templated":true}]}}