{"id":3359,"date":"2023-02-16T16:33:59","date_gmt":"2023-02-16T15:33:59","guid":{"rendered":"https:\/\/www.pfarreiengemeinschaft-regenstauf.de\/?page_id=3359"},"modified":"2024-03-04T17:25:02","modified_gmt":"2024-03-04T16:25:02","slug":"kab","status":"publish","type":"page","link":"https:\/\/www.pfarreiengemeinschaft-regenstauf.de\/index.php\/unsere-pfarreien\/st-laurentius-ramspau\/vereine-und-verbaende-ra\/kab\/","title":{"rendered":"KAB"},"content":{"rendered":"\n<p>Auf der Internetseite des Zentralverbands der KAB, der <a href=\"https:\/\/www.kab.de\/startseite\" target=\"_blank\" rel=\"noreferrer noopener\"><mark style=\"background-color:rgba(0, 0, 0, 0);color:#0000ff\" class=\"has-inline-color\">Katholischen Arbeitnehmerbewegung Deutschlands e.V.<\/mark><\/a> hei\u00dft es unter dem Stichwort &#8222;Menschenw\u00fcrdig statt prek\u00e4r&#8220; unter anderem: <\/p>\n\n\n\n<p>Wertvolle Arbeit ist Ausdruck der Wertsch\u00e4tzung des Arbeitens und Lebens.&nbsp;Wir setzen uns ein f\u00fcr Gerechtigkeit, damit Arbeit f\u00fcr jede und&nbsp;jeden, f\u00fcr die Gemeinschaft und Gesellschaft sowie kommende Generationen \u201ewertvoll\u201c ist! &#8230; Die weltweite Verteilung der Macht und die geltenden Herrschaftsverh\u00e4ltnisse sind ungerecht \u2013 um sie zu \u00fcberwinden, brauchen wir die Globalisierung der Gerechtigkeit.<\/p>\n\n\n\n<p>Auch auf Ortsebene hei\u00dft es f\u00fcr uns im Hinblick auf ungerechte Strukturen: <em>Sehen, Urteilen, Handeln<\/em>.<\/p>\n\n\n\n<p>Sprechen Sie unseren Vorstand Heiner Rautner an.<\/p>\n","protected":false},"excerpt":{"rendered":"<p>Auf der Internetseite des Zentralverbands der KAB, der Katholischen Arbeitnehmerbewegung Deutschlands e.V. hei\u00dft es unter dem Stichwort &#8222;Menschenw\u00fcrdig statt prek\u00e4r&#8220; unter anderem: Wertvolle Arbeit ist Ausdruck der Wertsch\u00e4tzung des Arbeitens und Lebens.&nbsp;Wir setzen uns ein f\u00fcr Gerechtigkeit, damit Arbeit f\u00fcr jede und&nbsp;jeden, f\u00fcr die Gemeinschaft und Gesellschaft sowie kommende Generationen \u201ewertvoll\u201c ist! &#8230; Die weltweite &hellip; <\/p>\n<p class=\"link-more\"><a href=\"https:\/\/www.pfarreiengemeinschaft-regenstauf.de\/index.php\/unsere-pfarreien\/st-laurentius-ramspau\/vereine-und-verbaende-ra\/kab\/\" class=\"more-link\"><span class=\"screen-reader-text\">\u201eKAB\u201c<\/span> weiterlesen<\/a><\/p>\n","protected":false},"author":5,"featured_media":0,"parent":2964,"menu_order":3370,"comment_status":"closed","ping_status":"closed","template":"","meta":{"footnotes":""},"class_list":["post-3359","page","type-page","status-publish","hentry"],"_links":{"self":[{"href":"https:\/\/www.pfarreiengemeinschaft-regenstauf.de\/index.php\/wp-json\/wp\/v2\/pages\/3359","targetHints":{"allow":["GET"]}}],"collection":[{"href":"https:\/\/www.pfarreiengemeinschaft-regenstauf.de\/index.php\/wp-json\/wp\/v2\/pages"}],"about":[{"href":"https:\/\/www.pfarreiengemeinschaft-regenstauf.de\/index.php\/wp-json\/wp\/v2\/types\/page"}],"author":[{"embeddable":true,"href":"https:\/\/www.pfarreiengemeinschaft-regenstauf.de\/index.php\/wp-json\/wp\/v2\/users\/5"}],"replies":[{"embeddable":true,"href":"https:\/\/www.pfarreiengemeinschaft-regenstauf.de\/index.php\/wp-json\/wp\/v2\/comments?post=3359"}],"version-history":[{"count":10,"href":"https:\/\/www.pfarreiengemeinschaft-regenstauf.de\/index.php\/wp-json\/wp\/v2\/pages\/3359\/revisions"}],"predecessor-version":[{"id":3728,"href":"https:\/\/www.pfarreiengemeinschaft-regenstauf.de\/index.php\/wp-json\/wp\/v2\/pages\/3359\/revisions\/3728"}],"up":[{"embeddable":true,"href":"https:\/\/www.pfarreiengemeinschaft-regenstauf.de\/index.php\/wp-json\/wp\/v2\/pages\/2964"}],"wp:attachment":[{"href":"https:\/\/www.pfarreiengemeinschaft-regenstauf.de\/index.php\/wp-json\/wp\/v2\/media?parent=3359"}],"curies":[{"name":"wp","href":"https:\/\/api.w.org\/{rel}","templated":true}]}}