{"id":335,"date":"2017-05-18T19:47:45","date_gmt":"2017-05-18T17:47:45","guid":{"rendered":"https:\/\/www.pfarreiengemeinschaft-regenstauf.de\/?page_id=335"},"modified":"2024-11-13T08:07:52","modified_gmt":"2024-11-13T07:07:52","slug":"organisation","status":"publish","type":"page","link":"https:\/\/www.pfarreiengemeinschaft-regenstauf.de\/index.php\/unsere-pfarreien\/st-jakobus-regenstauf\/team\/organisation\/","title":{"rendered":"Organisation"},"content":{"rendered":"<p><strong>Pfarrsekret\u00e4rin Sylvia Brost<\/strong><br \/>\nTel. 09402\/1268<br \/>\neMail: <span style=\"color: #0000ff;\"><a style=\"color: #0000ff;\" href=\"mailto:regenstauf@bistum-regensburg.de\">regenstauf@bistum-regensburg.de<\/a><\/span><\/p>\n<p><img loading=\"lazy\" decoding=\"async\" class=\"alignnone size-medium wp-image-3759\" src=\"https:\/\/www.pfarreiengemeinschaft-regenstauf.de\/wp-content\/uploads\/2024\/07\/Sylvia-Brost-2024-Juli-199x300.jpg\" alt=\"\" width=\"199\" height=\"300\" srcset=\"https:\/\/www.pfarreiengemeinschaft-regenstauf.de\/wp-content\/uploads\/2024\/07\/Sylvia-Brost-2024-Juli-199x300.jpg 199w, https:\/\/www.pfarreiengemeinschaft-regenstauf.de\/wp-content\/uploads\/2024\/07\/Sylvia-Brost-2024-Juli-680x1024.jpg 680w, https:\/\/www.pfarreiengemeinschaft-regenstauf.de\/wp-content\/uploads\/2024\/07\/Sylvia-Brost-2024-Juli-768x1156.jpg 768w, https:\/\/www.pfarreiengemeinschaft-regenstauf.de\/wp-content\/uploads\/2024\/07\/Sylvia-Brost-2024-Juli-1020x1536.jpg 1020w, https:\/\/www.pfarreiengemeinschaft-regenstauf.de\/wp-content\/uploads\/2024\/07\/Sylvia-Brost-2024-Juli-1360x2048.jpg 1360w, https:\/\/www.pfarreiengemeinschaft-regenstauf.de\/wp-content\/uploads\/2024\/07\/Sylvia-Brost-2024-Juli-scaled.jpg 1700w\" sizes=\"auto, (max-width: 199px) 100vw, 199px\" \/><\/p>\n<p><strong>Ausbildung zur<\/strong> <strong>B\u00fcrokauffrau<\/strong><br \/>\nAngestellt im Pfarrb\u00fcro seit Juni 2024<\/p>\n<p><strong>Aufgaben in der Pfarrei:<\/strong><\/p>\n<p>* Erstellen des Pfarrbriefes<br \/>\n* Annahme der Messintentionen<br \/>\n* Stammbucheintr\u00e4ge<br \/>\n* Verwaltung der Kirchenb\u00fccher (Eintragung von Taufen, Hochzeiten, Beerdigungen)<br \/>\n* Kindergartenverwaltung (Allgemeines, Abbuchungen)<br \/>\n* Telefondienst<br \/>\n* Erstellen von Arbeitsvertr\u00e4gen<br \/>\n* Kartenvorverkauf (Veranstaltungen der Pfarrei, z.B. Kirchenkonzerte, Theaterauff\u00fchrungen)<br \/>\n* Mitorganisation des Pfarrfestes (Kassenverwaltung)<br \/>\n* Zahlungsverkehr<br \/>\n* Schriftverkehr mit Beh\u00f6rden<br \/>\n* Sonstiges (versenden von Geburtstagskarten, Verteilung der Weihnachtsgeschenke)<\/p>\n<p>Ich wohne in Ramspau, bin verheiratet und habe zwei Kinder. Beim Frauenbund Ramspau leite ich die Frauenbundgruppe &#8222;Junge Frauen&#8220;.<\/p>\n<hr \/>\n<p><strong>Buchhalterin Michaela Faltermeier<\/strong><br \/>\nTel. 09402\/1268<br \/>\neMail: <a href=\"mailto:regenstauf@bistum-regensburg.de\"><span style=\"color: #0000ff;\">regenstauf@bistum-regensburg.de<\/span><\/a><\/p>\n<p><img loading=\"lazy\" decoding=\"async\" class=\"alignnone size-medium wp-image-3816\" src=\"https:\/\/www.pfarreiengemeinschaft-regenstauf.de\/wp-content\/uploads\/2024\/11\/Faltermeier-Michaela-199x300.jpg\" alt=\"\" width=\"199\" height=\"300\" srcset=\"https:\/\/www.pfarreiengemeinschaft-regenstauf.de\/wp-content\/uploads\/2024\/11\/Faltermeier-Michaela-199x300.jpg 199w, https:\/\/www.pfarreiengemeinschaft-regenstauf.de\/wp-content\/uploads\/2024\/11\/Faltermeier-Michaela-680x1024.jpg 680w, https:\/\/www.pfarreiengemeinschaft-regenstauf.de\/wp-content\/uploads\/2024\/11\/Faltermeier-Michaela-768x1156.jpg 768w, https:\/\/www.pfarreiengemeinschaft-regenstauf.de\/wp-content\/uploads\/2024\/11\/Faltermeier-Michaela-1020x1536.jpg 1020w, https:\/\/www.pfarreiengemeinschaft-regenstauf.de\/wp-content\/uploads\/2024\/11\/Faltermeier-Michaela-1360x2048.jpg 1360w, https:\/\/www.pfarreiengemeinschaft-regenstauf.de\/wp-content\/uploads\/2024\/11\/Faltermeier-Michaela-scaled.jpg 1700w\" sizes=\"auto, (max-width: 199px) 100vw, 199px\" \/><\/p>\n<p><strong>Ausbildung:<\/strong><br \/>\nSteuerfachangestellte<br \/>\nAngestellt in der Ambulanten Alten- u. Krankenpflegestation seit April 2010 (Montag und Mittwoch) und im Pfarrb\u00fcro seit Juli 2014 (Dienstag und Donnerstag)<\/p>\n<p><strong>Aufgaben in der Pfarrei:<\/strong><br \/>\n* Buchhaltung der kath. Kirchenstiftung<br \/>\n* Buchhaltung des kath. Kindergartens<br \/>\n* Buchhaltung des Jugendkontos<br \/>\n* Erstellung der j\u00e4hrlichen Kirchenrechnung<br \/>\n* Erstellung der j\u00e4hrlichen Kindergartenabrechnung<br \/>\n* Abrechnung der Stolarien und Organisten<\/p>\n<p>Ich bin geboren in Regensburg, wohne in Eitlbrunn, bin verheiratet und habe einen Sohn und eine Tochter.<\/p>\n<hr \/>\n<p><strong>Mesnerin Gabriele Pazulla<\/strong><br \/>\n<img loading=\"lazy\" decoding=\"async\" class=\"alignnone size-medium wp-image-921\" src=\"https:\/\/www.pfarreiengemeinschaft-regenstauf.de\/wp-content\/uploads\/2017\/05\/pazulla_g-2017-278x300.jpg\" alt=\"\" width=\"278\" height=\"300\" srcset=\"https:\/\/www.pfarreiengemeinschaft-regenstauf.de\/wp-content\/uploads\/2017\/05\/pazulla_g-2017-278x300.jpg 278w, https:\/\/www.pfarreiengemeinschaft-regenstauf.de\/wp-content\/uploads\/2017\/05\/pazulla_g-2017.jpg 411w\" sizes=\"auto, (max-width: 278px) 100vw, 278px\" \/><br \/>\n<strong>Erfahrungen<\/strong><br \/>\nSeit Januar 2016 Mesnerin in der Pfarrei St. Jakobus in Regenstauf.<br \/>\nDie Erfahrung f\u00fcr diesen Beruf sammelte ich im Bildungshaus Schloss Spindlhof, wo ich von September 2008 bis Oktober 2015 als Mesnerin f\u00fcr die Kirche Hl Albertus Magnus und f\u00fcr die verschiedenen Gruppen des Hauses t\u00e4tig war.<\/p>\n<p><strong>Aufgaben in der Pfarrei<\/strong><br \/>\n* Meine Hauptaufgabe als Mesnerin ist die Vorbereitung von Gottesdiensten und kirchlichen Feiern wie Taufen, Beerdigungen, Firmungen oder Hochzeiten.<br \/>\n* Ich helfe dem Pfarrer beim Anlegen der Gew\u00e4nder,<br \/>\n* lege die B\u00fccher bereit, richte den Altar her, k\u00fcmmere mich um die Altarkerzen und stelle Messwein, Hostien und Weihrauch bereit.<br \/>\n* Zu meinen Aufgaben geh\u00f6rt auch die Pflege der liturgischen Ger\u00e4te und Paramente und das Waschen der Priester- und Ministrantengew\u00e4nder.<\/p>\n<p>Ehrenamtlich engagiere ich mich im Kirchenchor, beim Frauenbund und beim Blumenschmuck.<\/p>\n<hr \/>\n","protected":false},"excerpt":{"rendered":"<p>Pfarrsekret\u00e4rin Sylvia Brost Tel. 09402\/1268 eMail: regenstauf@bistum-regensburg.de Ausbildung zur B\u00fcrokauffrau Angestellt im Pfarrb\u00fcro seit Juni 2024 Aufgaben in der Pfarrei: * Erstellen des Pfarrbriefes * Annahme der Messintentionen * Stammbucheintr\u00e4ge * Verwaltung der Kirchenb\u00fccher (Eintragung von Taufen, Hochzeiten, Beerdigungen) * Kindergartenverwaltung (Allgemeines, Abbuchungen) * Telefondienst * Erstellen von Arbeitsvertr\u00e4gen * Kartenvorverkauf (Veranstaltungen der Pfarrei, z.B. &hellip; <\/p>\n<p class=\"link-more\"><a href=\"https:\/\/www.pfarreiengemeinschaft-regenstauf.de\/index.php\/unsere-pfarreien\/st-jakobus-regenstauf\/team\/organisation\/\" class=\"more-link\"><span class=\"screen-reader-text\">\u201eOrganisation\u201c<\/span> weiterlesen<\/a><\/p>\n","protected":false},"author":2,"featured_media":0,"parent":32,"menu_order":2240,"comment_status":"closed","ping_status":"closed","template":"","meta":{"footnotes":""},"class_list":["post-335","page","type-page","status-publish","hentry"],"_links":{"self":[{"href":"https:\/\/www.pfarreiengemeinschaft-regenstauf.de\/index.php\/wp-json\/wp\/v2\/pages\/335","targetHints":{"allow":["GET"]}}],"collection":[{"href":"https:\/\/www.pfarreiengemeinschaft-regenstauf.de\/index.php\/wp-json\/wp\/v2\/pages"}],"about":[{"href":"https:\/\/www.pfarreiengemeinschaft-regenstauf.de\/index.php\/wp-json\/wp\/v2\/types\/page"}],"author":[{"embeddable":true,"href":"https:\/\/www.pfarreiengemeinschaft-regenstauf.de\/index.php\/wp-json\/wp\/v2\/users\/2"}],"replies":[{"embeddable":true,"href":"https:\/\/www.pfarreiengemeinschaft-regenstauf.de\/index.php\/wp-json\/wp\/v2\/comments?post=335"}],"version-history":[{"count":25,"href":"https:\/\/www.pfarreiengemeinschaft-regenstauf.de\/index.php\/wp-json\/wp\/v2\/pages\/335\/revisions"}],"predecessor-version":[{"id":3817,"href":"https:\/\/www.pfarreiengemeinschaft-regenstauf.de\/index.php\/wp-json\/wp\/v2\/pages\/335\/revisions\/3817"}],"up":[{"embeddable":true,"href":"https:\/\/www.pfarreiengemeinschaft-regenstauf.de\/index.php\/wp-json\/wp\/v2\/pages\/32"}],"wp:attachment":[{"href":"https:\/\/www.pfarreiengemeinschaft-regenstauf.de\/index.php\/wp-json\/wp\/v2\/media?parent=335"}],"curies":[{"name":"wp","href":"https:\/\/api.w.org\/{rel}","templated":true}]}}