{"id":3339,"date":"2023-02-16T15:56:07","date_gmt":"2023-02-16T14:56:07","guid":{"rendered":"https:\/\/www.pfarreiengemeinschaft-regenstauf.de\/?page_id=3339"},"modified":"2023-03-27T12:59:52","modified_gmt":"2023-03-27T10:59:52","slug":"pfarrgemeinderat","status":"publish","type":"page","link":"https:\/\/www.pfarreiengemeinschaft-regenstauf.de\/index.php\/unsere-pfarreien\/st-laurentius-ramspau\/team-ramspau\/pfarrgemeinderat\/","title":{"rendered":"Pfarrgemeinderat"},"content":{"rendered":"\n<p>Am 20. M\u00e4rz 2022 fanden in den Pfarreien der bayerischen Di\u00f6zesen und somit auch in St. Laurentius, Ramspau, die Pfarrgemeinderatswahlen statt. Sie waren unter dem Motto &#8222;Christ sein. Weit denken. Mutig handeln&#8220; gestanden. <em>Gew\u00e4hlt<\/em> werden kann bei diesen Wahlen, wer das 16. Lebensjahr vollendet hat und katholischer Christ ist. <em>W\u00e4hlen<\/em> kann, wer das 14. Lebensjahr vollendet hat und katholischer Christ ist.<\/p>\n\n\n\n<p>Die alle vier Jahre stattfindende Wahl legitimiert die Pfarrgemeinder\u00e4te, die Gl\u00e4ubigen in einer Pfarrgemeinde zu repr\u00e4sentieren und\u00a0den Pfarrer \u00fcber die Verh\u00e4ltnisse vor Ort, \u00fcber neue Aktivit\u00e4ten und gute Ideen zu beraten.<\/p>\n\n\n\n<p>Bei der konstituierenden Sitzung wurde Frau Lydia Rausch zur Pfarrgemeinderatssprecherin gew\u00e4hlt.<\/p>\n","protected":false},"excerpt":{"rendered":"<p>Am 20. M\u00e4rz 2022 fanden in den Pfarreien der bayerischen Di\u00f6zesen und somit auch in St. Laurentius, Ramspau, die Pfarrgemeinderatswahlen statt. Sie waren unter dem Motto &#8222;Christ sein. Weit denken. Mutig handeln&#8220; gestanden. Gew\u00e4hlt werden kann bei diesen Wahlen, wer das 16. Lebensjahr vollendet hat und katholischer Christ ist. W\u00e4hlen kann, wer das 14. Lebensjahr &hellip; <\/p>\n<p class=\"link-more\"><a href=\"https:\/\/www.pfarreiengemeinschaft-regenstauf.de\/index.php\/unsere-pfarreien\/st-laurentius-ramspau\/team-ramspau\/pfarrgemeinderat\/\" class=\"more-link\"><span class=\"screen-reader-text\">\u201ePfarrgemeinderat\u201c<\/span> weiterlesen<\/a><\/p>\n","protected":false},"author":5,"featured_media":0,"parent":2955,"menu_order":3280,"comment_status":"closed","ping_status":"closed","template":"","meta":{"footnotes":""},"class_list":["post-3339","page","type-page","status-publish","hentry"],"_links":{"self":[{"href":"https:\/\/www.pfarreiengemeinschaft-regenstauf.de\/index.php\/wp-json\/wp\/v2\/pages\/3339","targetHints":{"allow":["GET"]}}],"collection":[{"href":"https:\/\/www.pfarreiengemeinschaft-regenstauf.de\/index.php\/wp-json\/wp\/v2\/pages"}],"about":[{"href":"https:\/\/www.pfarreiengemeinschaft-regenstauf.de\/index.php\/wp-json\/wp\/v2\/types\/page"}],"author":[{"embeddable":true,"href":"https:\/\/www.pfarreiengemeinschaft-regenstauf.de\/index.php\/wp-json\/wp\/v2\/users\/5"}],"replies":[{"embeddable":true,"href":"https:\/\/www.pfarreiengemeinschaft-regenstauf.de\/index.php\/wp-json\/wp\/v2\/comments?post=3339"}],"version-history":[{"count":7,"href":"https:\/\/www.pfarreiengemeinschaft-regenstauf.de\/index.php\/wp-json\/wp\/v2\/pages\/3339\/revisions"}],"predecessor-version":[{"id":3527,"href":"https:\/\/www.pfarreiengemeinschaft-regenstauf.de\/index.php\/wp-json\/wp\/v2\/pages\/3339\/revisions\/3527"}],"up":[{"embeddable":true,"href":"https:\/\/www.pfarreiengemeinschaft-regenstauf.de\/index.php\/wp-json\/wp\/v2\/pages\/2955"}],"wp:attachment":[{"href":"https:\/\/www.pfarreiengemeinschaft-regenstauf.de\/index.php\/wp-json\/wp\/v2\/media?parent=3339"}],"curies":[{"name":"wp","href":"https:\/\/api.w.org\/{rel}","templated":true}]}}