{"id":3337,"date":"2023-02-16T15:55:56","date_gmt":"2023-02-16T14:55:56","guid":{"rendered":"https:\/\/www.pfarreiengemeinschaft-regenstauf.de\/?page_id=3337"},"modified":"2025-02-03T14:37:41","modified_gmt":"2025-02-03T13:37:41","slug":"kirchenverwaltung","status":"publish","type":"page","link":"https:\/\/www.pfarreiengemeinschaft-regenstauf.de\/index.php\/unsere-pfarreien\/st-laurentius-ramspau\/team-ramspau\/kirchenverwaltung\/","title":{"rendered":"Kirchenverwaltung"},"content":{"rendered":"\n<p>Alle sechs Jahre wird die Kirchenverwaltung gew\u00e4hlt. Zuletzt in 2024. Die gew\u00e4hlten Mitglieder verantworten die Finanzen der Pfarrei: Ehrenamtliche sind es, die sich um die finanziellen Belange einer Pfarrei oder Kirchenstiftung k\u00fcmmern, damit f\u00fcr die seelsorgerliche Arbeit die Finanzmittel sinnvoll eingesetzt und die Vorhaben finanziell realisiert werden k\u00f6nnen. <br>Dabei gilt der Grundsatz: Ohne die Zustimmung der Gew\u00e4hlten bewegt sich hier gar nichts.<\/p>\n\n\n\n<p>Der Vorsitzende der Kirchenverwaltung ist der Kirchenpfleger; f\u00fcr St. Laurentius, Ramspau, ist dies Herr Heiner Rautner.<\/p>\n","protected":false},"excerpt":{"rendered":"<p>Alle sechs Jahre wird die Kirchenverwaltung gew\u00e4hlt. Zuletzt in 2024. Die gew\u00e4hlten Mitglieder verantworten die Finanzen der Pfarrei: Ehrenamtliche sind es, die sich um die finanziellen Belange einer Pfarrei oder Kirchenstiftung k\u00fcmmern, damit f\u00fcr die seelsorgerliche Arbeit die Finanzmittel sinnvoll eingesetzt und die Vorhaben finanziell realisiert werden k\u00f6nnen. Dabei gilt der Grundsatz: Ohne die Zustimmung &hellip; <\/p>\n<p class=\"link-more\"><a href=\"https:\/\/www.pfarreiengemeinschaft-regenstauf.de\/index.php\/unsere-pfarreien\/st-laurentius-ramspau\/team-ramspau\/kirchenverwaltung\/\" class=\"more-link\"><span class=\"screen-reader-text\">\u201eKirchenverwaltung\u201c<\/span> weiterlesen<\/a><\/p>\n","protected":false},"author":5,"featured_media":0,"parent":2955,"menu_order":3260,"comment_status":"closed","ping_status":"closed","template":"","meta":{"footnotes":""},"class_list":["post-3337","page","type-page","status-publish","hentry"],"_links":{"self":[{"href":"https:\/\/www.pfarreiengemeinschaft-regenstauf.de\/index.php\/wp-json\/wp\/v2\/pages\/3337","targetHints":{"allow":["GET"]}}],"collection":[{"href":"https:\/\/www.pfarreiengemeinschaft-regenstauf.de\/index.php\/wp-json\/wp\/v2\/pages"}],"about":[{"href":"https:\/\/www.pfarreiengemeinschaft-regenstauf.de\/index.php\/wp-json\/wp\/v2\/types\/page"}],"author":[{"embeddable":true,"href":"https:\/\/www.pfarreiengemeinschaft-regenstauf.de\/index.php\/wp-json\/wp\/v2\/users\/5"}],"replies":[{"embeddable":true,"href":"https:\/\/www.pfarreiengemeinschaft-regenstauf.de\/index.php\/wp-json\/wp\/v2\/comments?post=3337"}],"version-history":[{"count":4,"href":"https:\/\/www.pfarreiengemeinschaft-regenstauf.de\/index.php\/wp-json\/wp\/v2\/pages\/3337\/revisions"}],"predecessor-version":[{"id":3848,"href":"https:\/\/www.pfarreiengemeinschaft-regenstauf.de\/index.php\/wp-json\/wp\/v2\/pages\/3337\/revisions\/3848"}],"up":[{"embeddable":true,"href":"https:\/\/www.pfarreiengemeinschaft-regenstauf.de\/index.php\/wp-json\/wp\/v2\/pages\/2955"}],"wp:attachment":[{"href":"https:\/\/www.pfarreiengemeinschaft-regenstauf.de\/index.php\/wp-json\/wp\/v2\/media?parent=3337"}],"curies":[{"name":"wp","href":"https:\/\/api.w.org\/{rel}","templated":true}]}}