{"id":3333,"date":"2023-02-16T15:55:11","date_gmt":"2023-02-16T14:55:11","guid":{"rendered":"https:\/\/www.pfarreiengemeinschaft-regenstauf.de\/?page_id=3333"},"modified":"2024-03-04T17:35:51","modified_gmt":"2024-03-04T16:35:51","slug":"chorleitung","status":"publish","type":"page","link":"https:\/\/www.pfarreiengemeinschaft-regenstauf.de\/index.php\/unsere-pfarreien\/st-laurentius-ramspau\/team-ramspau\/chorleitung\/","title":{"rendered":"Chorleitung"},"content":{"rendered":"\n<p>Unsere Chorleiterin Gabriele Schmid ist mit der musikalischen Gestaltung unserer Gottesdienste betraut. Sie freut sich immer \u00fcber weitere S\u00e4ngerinnen und S\u00e4nger, um unsere Gottesdienste auf besonders festliche Weise zu gestalten.<\/p>\n\n\n\n<p>Bei Interesse melden Sie sich gerne telefonisch bei ihr: 09402\/3471<\/p>\n\n\n\n<p>Das Portal\u00a0<a href=\"http:\/\/www.chordatenbank.de\" target=\"_blank\" rel=\"noreferrer noopener\"><mark style=\"background-color:rgba(0, 0, 0, 0);color:#0000ff\" class=\"has-inline-color\">chordatenbank.de<\/mark><\/a>\u00a0ist ein kostenloser Service f\u00fcr Ch\u00f6re und Musikgruppen.<\/p>\n","protected":false},"excerpt":{"rendered":"<p>Unsere Chorleiterin Gabriele Schmid ist mit der musikalischen Gestaltung unserer Gottesdienste betraut. Sie freut sich immer \u00fcber weitere S\u00e4ngerinnen und S\u00e4nger, um unsere Gottesdienste auf besonders festliche Weise zu gestalten. Bei Interesse melden Sie sich gerne telefonisch bei ihr: 09402\/3471 Das Portal\u00a0chordatenbank.de\u00a0ist ein kostenloser Service f\u00fcr Ch\u00f6re und Musikgruppen.<\/p>\n","protected":false},"author":5,"featured_media":0,"parent":2955,"menu_order":3220,"comment_status":"closed","ping_status":"closed","template":"","meta":{"footnotes":""},"class_list":["post-3333","page","type-page","status-publish","hentry"],"_links":{"self":[{"href":"https:\/\/www.pfarreiengemeinschaft-regenstauf.de\/index.php\/wp-json\/wp\/v2\/pages\/3333","targetHints":{"allow":["GET"]}}],"collection":[{"href":"https:\/\/www.pfarreiengemeinschaft-regenstauf.de\/index.php\/wp-json\/wp\/v2\/pages"}],"about":[{"href":"https:\/\/www.pfarreiengemeinschaft-regenstauf.de\/index.php\/wp-json\/wp\/v2\/types\/page"}],"author":[{"embeddable":true,"href":"https:\/\/www.pfarreiengemeinschaft-regenstauf.de\/index.php\/wp-json\/wp\/v2\/users\/5"}],"replies":[{"embeddable":true,"href":"https:\/\/www.pfarreiengemeinschaft-regenstauf.de\/index.php\/wp-json\/wp\/v2\/comments?post=3333"}],"version-history":[{"count":4,"href":"https:\/\/www.pfarreiengemeinschaft-regenstauf.de\/index.php\/wp-json\/wp\/v2\/pages\/3333\/revisions"}],"predecessor-version":[{"id":3732,"href":"https:\/\/www.pfarreiengemeinschaft-regenstauf.de\/index.php\/wp-json\/wp\/v2\/pages\/3333\/revisions\/3732"}],"up":[{"embeddable":true,"href":"https:\/\/www.pfarreiengemeinschaft-regenstauf.de\/index.php\/wp-json\/wp\/v2\/pages\/2955"}],"wp:attachment":[{"href":"https:\/\/www.pfarreiengemeinschaft-regenstauf.de\/index.php\/wp-json\/wp\/v2\/media?parent=3333"}],"curies":[{"name":"wp","href":"https:\/\/api.w.org\/{rel}","templated":true}]}}