{"id":328,"date":"2017-05-18T19:38:58","date_gmt":"2017-05-18T17:38:58","guid":{"rendered":"https:\/\/www.pfarreiengemeinschaft-regenstauf.de\/?page_id=328"},"modified":"2023-01-19T09:57:51","modified_gmt":"2023-01-19T08:57:51","slug":"krankenbesuche","status":"publish","type":"page","link":"https:\/\/www.pfarreiengemeinschaft-regenstauf.de\/index.php\/sakramente-seelsorge\/seelsorge\/in-krankheit\/krankenbesuche\/","title":{"rendered":"Krankenbesuche"},"content":{"rendered":"<p>F\u00fcr Kranke zuhause wird <span style=\"color: #0000ff;\"><a style=\"color: #0000ff;\" href=\"https:\/\/www.pfarreiengemeinschaft-regenstauf.de\/index.php\/seelsorge\/in-krankheit\/krankenkommunion\/\">Krankenkommunion<\/a><\/span> angeboten. W\u00fcnschen Sie f\u00fcr sich bzw. Ihre Angeh\u00f6rigen weitergehende Kontakte mit einem Seelsorger, dann wenden Sie sich bitte an unser Pfarrb\u00fcro,<\/p>\n<p style=\"text-align: center;\">Tel. 09402\/ 1268.<\/p>\n","protected":false},"excerpt":{"rendered":"<p>F\u00fcr Kranke zuhause wird Krankenkommunion angeboten. W\u00fcnschen Sie f\u00fcr sich bzw. Ihre Angeh\u00f6rigen weitergehende Kontakte mit einem Seelsorger, dann wenden Sie sich bitte an unser Pfarrb\u00fcro, Tel. 09402\/ 1268.<\/p>\n","protected":false},"author":2,"featured_media":0,"parent":306,"menu_order":12430,"comment_status":"closed","ping_status":"closed","template":"","meta":{"footnotes":""},"class_list":["post-328","page","type-page","status-publish","hentry"],"_links":{"self":[{"href":"https:\/\/www.pfarreiengemeinschaft-regenstauf.de\/index.php\/wp-json\/wp\/v2\/pages\/328","targetHints":{"allow":["GET"]}}],"collection":[{"href":"https:\/\/www.pfarreiengemeinschaft-regenstauf.de\/index.php\/wp-json\/wp\/v2\/pages"}],"about":[{"href":"https:\/\/www.pfarreiengemeinschaft-regenstauf.de\/index.php\/wp-json\/wp\/v2\/types\/page"}],"author":[{"embeddable":true,"href":"https:\/\/www.pfarreiengemeinschaft-regenstauf.de\/index.php\/wp-json\/wp\/v2\/users\/2"}],"replies":[{"embeddable":true,"href":"https:\/\/www.pfarreiengemeinschaft-regenstauf.de\/index.php\/wp-json\/wp\/v2\/comments?post=328"}],"version-history":[{"count":4,"href":"https:\/\/www.pfarreiengemeinschaft-regenstauf.de\/index.php\/wp-json\/wp\/v2\/pages\/328\/revisions"}],"predecessor-version":[{"id":2912,"href":"https:\/\/www.pfarreiengemeinschaft-regenstauf.de\/index.php\/wp-json\/wp\/v2\/pages\/328\/revisions\/2912"}],"up":[{"embeddable":true,"href":"https:\/\/www.pfarreiengemeinschaft-regenstauf.de\/index.php\/wp-json\/wp\/v2\/pages\/306"}],"wp:attachment":[{"href":"https:\/\/www.pfarreiengemeinschaft-regenstauf.de\/index.php\/wp-json\/wp\/v2\/media?parent=328"}],"curies":[{"name":"wp","href":"https:\/\/api.w.org\/{rel}","templated":true}]}}