{"id":2995,"date":"2023-01-23T12:48:18","date_gmt":"2023-01-23T11:48:18","guid":{"rendered":"https:\/\/www.pfarreiengemeinschaft-regenstauf.de\/?page_id=2995"},"modified":"2023-03-08T16:15:41","modified_gmt":"2023-03-08T15:15:41","slug":"eltern-kind-gruppen-in-ramspau","status":"publish","type":"page","link":"https:\/\/www.pfarreiengemeinschaft-regenstauf.de\/index.php\/unsere-pfarreien\/st-laurentius-ramspau\/arbeitskreise-der-pfarrei-ra\/eltern-kind-gruppen-in-ramspau\/","title":{"rendered":"Eltern-Kind-Gruppen in Ramspau"},"content":{"rendered":"\n<p>Unsere Eltern-Kind-Gruppen sind ein Bildungsangebot f\u00fcr M\u00fctter und V\u00e4ter mit Kindern bis zum Kindergarteneintritt.<br>Die Gruppenstunde wird von unserer Leiterin Judith Hofbauer vorbereitet und ausgef\u00fchrt.<br>Im gemeinsamen Spielen, Singen und Basteln lernen Kinder, Kontakt untereinander aufzunehmen und soziales Verhalten einzu\u00fcben.<\/p>\n\n\n\n<p>Ort &amp; Zeit: Pfarrheim Ramspau, <br>jeweils mittwochs und donnerstags von 09:00 &#8211; 11:00 Uhr<\/p>\n\n\n\n<p>Anmeldung ist erforderlich. Sie erreichen Judith Hofbauer unter Tel. 09402\/3471.<\/p>\n","protected":false},"excerpt":{"rendered":"<p>Unsere Eltern-Kind-Gruppen sind ein Bildungsangebot f\u00fcr M\u00fctter und V\u00e4ter mit Kindern bis zum Kindergarteneintritt.Die Gruppenstunde wird von unserer Leiterin Judith Hofbauer vorbereitet und ausgef\u00fchrt.Im gemeinsamen Spielen, Singen und Basteln lernen Kinder, Kontakt untereinander aufzunehmen und soziales Verhalten einzu\u00fcben. Ort &amp; Zeit: Pfarrheim Ramspau, jeweils mittwochs und donnerstags von 09:00 &#8211; 11:00 Uhr Anmeldung ist erforderlich. &hellip; <\/p>\n<p class=\"link-more\"><a href=\"https:\/\/www.pfarreiengemeinschaft-regenstauf.de\/index.php\/unsere-pfarreien\/st-laurentius-ramspau\/arbeitskreise-der-pfarrei-ra\/eltern-kind-gruppen-in-ramspau\/\" class=\"more-link\"><span class=\"screen-reader-text\">\u201eEltern-Kind-Gruppen in Ramspau\u201c<\/span> weiterlesen<\/a><\/p>\n","protected":false},"author":5,"featured_media":0,"parent":2960,"menu_order":3590,"comment_status":"closed","ping_status":"closed","template":"","meta":{"footnotes":""},"class_list":["post-2995","page","type-page","status-publish","hentry"],"_links":{"self":[{"href":"https:\/\/www.pfarreiengemeinschaft-regenstauf.de\/index.php\/wp-json\/wp\/v2\/pages\/2995","targetHints":{"allow":["GET"]}}],"collection":[{"href":"https:\/\/www.pfarreiengemeinschaft-regenstauf.de\/index.php\/wp-json\/wp\/v2\/pages"}],"about":[{"href":"https:\/\/www.pfarreiengemeinschaft-regenstauf.de\/index.php\/wp-json\/wp\/v2\/types\/page"}],"author":[{"embeddable":true,"href":"https:\/\/www.pfarreiengemeinschaft-regenstauf.de\/index.php\/wp-json\/wp\/v2\/users\/5"}],"replies":[{"embeddable":true,"href":"https:\/\/www.pfarreiengemeinschaft-regenstauf.de\/index.php\/wp-json\/wp\/v2\/comments?post=2995"}],"version-history":[{"count":5,"href":"https:\/\/www.pfarreiengemeinschaft-regenstauf.de\/index.php\/wp-json\/wp\/v2\/pages\/2995\/revisions"}],"predecessor-version":[{"id":3289,"href":"https:\/\/www.pfarreiengemeinschaft-regenstauf.de\/index.php\/wp-json\/wp\/v2\/pages\/2995\/revisions\/3289"}],"up":[{"embeddable":true,"href":"https:\/\/www.pfarreiengemeinschaft-regenstauf.de\/index.php\/wp-json\/wp\/v2\/pages\/2960"}],"wp:attachment":[{"href":"https:\/\/www.pfarreiengemeinschaft-regenstauf.de\/index.php\/wp-json\/wp\/v2\/media?parent=2995"}],"curies":[{"name":"wp","href":"https:\/\/api.w.org\/{rel}","templated":true}]}}