{"id":2991,"date":"2023-01-23T12:47:07","date_gmt":"2023-01-23T11:47:07","guid":{"rendered":"https:\/\/www.pfarreiengemeinschaft-regenstauf.de\/?page_id=2991"},"modified":"2023-03-23T10:56:14","modified_gmt":"2023-03-23T09:56:14","slug":"marianische-maennerkongregation-ra","status":"publish","type":"page","link":"https:\/\/www.pfarreiengemeinschaft-regenstauf.de\/index.php\/unsere-pfarreien\/st-laurentius-ramspau\/vereine-und-verbaende-ra\/marianische-maennerkongregation-ra\/","title":{"rendered":"Marianische M\u00e4nnerkongregation RA"},"content":{"rendered":"\n<p>\u201eMit Maria zu Jesus\u201c: <br>Unter diesem Leitgedanken f\u00fchren die Mitglieder der Marianischen M\u00e4nner-Congregation (MMC) ihr Glaubensleben. <\/p>\n\n\n\n<p>Wir von der MMC Ramspau konnten bereits in 2012 unser hundertj\u00e4hriges Bestehen feiern. Dazu (Artikel vom 1. Dez. 2012) berichtete die Mittelbayerische Zeitung:<br>&#8222;Die Marianische M\u00e4nnercongregation (MMC) Ramspau mit ihren derzeit 25 Sodalen feierte ihr 100-j\u00e4hriges Gr\u00fcndungsjubil\u00e4um mit der gesamten Pfarrgemeinde St. Laurentius. Eine Vielzahl weltlicher und kirchlicher Vereine sowie zahlreiche Gl\u00e4ubige feierten mit der Gemeinschaft, die die Verehrung Mariens als Gottes Mutter und Mutter der Kirche seit nunmehr 100 Jahren in den Mittelpunkt stellt.&#8220;<\/p>\n\n\n\n<p>&#8222;Mit Maria zu Jesus&#8220;, dieser Grundsatz gilt auch f\u00fcr unsere heutige Arbeit.<br>Unser Obmann Ludger Hellermann freut sich, wenn Sie ihn kontaktieren.<\/p>\n","protected":false},"excerpt":{"rendered":"<p>\u201eMit Maria zu Jesus\u201c: Unter diesem Leitgedanken f\u00fchren die Mitglieder der Marianischen M\u00e4nner-Congregation (MMC) ihr Glaubensleben. Wir von der MMC Ramspau konnten bereits in 2012 unser hundertj\u00e4hriges Bestehen feiern. Dazu (Artikel vom 1. Dez. 2012) berichtete die Mittelbayerische Zeitung:&#8222;Die Marianische M\u00e4nnercongregation (MMC) Ramspau mit ihren derzeit 25 Sodalen feierte ihr 100-j\u00e4hriges Gr\u00fcndungsjubil\u00e4um mit der gesamten &hellip; <\/p>\n<p class=\"link-more\"><a href=\"https:\/\/www.pfarreiengemeinschaft-regenstauf.de\/index.php\/unsere-pfarreien\/st-laurentius-ramspau\/vereine-und-verbaende-ra\/marianische-maennerkongregation-ra\/\" class=\"more-link\"><span class=\"screen-reader-text\">\u201eMarianische M\u00e4nnerkongregation RA\u201c<\/span> weiterlesen<\/a><\/p>\n","protected":false},"author":5,"featured_media":0,"parent":2964,"menu_order":3410,"comment_status":"closed","ping_status":"closed","template":"","meta":{"footnotes":""},"class_list":["post-2991","page","type-page","status-publish","hentry"],"_links":{"self":[{"href":"https:\/\/www.pfarreiengemeinschaft-regenstauf.de\/index.php\/wp-json\/wp\/v2\/pages\/2991","targetHints":{"allow":["GET"]}}],"collection":[{"href":"https:\/\/www.pfarreiengemeinschaft-regenstauf.de\/index.php\/wp-json\/wp\/v2\/pages"}],"about":[{"href":"https:\/\/www.pfarreiengemeinschaft-regenstauf.de\/index.php\/wp-json\/wp\/v2\/types\/page"}],"author":[{"embeddable":true,"href":"https:\/\/www.pfarreiengemeinschaft-regenstauf.de\/index.php\/wp-json\/wp\/v2\/users\/5"}],"replies":[{"embeddable":true,"href":"https:\/\/www.pfarreiengemeinschaft-regenstauf.de\/index.php\/wp-json\/wp\/v2\/comments?post=2991"}],"version-history":[{"count":6,"href":"https:\/\/www.pfarreiengemeinschaft-regenstauf.de\/index.php\/wp-json\/wp\/v2\/pages\/2991\/revisions"}],"predecessor-version":[{"id":3518,"href":"https:\/\/www.pfarreiengemeinschaft-regenstauf.de\/index.php\/wp-json\/wp\/v2\/pages\/2991\/revisions\/3518"}],"up":[{"embeddable":true,"href":"https:\/\/www.pfarreiengemeinschaft-regenstauf.de\/index.php\/wp-json\/wp\/v2\/pages\/2964"}],"wp:attachment":[{"href":"https:\/\/www.pfarreiengemeinschaft-regenstauf.de\/index.php\/wp-json\/wp\/v2\/media?parent=2991"}],"curies":[{"name":"wp","href":"https:\/\/api.w.org\/{rel}","templated":true}]}}