{"id":2952,"date":"2023-01-21T09:50:55","date_gmt":"2023-01-21T08:50:55","guid":{"rendered":"https:\/\/www.pfarreiengemeinschaft-regenstauf.de\/?page_id=2952"},"modified":"2023-03-08T16:16:35","modified_gmt":"2023-03-08T15:16:35","slug":"team-kb","status":"publish","type":"page","link":"https:\/\/www.pfarreiengemeinschaft-regenstauf.de\/index.php\/unsere-pfarreien\/mariae-himmelfahrt-kirchberg\/team-kb\/","title":{"rendered":"Team"},"content":{"rendered":"\n<p>Unsere <span style=\"color: #0000ff;\"><a href=\"https:\/\/www.pfarreiengemeinschaft-regenstauf.de\/index.php\/team\/ihre-seelsorger\/\"><span style=\"color: #0000ff;\">Seelsorger<\/span><\/a><\/span> werden unterst\u00fctzt durch<br>&#8211; den <a href=\" https:\/\/www.pfarreiengemeinschaft-regenstauf.de\/index.php\/unsere-pfarreien\/mariae-himmelfahrt-kirchberg\/arbeitskreise-der-pfarrei-kb\/kirchenmusik-in-kirchberg\/\"><span style=\"color: #0000ff;\">Kirchenmusiker Roland Pirzer<\/span><\/a> mit seinen S\u00e4ngerinnen und S\u00e4ngern;<br>&#8211; eine gute Organisationseinheit bestehend aus dem <a href=\" https:\/\/www.pfarreiengemeinschaft-regenstauf.de\/index.php\/unsere-pfarreien\/st-laurentius-ramspau\/\"><span style=\"color: #0000ff;\">Sekretariat<\/span><\/a>, (welches wir uns mit St. Laurentius, Ramspau, teilen) unseren Mesner, Herrn Riedl (Tel. 09402\/1514) und nicht zuletzt durch<br>&#8211; die Kirchenverwaltung mit Pfarrer Thomas Meier und Kirchenpfleger Alfons Bengler (Tel. 09402 4440)  und<br>&#8211; den <span style=\"color: #0000ff;\"><a href=\" https:\/\/www.pfarreiengemeinschaft-regenstauf.de\/index.php\/unsere-pfarreien\/mariae-himmelfahrt-kirchberg\/team-kb\/pfarrgemeinderat-kirchberg\/\"><span style=\"color: #0000ff;\">Pfarrgemeinderat<\/span><\/a><\/span><\/p>\n\n\n\n<p><\/p>\n","protected":false},"excerpt":{"rendered":"<p>Unsere Seelsorger werden unterst\u00fctzt durch&#8211; den Kirchenmusiker Roland Pirzer mit seinen S\u00e4ngerinnen und S\u00e4ngern;&#8211; eine gute Organisationseinheit bestehend aus dem Sekretariat, (welches wir uns mit St. Laurentius, Ramspau, teilen) unseren Mesner, Herrn Riedl (Tel. 09402\/1514) und nicht zuletzt durch&#8211; die Kirchenverwaltung mit Pfarrer Thomas Meier und Kirchenpfleger Alfons Bengler (Tel. 09402 4440) und&#8211; den Pfarrgemeinderat<\/p>\n","protected":false},"author":4,"featured_media":0,"parent":2879,"menu_order":4200,"comment_status":"closed","ping_status":"closed","template":"","meta":{"footnotes":""},"class_list":["post-2952","page","type-page","status-publish","hentry"],"_links":{"self":[{"href":"https:\/\/www.pfarreiengemeinschaft-regenstauf.de\/index.php\/wp-json\/wp\/v2\/pages\/2952","targetHints":{"allow":["GET"]}}],"collection":[{"href":"https:\/\/www.pfarreiengemeinschaft-regenstauf.de\/index.php\/wp-json\/wp\/v2\/pages"}],"about":[{"href":"https:\/\/www.pfarreiengemeinschaft-regenstauf.de\/index.php\/wp-json\/wp\/v2\/types\/page"}],"author":[{"embeddable":true,"href":"https:\/\/www.pfarreiengemeinschaft-regenstauf.de\/index.php\/wp-json\/wp\/v2\/users\/4"}],"replies":[{"embeddable":true,"href":"https:\/\/www.pfarreiengemeinschaft-regenstauf.de\/index.php\/wp-json\/wp\/v2\/comments?post=2952"}],"version-history":[{"count":5,"href":"https:\/\/www.pfarreiengemeinschaft-regenstauf.de\/index.php\/wp-json\/wp\/v2\/pages\/2952\/revisions"}],"predecessor-version":[{"id":3266,"href":"https:\/\/www.pfarreiengemeinschaft-regenstauf.de\/index.php\/wp-json\/wp\/v2\/pages\/2952\/revisions\/3266"}],"up":[{"embeddable":true,"href":"https:\/\/www.pfarreiengemeinschaft-regenstauf.de\/index.php\/wp-json\/wp\/v2\/pages\/2879"}],"wp:attachment":[{"href":"https:\/\/www.pfarreiengemeinschaft-regenstauf.de\/index.php\/wp-json\/wp\/v2\/media?parent=2952"}],"curies":[{"name":"wp","href":"https:\/\/api.w.org\/{rel}","templated":true}]}}