{"id":2919,"date":"2023-01-19T15:25:34","date_gmt":"2023-01-19T14:25:34","guid":{"rendered":"https:\/\/www.pfarreiengemeinschaft-regenstauf.de\/?page_id=2919"},"modified":"2024-11-11T16:56:18","modified_gmt":"2024-11-11T15:56:18","slug":"katholische-buecherei-ramspau","status":"publish","type":"page","link":"https:\/\/www.pfarreiengemeinschaft-regenstauf.de\/index.php\/einrichtungen\/katholische-buecherei-ramspau\/","title":{"rendered":"Katholische B\u00fccherei Ramspau"},"content":{"rendered":"\n<p><\/p>\n\n\n\n<p>Unsere B\u00fccherei ist in der Grundschule Ramspau, Schulweg 1, untergebracht. Dort warten \u00fcber 8000 Medien auf Sie, neben B\u00fcchern auch Spiele und CDs\/ DVDs.<br>Ihre Ansprechpartnerin Gudrun Hellermann und Ihr Team werden Sie gerne beraten.<\/p>\n\n\n\n<p>Unsere \u00d6ffnungszeiten sind wie folgt:<\/p>\n\n\n\n<figure class=\"wp-block-table aligncenter is-style-regular\"><table class=\"has-fixed-layout\"><tbody><tr><td>Mittwochs und jeden 1. und 3. Freitag eines Monats:<\/td><td>16:30-18:00 Uhr<\/td><\/tr><tr><td>F\u00fcr die Schulkinder jeden Donnerstag:<\/td><td>08:00-12:00 Uhr<\/td><\/tr><\/tbody><\/table><\/figure>\n\n\n\n<figure class=\"wp-block-image size-full\"><img loading=\"lazy\" decoding=\"async\" width=\"999\" height=\"563\" src=\"https:\/\/www.pfarreiengemeinschaft-regenstauf.de\/wp-content\/uploads\/2023\/02\/Buecherei-Ramspau-2023.jpg\" alt=\"\" class=\"wp-image-3255\" srcset=\"https:\/\/www.pfarreiengemeinschaft-regenstauf.de\/wp-content\/uploads\/2023\/02\/Buecherei-Ramspau-2023.jpg 999w, https:\/\/www.pfarreiengemeinschaft-regenstauf.de\/wp-content\/uploads\/2023\/02\/Buecherei-Ramspau-2023-300x169.jpg 300w, https:\/\/www.pfarreiengemeinschaft-regenstauf.de\/wp-content\/uploads\/2023\/02\/Buecherei-Ramspau-2023-768x433.jpg 768w\" sizes=\"auto, (max-width: 767px) 89vw, (max-width: 1000px) 54vw, (max-width: 1071px) 543px, 580px\" \/><\/figure>\n","protected":false},"excerpt":{"rendered":"<p>Unsere B\u00fccherei ist in der Grundschule Ramspau, Schulweg 1, untergebracht. Dort warten \u00fcber 8000 Medien auf Sie, neben B\u00fcchern auch Spiele und CDs\/ DVDs.Ihre Ansprechpartnerin Gudrun Hellermann und Ihr Team werden Sie gerne beraten. Unsere \u00d6ffnungszeiten sind wie folgt: Mittwochs und jeden 1. und 3. Freitag eines Monats: 16:30-18:00 Uhr F\u00fcr die Schulkinder jeden Donnerstag: &hellip; <\/p>\n<p class=\"link-more\"><a href=\"https:\/\/www.pfarreiengemeinschaft-regenstauf.de\/index.php\/einrichtungen\/katholische-buecherei-ramspau\/\" class=\"more-link\"><span class=\"screen-reader-text\">\u201eKatholische B\u00fccherei Ramspau\u201c<\/span> weiterlesen<\/a><\/p>\n","protected":false},"author":2,"featured_media":0,"parent":36,"menu_order":9400,"comment_status":"closed","ping_status":"closed","template":"","meta":{"footnotes":""},"class_list":["post-2919","page","type-page","status-publish","hentry"],"_links":{"self":[{"href":"https:\/\/www.pfarreiengemeinschaft-regenstauf.de\/index.php\/wp-json\/wp\/v2\/pages\/2919","targetHints":{"allow":["GET"]}}],"collection":[{"href":"https:\/\/www.pfarreiengemeinschaft-regenstauf.de\/index.php\/wp-json\/wp\/v2\/pages"}],"about":[{"href":"https:\/\/www.pfarreiengemeinschaft-regenstauf.de\/index.php\/wp-json\/wp\/v2\/types\/page"}],"author":[{"embeddable":true,"href":"https:\/\/www.pfarreiengemeinschaft-regenstauf.de\/index.php\/wp-json\/wp\/v2\/users\/2"}],"replies":[{"embeddable":true,"href":"https:\/\/www.pfarreiengemeinschaft-regenstauf.de\/index.php\/wp-json\/wp\/v2\/comments?post=2919"}],"version-history":[{"count":10,"href":"https:\/\/www.pfarreiengemeinschaft-regenstauf.de\/index.php\/wp-json\/wp\/v2\/pages\/2919\/revisions"}],"predecessor-version":[{"id":3814,"href":"https:\/\/www.pfarreiengemeinschaft-regenstauf.de\/index.php\/wp-json\/wp\/v2\/pages\/2919\/revisions\/3814"}],"up":[{"embeddable":true,"href":"https:\/\/www.pfarreiengemeinschaft-regenstauf.de\/index.php\/wp-json\/wp\/v2\/pages\/36"}],"wp:attachment":[{"href":"https:\/\/www.pfarreiengemeinschaft-regenstauf.de\/index.php\/wp-json\/wp\/v2\/media?parent=2919"}],"curies":[{"name":"wp","href":"https:\/\/api.w.org\/{rel}","templated":true}]}}