{"id":2780,"date":"2022-09-03T11:17:43","date_gmt":"2022-09-03T09:17:43","guid":{"rendered":"https:\/\/www.pfarreiengemeinschaft-regenstauf.de\/?page_id=2780"},"modified":"2023-02-11T09:40:15","modified_gmt":"2023-02-11T08:40:15","slug":"pfarrer-filialkirchen","status":"publish","type":"page","link":"https:\/\/www.pfarreiengemeinschaft-regenstauf.de\/index.php\/ihre-seelsorger\/pfarrer-filialkirchen\/","title":{"rendered":"Pfarrer (Kirchberg+Ramspau)"},"content":{"rendered":"\n<p><img loading=\"lazy\" decoding=\"async\" class=\"\" src=\"https:\/\/www.pfarreiengemeinschaft-regenstauf.de\/wp-content\/uploads\/2022\/09\/Thomas-Meier-2022-09-06.jpg\" width=\"200\" height=\"290\"><\/p>\n\n\n\n<p>Mein Name ist Thomas Meier, ich bin 1980 geboren und komme aus der Grenzstadt Furth im Wald. Nach dem Abschluss der Fachoberschule Cham studierte ich von 1999 bis 2002 an der Beamtenfachhochschule Starnberg und habe dann die Laufbahn im gehobenen Dienst bei der Justiz eingeschlagen. Nach 9 Jahren T\u00e4tigkeit am Amtsgericht M\u00fcnchen, Amtsgericht Coburg, der Staatsanwaltschaft Regensburg und schlie\u00dflich beim Amtsgericht Straubing habe ich 2011 mit dem Studium der Theologie in Regensburg begonnen.  Das nochmalige Studium machte mir sehr viel Freude. Nach dem Diakonat in Amberg wurde ich dann im Jahr 2017 zum Priester geweiht und war in der Folge Kaplan in den Pfarreien St. Nikolaus in Eggenfelden und M. Immaculata in Mainburg.<br>Seit September 2022 bin ich nun als Pfarrer f\u00fcr die Pfarreien Ramspau und Kirchberg sowie als Seelsorger bei den Regensburger Domspatzen eingesetzt.<br>Ich freue mich \u00fcber jede einzelne Begegnung mit Ihnen!<\/p>\n","protected":false},"excerpt":{"rendered":"<p>Mein Name ist Thomas Meier, ich bin 1980 geboren und komme aus der Grenzstadt Furth im Wald. Nach dem Abschluss der Fachoberschule Cham studierte ich von 1999 bis 2002 an der Beamtenfachhochschule Starnberg und habe dann die Laufbahn im gehobenen Dienst bei der Justiz eingeschlagen. Nach 9 Jahren T\u00e4tigkeit am Amtsgericht M\u00fcnchen, Amtsgericht Coburg, der &hellip; <\/p>\n<p class=\"link-more\"><a href=\"https:\/\/www.pfarreiengemeinschaft-regenstauf.de\/index.php\/ihre-seelsorger\/pfarrer-filialkirchen\/\" class=\"more-link\"><span class=\"screen-reader-text\">\u201ePfarrer (Kirchberg+Ramspau)\u201c<\/span> weiterlesen<\/a><\/p>\n","protected":false},"author":2,"featured_media":0,"parent":103,"menu_order":8200,"comment_status":"closed","ping_status":"closed","template":"","meta":{"footnotes":""},"class_list":["post-2780","page","type-page","status-publish","hentry"],"_links":{"self":[{"href":"https:\/\/www.pfarreiengemeinschaft-regenstauf.de\/index.php\/wp-json\/wp\/v2\/pages\/2780","targetHints":{"allow":["GET"]}}],"collection":[{"href":"https:\/\/www.pfarreiengemeinschaft-regenstauf.de\/index.php\/wp-json\/wp\/v2\/pages"}],"about":[{"href":"https:\/\/www.pfarreiengemeinschaft-regenstauf.de\/index.php\/wp-json\/wp\/v2\/types\/page"}],"author":[{"embeddable":true,"href":"https:\/\/www.pfarreiengemeinschaft-regenstauf.de\/index.php\/wp-json\/wp\/v2\/users\/2"}],"replies":[{"embeddable":true,"href":"https:\/\/www.pfarreiengemeinschaft-regenstauf.de\/index.php\/wp-json\/wp\/v2\/comments?post=2780"}],"version-history":[{"count":7,"href":"https:\/\/www.pfarreiengemeinschaft-regenstauf.de\/index.php\/wp-json\/wp\/v2\/pages\/2780\/revisions"}],"predecessor-version":[{"id":3305,"href":"https:\/\/www.pfarreiengemeinschaft-regenstauf.de\/index.php\/wp-json\/wp\/v2\/pages\/2780\/revisions\/3305"}],"up":[{"embeddable":true,"href":"https:\/\/www.pfarreiengemeinschaft-regenstauf.de\/index.php\/wp-json\/wp\/v2\/pages\/103"}],"wp:attachment":[{"href":"https:\/\/www.pfarreiengemeinschaft-regenstauf.de\/index.php\/wp-json\/wp\/v2\/media?parent=2780"}],"curies":[{"name":"wp","href":"https:\/\/api.w.org\/{rel}","templated":true}]}}