{"id":2613,"date":"2022-02-28T12:34:21","date_gmt":"2022-02-28T11:34:21","guid":{"rendered":"https:\/\/www.pfarreiengemeinschaft-regenstauf.de\/?page_id=2613"},"modified":"2023-01-19T20:56:03","modified_gmt":"2023-01-19T19:56:03","slug":"diakon-elmar-wechsler","status":"publish","type":"page","link":"https:\/\/www.pfarreiengemeinschaft-regenstauf.de\/index.php\/ihre-seelsorger\/diakon-elmar-wechsler\/","title":{"rendered":"Diakon Elmar Wechsler"},"content":{"rendered":"\n<img loading=\"lazy\" decoding=\"async\" class=\"alignnone size-medium wp-image-667\" src=\" https:\/\/www.pfarreiengemeinschaft-regenstauf.de\/wp-content\/uploads\/2022\/02\/Diakon-Wechsler-2022-02-12.jpg\" alt=\"\" width=\"242\" height=\"300\">\n\n\n\n<p>Tel. 09402\/70639<br>\neMail: <span style=\"color: #0000ff;\"><a style=\"color: #0000ff;\" href=\"mailto:elmar.wechsler@gmx.net\">elmar.wechsler@gmx.net<\/a><\/span><\/p>\n\n\n\n<p><strong>Zu meiner Person<\/strong><br>\nGeboren bin ich 1953 in Wei\u00dfenburg\/ Bayern<br>\nNach Abschluss meines Studiums des Chemieingenieurwesens arbeitete ich zun\u00e4chst in N\u00fcrnberg, wo ich auch meine Frau kennenlernte. Kurze Zeit sp\u00e4ter zogen wir in die sch\u00f6ne Regensburger Gegend und seit 1994 wohne ich mit meiner Frau in Regenstauf. Beide Kinder sind mittlerweile erwachsen.<br>\nIn 2007 wurde ich nach entsprechendem theologischem Studium im Dom zu Regensburg zum Diakon geweiht. Meine Stationen als Diakon mit Zivilberuf sind seitdem wie folgt:<br>\nNov. 2007 \u2013 Dez. 2017: Pfarrei St. Jakobus, Regenstauf<br> Jan 2018 \u2013 Feb. 2022: Pfarreiengemeinschaft St. \u00c4gidius mit St. Laurentius und St. Bartholom\u00e4us<br> ab M\u00e4rz 2022: Pfarreiengemeinschaft St. Jakobus, Regenstauf, mit St. Laurentius, Ramspau, und Mari\u00e4 Himmelfahrt, Kirchberg.<\/p>\n\n\n\n<p><strong>Aufgaben in der Pfarrei<\/strong>\n<\/p><ul>\n<li>Mitwirkung in der Liturgie: Altarassistenz, Predigtdienst, Taufdienst, Eheschlie\u00dfung, Andachten<\/li>\n<li>Beerdigungen<\/li>\n<li>Wortgottesdienste<\/li>\n<li>Gespr\u00e4chsseelsorge<\/li>\n<li>Betreuung der Homepage der Pfarrei<\/li>\n<\/ul><p><\/p>\n","protected":false},"excerpt":{"rendered":"<p>Tel. 09402\/70639 eMail: elmar.wechsler@gmx.net Zu meiner Person Geboren bin ich 1953 in Wei\u00dfenburg\/ Bayern Nach Abschluss meines Studiums des Chemieingenieurwesens arbeitete ich zun\u00e4chst in N\u00fcrnberg, wo ich auch meine Frau kennenlernte. Kurze Zeit sp\u00e4ter zogen wir in die sch\u00f6ne Regensburger Gegend und seit 1994 wohne ich mit meiner Frau in Regenstauf. Beide Kinder sind mittlerweile &hellip; <\/p>\n<p class=\"link-more\"><a href=\"https:\/\/www.pfarreiengemeinschaft-regenstauf.de\/index.php\/ihre-seelsorger\/diakon-elmar-wechsler\/\" class=\"more-link\"><span class=\"screen-reader-text\">\u201eDiakon Elmar Wechsler\u201c<\/span> weiterlesen<\/a><\/p>\n","protected":false},"author":2,"featured_media":0,"parent":103,"menu_order":8450,"comment_status":"closed","ping_status":"closed","template":"","meta":{"footnotes":""},"class_list":["post-2613","page","type-page","status-publish","hentry"],"_links":{"self":[{"href":"https:\/\/www.pfarreiengemeinschaft-regenstauf.de\/index.php\/wp-json\/wp\/v2\/pages\/2613","targetHints":{"allow":["GET"]}}],"collection":[{"href":"https:\/\/www.pfarreiengemeinschaft-regenstauf.de\/index.php\/wp-json\/wp\/v2\/pages"}],"about":[{"href":"https:\/\/www.pfarreiengemeinschaft-regenstauf.de\/index.php\/wp-json\/wp\/v2\/types\/page"}],"author":[{"embeddable":true,"href":"https:\/\/www.pfarreiengemeinschaft-regenstauf.de\/index.php\/wp-json\/wp\/v2\/users\/2"}],"replies":[{"embeddable":true,"href":"https:\/\/www.pfarreiengemeinschaft-regenstauf.de\/index.php\/wp-json\/wp\/v2\/comments?post=2613"}],"version-history":[{"count":11,"href":"https:\/\/www.pfarreiengemeinschaft-regenstauf.de\/index.php\/wp-json\/wp\/v2\/pages\/2613\/revisions"}],"predecessor-version":[{"id":2634,"href":"https:\/\/www.pfarreiengemeinschaft-regenstauf.de\/index.php\/wp-json\/wp\/v2\/pages\/2613\/revisions\/2634"}],"up":[{"embeddable":true,"href":"https:\/\/www.pfarreiengemeinschaft-regenstauf.de\/index.php\/wp-json\/wp\/v2\/pages\/103"}],"wp:attachment":[{"href":"https:\/\/www.pfarreiengemeinschaft-regenstauf.de\/index.php\/wp-json\/wp\/v2\/media?parent=2613"}],"curies":[{"name":"wp","href":"https:\/\/api.w.org\/{rel}","templated":true}]}}