{"id":2329,"date":"2021-08-10T20:00:39","date_gmt":"2021-08-10T18:00:39","guid":{"rendered":"https:\/\/www.pfarreiengemeinschaft-regenstauf.de\/?page_id=2329"},"modified":"2023-01-19T16:40:37","modified_gmt":"2023-01-19T15:40:37","slug":"geschichte-der-kirchenmusik","status":"publish","type":"page","link":"https:\/\/www.pfarreiengemeinschaft-regenstauf.de\/index.php\/unsere-pfarreien\/st-jakobus-regenstauf\/arbeitskreise-der-pfarrei\/kirchenmusik\/geschichte-der-kirchenmusik\/","title":{"rendered":"Geschichte der Kirchenmusik"},"content":{"rendered":"\n<p><\/p><p><\/p><table><tbody><tr><td valign=\"top\">1996<\/td><td>Anstellung eines hauptamtlichen Kirchenmusikers<br>Gr\u00fcndung Jugendchor und Kinderchor<\/td><\/tr><tr><td>1997<\/td><td>Gr\u00fcndung des Kirchenchors<\/td><\/tr><tr><td>1998<\/td><td>Teilung des Kinderchores in Kinderchor I und II<\/td><\/tr>\n<tr><td>2000<\/td><td>Gr\u00fcndung Band &#8222;MAKABER&#8220;<\/td><\/tr><tr><td>2004<\/td><td>Gr\u00fcndung Nachwuchsband &#8222;Future&#8220;<\/td><\/tr><tr><td valign=\"top\">2005<\/td><td>Gr\u00fcndung eines <span style=\"color: #0000ff;\"><a href=\"https:\/\/www.pfarreiengemeinschaft-regenstauf.de\/index.php\/gemeinsamkeit-erleben\/vereine-und-verbaende\/foerderverein-freunde-der-kirchenmusik\/\"><span style=\"color: #0000ff;\">F\u00f6rdervereins f\u00fcr Kirchenmusik.<\/span><\/a><\/span><br> Dieser unterst\u00fctzt die Arbeit der Abteilung finanziell. Praktisch alle Anschaffungen der letzten Jahrzehnte wurden vom F\u00f6rderverein fast vollst\u00e4ndig finanziert. Dazu geh\u00f6ren Noten, Chorkleidung, Klavier, technische Ausr\u00fcstung aller Art, Chorausfahren und vieles mehr.<\/td><\/tr><tr><td>2008<\/td><td>Gr\u00fcndung Gospelchor &#8222;Spirit&#8220;<\/td><\/tr><tr><td>2011<\/td><td>Gr\u00fcndung Auswahlchor &#8222;Shells&#8220;<\/td><\/tr><tr><td>2015<\/td><td>Beitritt zum Chorverband &#8222;Pueri Cantores&#8220;<\/td><\/tr><tr><td valign=\"top\">2019<\/td><td>Die Kirchenmusikstelle wird zur Leuchtturmstelle der Di\u00f6zese Regensburg. Dies bedeutet einerseits, dass wir von der Di\u00f6zese mit 30% aller Gehaltskosten des Kirchenmusikers gef\u00f6rdert werden und es bedeutet andererseits, dass wir mit dem Schwerpunkt \u201eNeu Geistliches Lied\u201c \u201eleuchten\u201c sollen.<br><br>Gr\u00fcndung Nachwuchsband &#8222;Minifuture&#8220;<\/td><\/tr><\/tbody><\/table>\n<div style=\"text-align: right\"><span style=\"color: #0000ff;\"><a href=\"https:\/\/www.pfarreiengemeinschaft-regenstauf.de\/index.php\/gemeinsamkeit-erleben\/arbeitskreise-der-pfarrei\/kirchenmusik\/\"><span style=\"color: #0000ff;\">zur\u00fcck<\/span><\/a><\/span><\/div>\n\n\n\n<p><\/p>\n","protected":false},"excerpt":{"rendered":"<p>1996 Anstellung eines hauptamtlichen KirchenmusikersGr\u00fcndung Jugendchor und Kinderchor 1997 Gr\u00fcndung des Kirchenchors 1998 Teilung des Kinderchores in Kinderchor I und II 2000 Gr\u00fcndung Band &#8222;MAKABER&#8220; 2004 Gr\u00fcndung Nachwuchsband &#8222;Future&#8220; 2005 Gr\u00fcndung eines F\u00f6rdervereins f\u00fcr Kirchenmusik. Dieser unterst\u00fctzt die Arbeit der Abteilung finanziell. Praktisch alle Anschaffungen der letzten Jahrzehnte wurden vom F\u00f6rderverein fast vollst\u00e4ndig finanziert. Dazu &hellip; <\/p>\n<p class=\"link-more\"><a href=\"https:\/\/www.pfarreiengemeinschaft-regenstauf.de\/index.php\/unsere-pfarreien\/st-jakobus-regenstauf\/arbeitskreise-der-pfarrei\/kirchenmusik\/geschichte-der-kirchenmusik\/\" class=\"more-link\"><span class=\"screen-reader-text\">\u201eGeschichte der Kirchenmusik\u201c<\/span> weiterlesen<\/a><\/p>\n","protected":false},"author":2,"featured_media":0,"parent":369,"menu_order":2650,"comment_status":"closed","ping_status":"closed","template":"","meta":{"footnotes":""},"class_list":["post-2329","page","type-page","status-publish","hentry"],"_links":{"self":[{"href":"https:\/\/www.pfarreiengemeinschaft-regenstauf.de\/index.php\/wp-json\/wp\/v2\/pages\/2329","targetHints":{"allow":["GET"]}}],"collection":[{"href":"https:\/\/www.pfarreiengemeinschaft-regenstauf.de\/index.php\/wp-json\/wp\/v2\/pages"}],"about":[{"href":"https:\/\/www.pfarreiengemeinschaft-regenstauf.de\/index.php\/wp-json\/wp\/v2\/types\/page"}],"author":[{"embeddable":true,"href":"https:\/\/www.pfarreiengemeinschaft-regenstauf.de\/index.php\/wp-json\/wp\/v2\/users\/2"}],"replies":[{"embeddable":true,"href":"https:\/\/www.pfarreiengemeinschaft-regenstauf.de\/index.php\/wp-json\/wp\/v2\/comments?post=2329"}],"version-history":[{"count":18,"href":"https:\/\/www.pfarreiengemeinschaft-regenstauf.de\/index.php\/wp-json\/wp\/v2\/pages\/2329\/revisions"}],"predecessor-version":[{"id":2415,"href":"https:\/\/www.pfarreiengemeinschaft-regenstauf.de\/index.php\/wp-json\/wp\/v2\/pages\/2329\/revisions\/2415"}],"up":[{"embeddable":true,"href":"https:\/\/www.pfarreiengemeinschaft-regenstauf.de\/index.php\/wp-json\/wp\/v2\/pages\/369"}],"wp:attachment":[{"href":"https:\/\/www.pfarreiengemeinschaft-regenstauf.de\/index.php\/wp-json\/wp\/v2\/media?parent=2329"}],"curies":[{"name":"wp","href":"https:\/\/api.w.org\/{rel}","templated":true}]}}