{"id":2024,"date":"2020-09-18T19:42:24","date_gmt":"2020-09-18T17:42:24","guid":{"rendered":"https:\/\/www.pfarreiengemeinschaft-regenstauf.de\/?page_id=2024"},"modified":"2023-01-19T20:56:43","modified_gmt":"2023-01-19T19:56:43","slug":"pastoralpraktikantin","status":"publish","type":"page","link":"https:\/\/www.pfarreiengemeinschaft-regenstauf.de\/index.php\/ihre-seelsorger\/pastoralpraktikantin\/","title":{"rendered":"Pastoralassistentin"},"content":{"rendered":"\n<p><strong>Katharina Sp\u00e4th<\/strong><\/p>\n\n\n\n<p><img loading=\"lazy\" decoding=\"async\" class=\"alignnone size-full wp-image-603\" src=\" https:\/\/www.pfarreiengemeinschaft-regenstauf.de\/wp-content\/uploads\/2021\/08\/Katharina-Spaeth-2021-08.jpg\" alt=\"\" width=\"200\" height=\"290\"><\/p><br>Tel. 09402\/780840<br>eMail: katharina.spaeth@etae.eu<br><br>\n\n\n\n<p>Mein Name ist Katharina Sp\u00e4th und ich bin Jahrgang 1994. Schon in meiner Jugendzeit habe ich mich gerne in meiner Heimatpfarrei in Zeitlarn eingebracht. Nach meinem Abitur studierte ich an der Universit\u00e4t Regensburg Katholische Theologie. Im M\u00e4rz 2020 schloss ich mein Studium ab. Meine Magisterarbeit verfasste ich im Fach Liturgiewissenschaft.  W\u00e4hrend meines Studiums ist mir bewusst geworden, dass mir das Engagement in einer Pfarrei wichtig ist und mir Freude bereitet. Daher habe ich mich entschieden, nach meinem Studium die Ausbildung zur Pastoralreferentin zu machen.  Zu dieser Ausbildung geh\u00f6rt ein berufspraktisches Jahr, das ich in der Pfarreiengemeinschaft absolvieren durfte. An dieses berufspraktische Jahr schlie\u00dfen sich nun zwei weitere Ausbildungsjahre an.  Es ist mir eine gro\u00dfe Freude, dass ich die kommenden beiden Jahre als Pastoralassistentin in der Pfarreiengemeinschaft t\u00e4tig sein darf und ich freue mich auf die Zusammenarbeit in den unterschiedlichen Bereichen. <\/p>\n","protected":false},"excerpt":{"rendered":"<p>Katharina Sp\u00e4th Tel. 09402\/780840eMail: katharina.spaeth@etae.eu Mein Name ist Katharina Sp\u00e4th und ich bin Jahrgang 1994. Schon in meiner Jugendzeit habe ich mich gerne in meiner Heimatpfarrei in Zeitlarn eingebracht. Nach meinem Abitur studierte ich an der Universit\u00e4t Regensburg Katholische Theologie. Im M\u00e4rz 2020 schloss ich mein Studium ab. Meine Magisterarbeit verfasste ich im Fach Liturgiewissenschaft. &hellip; <\/p>\n<p class=\"link-more\"><a href=\"https:\/\/www.pfarreiengemeinschaft-regenstauf.de\/index.php\/ihre-seelsorger\/pastoralpraktikantin\/\" class=\"more-link\"><span class=\"screen-reader-text\">\u201ePastoralassistentin\u201c<\/span> weiterlesen<\/a><\/p>\n","protected":false},"author":2,"featured_media":0,"parent":103,"menu_order":8550,"comment_status":"closed","ping_status":"closed","template":"","meta":{"footnotes":""},"class_list":["post-2024","page","type-page","status-publish","hentry"],"_links":{"self":[{"href":"https:\/\/www.pfarreiengemeinschaft-regenstauf.de\/index.php\/wp-json\/wp\/v2\/pages\/2024","targetHints":{"allow":["GET"]}}],"collection":[{"href":"https:\/\/www.pfarreiengemeinschaft-regenstauf.de\/index.php\/wp-json\/wp\/v2\/pages"}],"about":[{"href":"https:\/\/www.pfarreiengemeinschaft-regenstauf.de\/index.php\/wp-json\/wp\/v2\/types\/page"}],"author":[{"embeddable":true,"href":"https:\/\/www.pfarreiengemeinschaft-regenstauf.de\/index.php\/wp-json\/wp\/v2\/users\/2"}],"replies":[{"embeddable":true,"href":"https:\/\/www.pfarreiengemeinschaft-regenstauf.de\/index.php\/wp-json\/wp\/v2\/comments?post=2024"}],"version-history":[{"count":10,"href":"https:\/\/www.pfarreiengemeinschaft-regenstauf.de\/index.php\/wp-json\/wp\/v2\/pages\/2024\/revisions"}],"predecessor-version":[{"id":2502,"href":"https:\/\/www.pfarreiengemeinschaft-regenstauf.de\/index.php\/wp-json\/wp\/v2\/pages\/2024\/revisions\/2502"}],"up":[{"embeddable":true,"href":"https:\/\/www.pfarreiengemeinschaft-regenstauf.de\/index.php\/wp-json\/wp\/v2\/pages\/103"}],"wp:attachment":[{"href":"https:\/\/www.pfarreiengemeinschaft-regenstauf.de\/index.php\/wp-json\/wp\/v2\/media?parent=2024"}],"curies":[{"name":"wp","href":"https:\/\/api.w.org\/{rel}","templated":true}]}}