{"id":159,"date":"2017-05-03T21:14:44","date_gmt":"2017-05-03T19:14:44","guid":{"rendered":"https:\/\/www.pfarreiengemeinschaft-regenstauf.de\/?page_id=159"},"modified":"2024-03-04T17:45:57","modified_gmt":"2024-03-04T16:45:57","slug":"hilfe-in-not","status":"publish","type":"page","link":"https:\/\/www.pfarreiengemeinschaft-regenstauf.de\/index.php\/sakramente-seelsorge\/seelsorge\/hilfe-in-not\/","title":{"rendered":"Hilfe in Not"},"content":{"rendered":"<p><strong>Telefonseelsorge<\/strong><br \/>\nDie Nummer der Telefonseelsorge lautet 0800 1110111 bzw. 0800 1110222. Es handelt sich dabei um eine kostenfreie Nummer: unabh\u00e4ngig von der Dauer des Anrufs entstehen keine Geb\u00fchren. Weiterhin kann die Telefonseelsorge auch per Chat kontaktiert werden. Unter <span style=\"color: #0000ff;\"><a style=\"color: #0000ff;\" href=\"https:\/\/www.telefonseelsorge.de\/\" target=\"_blank\" rel=\"noopener\">https:\/\/www.telefonseelsorge.de\/<\/a><\/span> gibt es einen Link &#8222;zum Chat&#8220;, worunter man einen Termin vereinbaren kann (Link &#8222;Termine&#8220;).<\/p>\n<hr \/>\n<p>Eine F\u00fclle von Hilfsangeboten in Regensburg und dar\u00fcber hinaus regional unbegrenzt, von allgemeiner Sozialberatung, \u00fcber Hilfen f\u00fcr Kinder und Senioren bis Schuldner- und Suchtberatung usw. usw. finden sie unter dem Link:\u00a0 <span style=\"color: #0000ff;\"><a style=\"color: #0000ff;\" href=\"https:\/\/www.dajeb.de\/beratungsfuehrer-online\/beratung-in-ihrer-naehe\" target=\"_blank\" rel=\"noopener\">https:\/\/www.dajeb.de\/beratungsfuehrer-online\/beratung-in-ihrer-naehe<\/a><\/span>.<br \/>\nEinfach die Postleitzahl (gegebenenfalls gek\u00fcrzt auf die zwei bis vier ersten Ziffern) und den Suchbegriff eingeben bzw. aus dem Auswahlmen\u00fc ausw\u00e4hlen und [<em><strong>Suche starten<\/strong><\/em>].<\/p>\n<hr \/>\n<p><strong>Projekt REGINA<\/strong><br \/>\nUnter dem Namen REGINA (<strong>RE<\/strong>genstauf <strong>GI<\/strong>bt <strong>NA<\/strong>chbarschaftshilfe) verbirgt sich eine private Initiative zur Unterst\u00fctzung in verschiedenen Notsituationen:<\/p>\n<p><strong>Ehrenamtlicher Helferkreis &#8222;Menschen helfen Menschen&#8220;<\/strong><br \/>\nUnter der Verantwortung des Marktes Regenstauf hat sich der Helferkreis &#8222;Menschen helfen Menschen&#8220; etabliert. Details und einen Flyer hierzu finden Sie <span style=\"color: #0000ff;\"><a style=\"color: #0000ff;\" href=\"https:\/\/www.regenstauf.de\/lebensraum-mit-perspektive\/herzlich-willkommen\/broschueren-und-flyer\" target=\"_blank\" rel=\"noopener\">auf der Seite des Marktes Regenstauf<\/a><\/span>.<\/p>\n<p><strong>Gespr\u00e4chskreis f\u00fcr pflegende Angeh\u00f6rige<\/strong><br \/>\nDer Gespr\u00e4chskreis f\u00fcr pflegende Angeh\u00f6rige findet weiterhin am 1. Freitag eines Monats statt (nicht an Feiertagen), kann derzeit aber nur telefonisch unterst\u00fctzen.<br \/>\nAuskunft und Anmeldung bei Thea Lohner-Strebl, Tel. 09402\/3304 oder Mobil 0177 7400121.<\/p>\n<p><strong>Gespr\u00e4chskreis &#8222;DANACH&#8220;<\/strong><br \/>\nAuch der Gespr\u00e4chskreis f\u00fcr pflegende Angeh\u00f6rige nach dem Tod des bzw. der Pflegebed\u00fcrftigen findet weiterhin am letzten Freitag eines Monats statt (nicht an Feiertagen), kann derzeit aber nur telefonisch unterst\u00fctzen. Auskunft und Anmeldung bei Thea Lohner-Strebl, Tel. 09402\/3304 oder Mobil 0177 7400121.<\/p>\n<p><strong>Was tut REGINA noch?<\/strong><br \/>\nUnb\u00fcrokratisch und schnell helfen in Notsituationen &#8211; freiwillig und ohne finanzielles Interesse; Hilfe von Fachstellen kostenfrei vermitteln.<br \/>\nProjektleitung und Kostentr\u00e4ger des Projekts REGINA: Thea Lohner-Strebl (<span style=\"color: #0000ff;\"><a style=\"color: #0000ff;\" href=\"mailto:thea.lohner-strebl@gmx.de\">thea.lohner-strebl@gmx.de<\/a><\/span>)<\/p>\n","protected":false},"excerpt":{"rendered":"<p>Telefonseelsorge Die Nummer der Telefonseelsorge lautet 0800 1110111 bzw. 0800 1110222. Es handelt sich dabei um eine kostenfreie Nummer: unabh\u00e4ngig von der Dauer des Anrufs entstehen keine Geb\u00fchren. Weiterhin kann die Telefonseelsorge auch per Chat kontaktiert werden. Unter https:\/\/www.telefonseelsorge.de\/ gibt es einen Link &#8222;zum Chat&#8220;, worunter man einen Termin vereinbaren kann (Link &#8222;Termine&#8220;). Eine F\u00fclle &hellip; <\/p>\n<p class=\"link-more\"><a href=\"https:\/\/www.pfarreiengemeinschaft-regenstauf.de\/index.php\/sakramente-seelsorge\/seelsorge\/hilfe-in-not\/\" class=\"more-link\"><span class=\"screen-reader-text\">\u201eHilfe in Not\u201c<\/span> weiterlesen<\/a><\/p>\n","protected":false},"author":2,"featured_media":0,"parent":30,"menu_order":12600,"comment_status":"closed","ping_status":"closed","template":"","meta":{"footnotes":""},"class_list":["post-159","page","type-page","status-publish","hentry"],"_links":{"self":[{"href":"https:\/\/www.pfarreiengemeinschaft-regenstauf.de\/index.php\/wp-json\/wp\/v2\/pages\/159","targetHints":{"allow":["GET"]}}],"collection":[{"href":"https:\/\/www.pfarreiengemeinschaft-regenstauf.de\/index.php\/wp-json\/wp\/v2\/pages"}],"about":[{"href":"https:\/\/www.pfarreiengemeinschaft-regenstauf.de\/index.php\/wp-json\/wp\/v2\/types\/page"}],"author":[{"embeddable":true,"href":"https:\/\/www.pfarreiengemeinschaft-regenstauf.de\/index.php\/wp-json\/wp\/v2\/users\/2"}],"replies":[{"embeddable":true,"href":"https:\/\/www.pfarreiengemeinschaft-regenstauf.de\/index.php\/wp-json\/wp\/v2\/comments?post=159"}],"version-history":[{"count":29,"href":"https:\/\/www.pfarreiengemeinschaft-regenstauf.de\/index.php\/wp-json\/wp\/v2\/pages\/159\/revisions"}],"predecessor-version":[{"id":3737,"href":"https:\/\/www.pfarreiengemeinschaft-regenstauf.de\/index.php\/wp-json\/wp\/v2\/pages\/159\/revisions\/3737"}],"up":[{"embeddable":true,"href":"https:\/\/www.pfarreiengemeinschaft-regenstauf.de\/index.php\/wp-json\/wp\/v2\/pages\/30"}],"wp:attachment":[{"href":"https:\/\/www.pfarreiengemeinschaft-regenstauf.de\/index.php\/wp-json\/wp\/v2\/media?parent=159"}],"curies":[{"name":"wp","href":"https:\/\/api.w.org\/{rel}","templated":true}]}}