{"id":156,"date":"2017-05-03T21:11:59","date_gmt":"2017-05-03T19:11:59","guid":{"rendered":"https:\/\/www.pfarreiengemeinschaft-regenstauf.de\/?page_id=156"},"modified":"2023-01-19T09:57:09","modified_gmt":"2023-01-19T08:57:09","slug":"krankenkommunion","status":"publish","type":"page","link":"https:\/\/www.pfarreiengemeinschaft-regenstauf.de\/index.php\/sakramente-seelsorge\/seelsorge\/in-krankheit\/krankenkommunion\/","title":{"rendered":"Krankenkommunion"},"content":{"rendered":"<p>Oft wird eine eventuelle <span style=\"color: #0000ff;\"><a style=\"color: #0000ff;\" href=\"https:\/\/www.pfarreiengemeinschaft-regenstauf.de\/index.php\/sakramente\/krankensalbung\/\">Krankensalbung<\/a><\/span> mit der Krankenkommunion verbunden. Aber auch ohne vorherige Salbung k\u00f6nnen Sie zuhause kommunizieren. Es ist uns Seelsorgern ein gro\u00dfes Anliegen, dass alle Gl\u00e4ubigen durch die Krankenkommunion Teil unserer Gemeinde bleiben. Dabei geht es also nicht nur um die Spendung der Krankenkommunion, sondern auch darum, Ihnen zuzuh\u00f6ren und vielleicht ein wenig aus der Pfarrgemeinde zu berichten. F\u00fcr den Fall, dass Sie also bettl\u00e4gerig sind oder aus anderen Gr\u00fcnden, zum Beispiel wegen psychischer Probleme, nicht an den Eucharistiefeiern der Gemeinde teilnehmen k\u00f6nnen, bringen die Seelsorger gern die Krankenkommunion zu Ihnen.<\/p>\n<p>Der Weg zum Sakramentenempfang: Ein Anruf im Pfarrb\u00fcro,<\/p>\n<p style=\"text-align: center;\">Tel. 09402\/1268,<\/p>\n<p>gen\u00fcgt.<\/p>\n<p>Ein Seelsorger wird mit Ihnen oder Ihren Angeh\u00f6rigen einen g\u00fcnstigen Termin vereinbaren. Wer z.B. nur regelm\u00e4\u00dfig vor den Hochfesten Weihnachten und Ostern Krankenkommunion empfangen m\u00f6chte, dessen Name und Telefonnummer wird von den Pfarrsekret\u00e4rinnen auf einer Liste notiert. Die Seelsorger setzen sich dann automatisch rechtzeitig vor dem Fest mit Ihnen bzw. Ihren Angeh\u00f6rigen in Verbindung.<\/p>\n<p>Eigentlich brauchen Sie f\u00fcr die Krankenkommunion \u00fcberhaupt nichts vorzubereiten, denn das Wesentliche bringen die Seelsorger mit. Sinnvoll, aber keineswegs unbedingt notwendig ist es, wenn eine Kerze brennt, ein Kreuz und Weihwasser vorhanden ist. Gerne k\u00f6nnen Angeh\u00f6rige mit dabei sein. Das gemeinsame Beten tut nicht nur dem Kranken gut.<\/p>\n","protected":false},"excerpt":{"rendered":"<p>Oft wird eine eventuelle Krankensalbung mit der Krankenkommunion verbunden. Aber auch ohne vorherige Salbung k\u00f6nnen Sie zuhause kommunizieren. Es ist uns Seelsorgern ein gro\u00dfes Anliegen, dass alle Gl\u00e4ubigen durch die Krankenkommunion Teil unserer Gemeinde bleiben. Dabei geht es also nicht nur um die Spendung der Krankenkommunion, sondern auch darum, Ihnen zuzuh\u00f6ren und vielleicht ein wenig &hellip; <\/p>\n<p class=\"link-more\"><a href=\"https:\/\/www.pfarreiengemeinschaft-regenstauf.de\/index.php\/sakramente-seelsorge\/seelsorge\/in-krankheit\/krankenkommunion\/\" class=\"more-link\"><span class=\"screen-reader-text\">\u201eKrankenkommunion\u201c<\/span> weiterlesen<\/a><\/p>\n","protected":false},"author":2,"featured_media":0,"parent":306,"menu_order":12410,"comment_status":"closed","ping_status":"closed","template":"","meta":{"footnotes":""},"class_list":["post-156","page","type-page","status-publish","hentry"],"_links":{"self":[{"href":"https:\/\/www.pfarreiengemeinschaft-regenstauf.de\/index.php\/wp-json\/wp\/v2\/pages\/156","targetHints":{"allow":["GET"]}}],"collection":[{"href":"https:\/\/www.pfarreiengemeinschaft-regenstauf.de\/index.php\/wp-json\/wp\/v2\/pages"}],"about":[{"href":"https:\/\/www.pfarreiengemeinschaft-regenstauf.de\/index.php\/wp-json\/wp\/v2\/types\/page"}],"author":[{"embeddable":true,"href":"https:\/\/www.pfarreiengemeinschaft-regenstauf.de\/index.php\/wp-json\/wp\/v2\/users\/2"}],"replies":[{"embeddable":true,"href":"https:\/\/www.pfarreiengemeinschaft-regenstauf.de\/index.php\/wp-json\/wp\/v2\/comments?post=156"}],"version-history":[{"count":3,"href":"https:\/\/www.pfarreiengemeinschaft-regenstauf.de\/index.php\/wp-json\/wp\/v2\/pages\/156\/revisions"}],"predecessor-version":[{"id":496,"href":"https:\/\/www.pfarreiengemeinschaft-regenstauf.de\/index.php\/wp-json\/wp\/v2\/pages\/156\/revisions\/496"}],"up":[{"embeddable":true,"href":"https:\/\/www.pfarreiengemeinschaft-regenstauf.de\/index.php\/wp-json\/wp\/v2\/pages\/306"}],"wp:attachment":[{"href":"https:\/\/www.pfarreiengemeinschaft-regenstauf.de\/index.php\/wp-json\/wp\/v2\/media?parent=156"}],"curies":[{"name":"wp","href":"https:\/\/api.w.org\/{rel}","templated":true}]}}