{"id":1459,"date":"2018-06-14T11:14:49","date_gmt":"2018-06-14T09:14:49","guid":{"rendered":"https:\/\/www.pfarreiengemeinschaft-regenstauf.de\/?page_id=1459"},"modified":"2023-01-19T16:00:03","modified_gmt":"2023-01-19T15:00:03","slug":"krippenfreunde-regental-e-v","status":"publish","type":"page","link":"https:\/\/www.pfarreiengemeinschaft-regenstauf.de\/index.php\/unsere-pfarreien\/st-jakobus-regenstauf\/vereine-und-verbaende\/krippenfreunde-regental-e-v\/","title":{"rendered":"Krippenfreunde Regental e.V."},"content":{"rendered":"\n<p><span style=\"color: #b50b66;\"><strong>Wir danken der KEB Regensburg Land f\u00fcr das ansprechende Video zu unserer Krippenausstellung vom Nov 2021 in Diesenbach. Hier der Link:<span><\/span><\/strong> <span style=\"color: #0000ff;\"><a href=\" https:\/\/youtu.be\/EC83pwRmPFE\"><span style=\"color: #0000ff;\"> https:\/\/youtu.be\/EC83pwRmPFE<\/span><\/a><\/span><\/span><\/p>\n\n\n<table>\n<tbody>\n<tr>\n<td>Kontakt:<br>Eberhard Hofmann<br>Joseph-Haydn-Str. 24<br>93128 Regenstauf<br>Tel.: 09402-782367<br>E-Mail: <a href=\"mailto:hofmann-krippenbau@r-kom.net\"><span style=\"color: #0000ff;\">hofmann-krippenbau@r-kom.net<\/span><\/a><\/td>\n<td><img decoding=\"async\" src=\"https:\/\/www.pfarreiengemeinschaft-regenstauf.de\/wp-content\/uploads\/2018\/06\/Logo-Krippenfreunde-2017-11-08.jpg\" alt=\"Logo Krippenfreunde 2017-11-08\"><\/td>\n<\/tr>\n<\/tbody>\n<\/table>\n<p><strong>Der Verein<\/strong><br>Die Krippenfreunde Regental e.V. sind als Ortsverein dem Dachverband der Bayerischen Krippenfreunde mit Sitz in M\u00fcnchen angeschlossen<br>(<span style=\"color: #0000ff;\"><a href=\"https:\/\/www.krippenfreunde-bayern.de\/\"><span style=\"color: #0000ff;\">Verband Bayerischer Krippenfreunde e.V.<\/span><\/a><\/span>).<\/p>\n<p><strong>Ziele<\/strong><br>Ziel der Vereinst\u00e4tigkeit ist die Pflege und F\u00f6rderung der Krippe in allen zu diesem Thema geh\u00f6rigen Bereichen, also in religi\u00f6ser, k\u00fcnstlerischer, volkskundlicher und geschichtlicher Hinsicht. Das Vereinsprogramm ist entsprechend angelegt.<\/p>\n<p><strong>Gr\u00fcndung<\/strong><br>Im April 1996 gr\u00fcndeten sich die Krippenfreunde Regental mit dem Ziel, die Krippentradition fortzuf\u00fchren, den Krippenbau zu pflegen, Kenntnisse \u00fcber das Brauchtum zu vermitteln und einheimische Krippen n\u00e4her zu erfassen.<\/p>\n<p><strong>Vereinsabende<\/strong><br>Die Mitglieder treffen sich zur Zeit zu Arbeitseins\u00e4tzen, um einen Teil des Kellers im Pfarrhaus als Werkraum einzurichten. In diesem sollen dann Vereinsabende stattfinden, an denen vor allem das praktische Krippenschaffen im Vordergrund steht. Aber auch Themen von allgemeinen Interesse sollen dort ihren Platz finden bzw. es werden Erfahrungen ausgetauscht und Kontakte gepflegt.<\/p>\n<p><strong>Aktivit\u00e4ten<\/strong><br>Zu weiteren wesentlichen Programmfolgen geh\u00f6ren Exkursionen zu Kunst &#8211; und Kulturdenkm\u00e4lern. In jedem Jahr wird eine Fahrt zur Landestagung der bayerischen Krippenfreunde angeboten.<br>In der Adventszeit wird der Brauch, einen Schrein mit der Herbergssuche von Haus zu Haus zu tragen, vom Verein organisiert.<br>2018 wird zu dem die Durchf\u00fchrung der Aktion \u201eOffenes Adventsfenster\u201c zum 3. Mal geplant.<br>Mit den in der Weihnachtszeit stattfindenden \u201eKrippenwanderungen\u201d zu den Hauskrippen der Mitglieder bzw. zu von Mitgliedern \u00f6ffentlich aufgestellten Krippen werden Interessenten Anregungen f\u00fcr eigene Gestaltung vermittelt und f\u00fcr das eigene Schaffen neue Impulse gegeben. Au\u00dferdem wird dabei die Verbundenheit der Mitglieder vertieft.<\/p>\n<p><strong>Ausstellungen<\/strong><br>In Ausstellungen stellen die Krippenfreunde ihr Krippenschaffen dar. Die selbstgebauten und gestalteten Krippen dokumentieren das Schaffen der Vereinsmitglieder und zeigt die n\u00f6tigen Fertigkeiten f\u00fcr dieses zeit- und arbeitsaufwendige Hobby &#8211; und zieht immer zahlreiche Besucher an.<\/p>\n<p><strong>Jahreskrippe<\/strong><br>Die Weihnachtskrippe und auch die Darstellungen zur Passion und Auferstehung bilden den Rahmen des Kirchenjahres und somit auch das Grundger\u00fcst der Jahreskrippe in der Pfarrkirche St. Jakobus in Regenstauf.<br>Alle Darstellungen in unserer Pfarrkirche wurden bis dato von Eberhard Hofmann betreut.<br>Unsere Pfarrkirche St. Jakobus in Regenstauf wird renoviert. Daher k\u00f6nnen wir in den Monaten der Bauphase unsere Jahreskrippe nicht aufbauen. Mit der Szene &#8222;Haus Nazareth&#8220; (siehe Bildergalerie ganz unten) wurde nicht nur Abschied von der Krippe genommen, sondern sie sollte auch auf das Bauen, das Renovieren und somit das Neue hinweisen.<br>Darstellung zum Pfingstfest (Apg 2,1f):<\/p>\n<p><img decoding=\"async\" src=\"https:\/\/www.pfarreiengemeinschaft-regenstauf.de\/wp-content\/uploads\/2018\/06\/KriV-PfingstenWEB-2018.jpg\" alt=\"KriV - PfingstenWEB 2018\"><\/p>\n<p>Orientalisches Krippenmotiv (Eberhard Hofmann):<\/p>\n<p><img decoding=\"async\" src=\"https:\/\/www.pfarreiengemeinschaft-regenstauf.de\/wp-content\/uploads\/2019\/01\/KriV-Weihnachten-Geburt-2019.jpg\" alt=\"KriV - Weihnachten Geburt 2019\"><\/p>\n<p>Die Versuchung Jesu (Eberhard Hofmann):<\/p>\n<p><img decoding=\"async\" src=\"https:\/\/www.pfarreiengemeinschaft-regenstauf.de\/wp-content\/uploads\/2019\/03\/KriV-2019_Die-Versuchung-Jesu_WEB.jpg\" alt=\"KriV - 2019_Die Versuchung Jesu_WEB\"><\/p>\n<p>Kreuzigung Jesu (Eberhard Hofmann):<\/p>\n<p><img decoding=\"async\" src=\"https:\/\/www.pfarreiengemeinschaft-regenstauf.de\/wp-content\/uploads\/2019\/04\/2019_Kreuzigung_WEB.jpg\" alt=\"2019_Kreuzigung_WEB\"><\/p>\n<p>Auferstehung (Eberhard Hofmann):<\/p>\n<p><img decoding=\"async\" src=\"https:\/\/www.pfarreiengemeinschaft-regenstauf.de\/wp-content\/uploads\/2019\/04\/2019_Auferstehung_WEB.jpg\" alt=\"2019_Auferstehung_WEB\"><\/p>\n<p>&#8222;Alle meine Quellen entspringen in dir<br>In dir, mein guter Gott&#8220;:<br>Darstellung des Primizspruchs unseres Herrn Pfarrers Christian Blank anhand der Bibelstelle Joh 4,5-15 (&#8222;Das Gespr\u00e4ch am Jakobsbrunnen&#8220;).<br><img loading=\"lazy\" decoding=\"async\" src=\"https:\/\/www.pfarreiengemeinschaft-regenstauf.de\/wp-content\/uploads\/2019\/10\/2019_Gespr\u00e4ch-am-Jakobsbrunnen_WEB.jpg\" alt=\"2019_Gespr\u00e4ch am Jakobsbrunnen_WEB\" width=\"360\" height=\"520\"><\/p>\n<p>Bergpredigt (Mt 5,1-7,29)<\/p>\n<p><img loading=\"lazy\" decoding=\"async\" src=\"https:\/\/www.pfarreiengemeinschaft-regenstauf.de\/wp-content\/uploads\/2020\/02\/2020_Bergpredigt_WEB.jpg\" alt=\"2020_Bergpredigt_WEB\" width=\"545\" height=\"363\"><\/p>\n<p>Dann kehrte Jesus mit seinen Eltern nach Nazareth zur\u00fcck und war ihnen gehorsam (vgl. Lk, 2,51):<\/p>\n<p><img loading=\"lazy\" decoding=\"async\" src=\"https:\/\/www.pfarreiengemeinschaft-regenstauf.de\/wp-content\/uploads\/2022\/01\/KriVer-Kindheit-Jesu-2022-01-scaled.jpg\" alt=\"2020_Bergpredigt_WEB\" width=\"545\" height=\"363\"><\/p>","protected":false},"excerpt":{"rendered":"<p>Wir danken der KEB Regensburg Land f\u00fcr das ansprechende Video zu unserer Krippenausstellung vom Nov 2021 in Diesenbach. Hier der Link: https:\/\/youtu.be\/EC83pwRmPFE Kontakt:Eberhard HofmannJoseph-Haydn-Str. 2493128 RegenstaufTel.: 09402-782367E-Mail: hofmann-krippenbau@r-kom.net Der VereinDie Krippenfreunde Regental e.V. sind als Ortsverein dem Dachverband der Bayerischen Krippenfreunde mit Sitz in M\u00fcnchen angeschlossen(Verband Bayerischer Krippenfreunde e.V.). ZieleZiel der Vereinst\u00e4tigkeit ist die Pflege &hellip; <\/p>\n<p class=\"link-more\"><a href=\"https:\/\/www.pfarreiengemeinschaft-regenstauf.de\/index.php\/unsere-pfarreien\/st-jakobus-regenstauf\/vereine-und-verbaende\/krippenfreunde-regental-e-v\/\" class=\"more-link\"><span class=\"screen-reader-text\">\u201eKrippenfreunde Regental e.V.\u201c<\/span> weiterlesen<\/a><\/p>\n","protected":false},"author":2,"featured_media":0,"parent":319,"menu_order":2400,"comment_status":"closed","ping_status":"closed","template":"","meta":{"footnotes":""},"class_list":["post-1459","page","type-page","status-publish","hentry"],"_links":{"self":[{"href":"https:\/\/www.pfarreiengemeinschaft-regenstauf.de\/index.php\/wp-json\/wp\/v2\/pages\/1459","targetHints":{"allow":["GET"]}}],"collection":[{"href":"https:\/\/www.pfarreiengemeinschaft-regenstauf.de\/index.php\/wp-json\/wp\/v2\/pages"}],"about":[{"href":"https:\/\/www.pfarreiengemeinschaft-regenstauf.de\/index.php\/wp-json\/wp\/v2\/types\/page"}],"author":[{"embeddable":true,"href":"https:\/\/www.pfarreiengemeinschaft-regenstauf.de\/index.php\/wp-json\/wp\/v2\/users\/2"}],"replies":[{"embeddable":true,"href":"https:\/\/www.pfarreiengemeinschaft-regenstauf.de\/index.php\/wp-json\/wp\/v2\/comments?post=1459"}],"version-history":[{"count":30,"href":"https:\/\/www.pfarreiengemeinschaft-regenstauf.de\/index.php\/wp-json\/wp\/v2\/pages\/1459\/revisions"}],"predecessor-version":[{"id":2934,"href":"https:\/\/www.pfarreiengemeinschaft-regenstauf.de\/index.php\/wp-json\/wp\/v2\/pages\/1459\/revisions\/2934"}],"up":[{"embeddable":true,"href":"https:\/\/www.pfarreiengemeinschaft-regenstauf.de\/index.php\/wp-json\/wp\/v2\/pages\/319"}],"wp:attachment":[{"href":"https:\/\/www.pfarreiengemeinschaft-regenstauf.de\/index.php\/wp-json\/wp\/v2\/media?parent=1459"}],"curies":[{"name":"wp","href":"https:\/\/api.w.org\/{rel}","templated":true}]}}