{"id":1439,"date":"2018-06-08T13:23:45","date_gmt":"2018-06-08T11:23:45","guid":{"rendered":"https:\/\/www.pfarreiengemeinschaft-regenstauf.de\/?page_id=1439"},"modified":"2024-03-04T17:46:52","modified_gmt":"2024-03-04T16:46:52","slug":"datenschutzerklaerung","status":"publish","type":"page","link":"https:\/\/www.pfarreiengemeinschaft-regenstauf.de\/index.php\/datenschutzerklaerung\/","title":{"rendered":"Datenschutzerkl\u00e4rung"},"content":{"rendered":"<p>Wir freuen uns \u00fcber Ihren Besuch auf unserer Webseite und \u00fcber Ihr Interesse an unseren Einrichtungen und Dienstleistungen. Der Schutz Ihrer pers\u00f6nlichen Daten ist uns ein ernstes Anliegen. In der Di\u00f6zese Regensburg gelten &#8211; wie in allen deutschen (Erz-)Di\u00f6zesen- f\u00fcr die Verarbeitung personenbezogener Daten die Bestimmungen des Gesetzes \u00fcber den Kirchlichen Datenschutz (KDG) einschlie\u00dflich der Verordnung zur Durchf\u00fchrung der Anordnung \u00fcber den kirchlichen Datenschutz (KDO-DVO) (zu finden unter https:\/\/www.bistum-regensburg.de\/bistum\/dienst-fuer-pfarreien\/datenschutz\/) sowie die sonstigen anzuwendenden kirchlichen und staatlichen Datenschutzvorschriften. Wir verarbeiten Ihre personenbezogenen Daten im Rahmen dieser Webseite ausschlie\u00dflich gem\u00e4\u00df den gesetzlichen Datenschutzvorschriften sowie in dieser Datenschutzerkl\u00e4rung dargestellt.<\/p>\n<p><strong>1. Allgemeines<\/strong><br \/>\n1.1 Personenbezogene Daten: \u201ePersonenbezogene Daten\u201c sind alle Informationen, die sich auf eine identifizierte oder identifizierbare nat\u00fcrliche Person (im Folgenden \u201ebetroffene Person\u201c) beziehen; als identifizierbar wird eine nat\u00fcrliche Person angesehen, die direkt oder indirekt, insbesondere mittels Zuordnung zu einer Kennung wie einem Namen, zu einer Kennnummer, zu Standortdaten, zu einer Online-Kennung oder zu einem oder mehreren besonderen Merkmalen, die Ausdruck der physischen, physiologischen, genetischen, psychischen, wirtschaftlichen, kulturellen oder sozialen Identit\u00e4t dieser nat\u00fcrlichen Person sind, identifiziert werden kann. Beispiele: Name, Adresse, E-Mail-Adressen, Nutzerverhalten.<br \/>\n1.2 Soweit nachfolgend nicht ausdr\u00fccklich anderweitig beschrieben, gilt im Rahmen des Betriebs und der Nutzung dieser Webseite Folgendes:<br \/>\n1.2.1 Drittl\u00e4nder: Ihre Daten werden nur in Deutschland verarbeitet. Wir beabsichtigen nicht, ihre personenbezogenen Daten an oder in ein Drittland oder an eine internationale Organisation zu \u00fcbermitteln.<br \/>\n1.2.2 Automatisierte Entscheidungen und Profiling: Wir nutzen Ihre personenbezogenen Daten weder zum Finden automatisierter Entscheidungen noch zur Durchf\u00fchrung von Profiling.<br \/>\n1.2.3 Zweck\u00e4nderungen: Die gegebenenfalls jeweils erhobenen personenbezogenen Daten werden ausschlie\u00dflich zu dem jeweils angegebenen Zweck(en) verarbeitet. Wir werden Ihre personenbezogenen Daten nicht zu einem anderen Zweck weiterverarbeiten.<\/p>\n<p><strong>2. Verantwortlicher<\/strong><br \/>\nVerantwortlich im Sinne der datenschutzrechtlichen Bestimmungen ist:<\/p>\n<p>Kirchenverwaltung der Pfarrei St. Jakobus<br \/>\nvertreten durch Pfarrer Christian Blank als Kirchenverwaltungsvorstand<br \/>\nAdresse: Kirchplatz 8, 93128 Regenstauf<br \/>\nTel.: 09402 \/ 1268<br \/>\nE-Mail: <span style=\"color: #0000ff;\"><a href=\"mailto:regenstauf@bistum-regensburg.de\"><span style=\"color: #0000ff;\">regenstauf@bistum-regensburg.de<\/span><\/a><\/span><br \/>\nHomepage: <a href=\"https:\/\/www.pfarreiengemeinschaft-regenstauf.de\"><span style=\"color: #0000ff;\">www.pfarreiengemeinschaft-regenstauf.de<\/span><\/a><\/p>\n<p>Der zust\u00e4ndige betriebliche Datenschutzbeauftragte ist:<br \/>\nFachstelle Datenschutz<br \/>\nNiederm\u00fcnstergasse 1<br \/>\n93047 Regensburg<br \/>\nTel.: 0941 597 1256<br \/>\nE-Mail: <a href=\"mailto:datenschutz.pfarreien@bistum-regensburg.de\"><span style=\"color: #0000ff;\">datenschutz.pfarreien@bistum-regensburg.de<\/span><\/a><\/p>\n<p>Wir m\u00f6chten Sie an dieser Stelle auf das Recht zur Beschwerde bei der Datenschutzaufsicht gem\u00e4\u00df \u00a7 48 KDG hinweisen. Demnach hat jede betroffene Person unbeschadet eines anderweitigen Rechtsbehelfs das Recht auf Beschwerde bei der Datenschutzaufsicht, wenn sie der Ansicht ist, dass die Verarbeitung der sie betreffenden personenbezogenen Daten gegen Vorschriften des Gesetzes \u00fcber den Kirchlichen Datenschutz (KDG) oder gegen andere Datenschutzvorschriften verst\u00f6\u00dft. Die Einhaltung des Dienstwegs ist dabei nicht erforderlich. Die Kontaktdaten der zust\u00e4ndigen Datenschutzaufsicht lauten:<\/p>\n<p>Datenschutzstelle<br \/>\nLeiter und Di\u00f6zesandatenschutzbeauftragter:<br \/>\nHerr Jupp Joachimski<br \/>\nKapellenstr. 4<br \/>\n80333 M\u00fcnchen<br \/>\nTel. 089 \/ 2137 1796<br \/>\nEmail: <a href=\"mailto:jjoachimski@eomuc.de\"><span style=\"color: #0000ff;\">jjoachimski@eomuc.de<\/span><\/a><\/p>\n<p><strong>3. Nutzung der Webseite<\/strong><br \/>\n3.1 Art und Umfang der Datenverarbeitung: Beim Aufruf unserer Webseite ist es technisch notwendig verschiedene Daten zu verarbeiten, damit eine fehlerfreie Kommunikation zwischen Ihrem Internetbrowser (bspw. Firefox oder Internet Explorer) und unserem Webserver m\u00f6glich ist. Dabei werden automatisch folgende Daten erhoben und in einer sogenannten Log-Datei protokolliert:<br \/>\n\u2013 Datum und Uhrzeit des Zugriffs<br \/>\n\u2013 Der Name der abgerufenen Datei<br \/>\n\u2013 Die Menge der gesendeten Daten<br \/>\n\u2013 Eine Statusmeldung, ob der Abruf erfolgreich war<br \/>\n\u2013 Die Webadresse der verweisenden Webseite (URL)<br \/>\n\u2013 Browsertyp und -version<br \/>\n\u2013 Betriebssystemtyp und -version<br \/>\n\u2013 IP-Adresse<br \/>\n\u2013 Zugangsprovider<\/p>\n<p>3.2 Zweck: Wir erheben diese Daten ausschlie\u00dflich in nicht-personenbezogener Form. Dies geschieht, um die Nutzung der von Ihnen abgerufenen Webseiten \u00fcberhaupt zu erm\u00f6glichen, insbesondere zum Zwecke der systeminternen technischen Verarbeitung (Verbindungsaufbau), der Systemsicherheit, der technischen Administration der System- und Netzinfrastruktur sowie zur Optimierung des Internetangebotes. Eine personenbezogene Auswertung findet grunds\u00e4tzlich nicht statt. Wir behalten es uns jedoch vor, die Log-Datei nachtr\u00e4glich zu \u00fcberpr\u00fcfen, wenn aufgrund konkreter Anhaltspunkte der berechtigte Verdacht einer rechtswidrigen Nutzung besteht.<br \/>\n3.3 Rechtsgrundlage: Die vor\u00fcbergehende Verarbeitung der Daten und der Log-Datei erfolgt aus berechtigtem Interesse zu oben genanntem Zweck gem. \u00a7 6 Ziffer 1 lit. (g) KDG.<br \/>\n3.4 Empf\u00e4nger der Daten: Die Daten werden notwendigerweise an unseren Hostinganbieter weitergeleitet, bei dem unser Webserver physisch und technisch verwaltet wird (<a href=\"https:\/\/www.strato.de\" target=\"_blank\" rel=\"noopener\"><span style=\"color: #0000ff;\">www.strato.de<\/span><\/a>).<br \/>\n3.5 Speicherdauer und L\u00f6schung: Die IP-Adresse speichern wir f\u00fcr die Dauer Ihres Besuchs und bis zu sieben Tage nach dessen Beendigung. Danach werden die Daten automatisiert gel\u00f6scht.<br \/>\n3.6 Widerspruch oder Widerruf: Diese Datenverarbeitung ist f\u00fcr den Betrieb unserer Webseite zwingend erforderlich. Daher besteht keine Widerspruchsm\u00f6glichkeit.<\/p>\n<p><strong>4. Information \u00fcber Ihre Rechte als betroffene Person (\u00a7 15 Ziffer 2 lit. (b) KDG)<\/strong><br \/>\n4.1 Bei Vorliegen der gesetzlichen Voraussetzungen haben Sie &#8211; sofern nicht ein gesetzlicher Ausnahmefall gegeben ist &#8211; gegen\u00fcber uns folgende Rechte hinsichtlich der Sie betreffenden personenbezogenen Daten:<br \/>\n\u2013 Recht auf <strong>Auskunft <\/strong>(\u00a7 17 KDG): Sie haben das Recht, von dem Verantwortlichen eine Auskunft dar\u00fcber zu verlangen, ob Sie betreffende personenbezogene Daten verarbeitet werden. Ist dies der Fall, so haben Sie das Recht auf Auskunft \u00fcber diese personenbezogenen Daten und damit im Zusammenhang stehende weitergehende Informationen.<br \/>\n\u2013 Recht auf <strong>Berichtigung <\/strong>(\u00a7 18 KDG): Sie haben das Recht, von dem Verantwortlichen unverz\u00fcglich die Berichtigung Sie betreffender unrichtiger personenbezogener Daten zu verlangen. Unter Ber\u00fccksichtigung der Zwecke der Verarbeitung haben Sie das Recht, die Vervollst\u00e4ndigung unvollst\u00e4ndiger personenbezogener Daten \u2013 auch mittels einer erg\u00e4nzenden Erkl\u00e4rung \u2013 zu verlangen.<br \/>\n\u2013 Recht auf <strong>L\u00f6schung <\/strong>(\u00a7 19 KDG): Sie haben das Recht, von dem Verantwortlichen zu verlangen, dass Sie betreffende personenbezogene Daten unverz\u00fcglich gel\u00f6scht werden, und der Verantwortliche ist verp\ufb02ichtet, personenbezogene Daten unverz\u00fcglich zu l\u00f6schen, sofern einer der Gr\u00fcnde des \u00a7 19 Ziffer 1 KDG zutrifft und kein Ausnahmetatbestand eingreift.<br \/>\n\u2013 Recht auf <strong>Einschr\u00e4nkung der Verarbeitung <\/strong>(\u00a7 20 KDG): Sie haben das Recht, von dem Verantwortlichen die Einschr\u00e4nkung der Verarbeitung (ehemals: Sperre) Ihrer personenbezogenen Daten zu verlangen, wenn eine der Voraussetzungen des \u00a7 20 Ziffer 1 KDG gegeben ist und kein Ausnahmetatbestand eingreift.<br \/>\n\u2013 Recht auf <strong>Daten\u00fcbertragbarkeit <\/strong>(\u00a7 22 KDG): Sie haben das Recht, die Sie betreffenden personenbezogenen Daten, die sie einem Verantwortlichen bereitgestellt haben, in einem strukturierten, g\u00e4ngigen und maschinenlesbaren Format zu erhalten, und sie haben das Recht, diese Daten einem anderen Verantwortlichen ohne Behinderung durch den Verantwortlichen, dem die personenbezogenen Daten bereitgestellt wurden, zu \u00fcbermitteln, sofern die weiteren Voraussetzungen des \u00a7 22 Ziffer 1 KDG gegeben sind und kein Ausnahmetatbestand eingreift.<br \/>\n\u2013 Recht auf <strong>Widerspruch gegen die Verarbeitung<\/strong><br \/>\n(\u00a7 23 KDG): Sie haben das Recht, aus Gr\u00fcnden, die sich aus ihrer besonderen Situation ergeben, jederzeit gegen die Verarbeitung sie betreffender personenbezogener Daten, die aufgrund von \u00a7 6 Absatz 1 lit. (f) (kirchliches Interesse oder Aus\u00fcbung \u00f6ffentlicher Gewalt) oder (g) (Wahrung berechtigter Interessen) KDG erfolgt, Widerspruch einzulegen.<br \/>\n4.2 Wenn Sie dar\u00fcber hinaus Auskunft \u00fcber Ihre personenbezogenen Daten w\u00fcnschen oder weitergehende Fragen \u00fcber die Verarbeitung Ihrer uns \u00fcberlassenen personenbezogenen Daten haben, sowie eine Korrektur oder L\u00f6schung Ihrer Daten veranlassen m\u00f6chten, so wenden Sie sich bitte an die unter Ziffer 5 \u201eAus\u00fcbung des Widerspruchs- und Widerrufsrechts\u201c angegebene Kontaktadresse.<\/p>\n<p><strong>5. Aus\u00fcbung des Widerspruchs- und Widerrufsrechts<\/strong><br \/>\nSie haben ggf. das Recht, der Verarbeitung Ihrer Daten zu widersprechen (s. o. 4.1 letztes Aufz\u00e4hlungszeichen).<br \/>\nZudem haben Sie das Recht, eine an uns erteilte Einwilligung \u2013 beispielsweise f\u00fcr den Versand unseres Newsletters an Sie \u2013 mit Wirkung f\u00fcr die Zukunft zu widerrufen. In diesem Fall werden wir die Verarbeitung Ihrer Daten zu diesem Zweck unverz\u00fcglich unterlassen.<br \/>\nEinen Widerspruch oder Widerruf k\u00f6nnen Sie jederzeit ohne Angabe von Gr\u00fcnden formlos per Post oder Email an uns \u00fcbermitteln.<\/p>\n<p>Per Post:<br \/>\nKath. Pfarramt Regenstauf<br \/>\nKirchplatz 8<br \/>\n93128 Regenstauf<\/p>\n<p>Per Telefax:<br \/>\n09402\/7595<\/p>\n<p><strong>6. Elektronische Post (Email) \/ Kontaktaufnahme<\/strong><br \/>\n6.1 Informationen, die Sie unverschl\u00fcsselt per Elektronischer Post (Email) an uns senden, k\u00f6nnen m\u00f6glicherweise auf dem \u00dcbertragungsweg von Dritten gelesen werden. Wir k\u00f6nnen in der Regel auch Ihre Identit\u00e4t nicht \u00fcberpr\u00fcfen und wissen nicht, wer wirklicher Inhaber einer Emailadresse ist. Eine rechtssichere Kommunikation durch einfache Email ist daher nicht gew\u00e4hrleistet. Wie viele Anbieter setzen wir Filter gegen unerw\u00fcnschte Werbung (\u201eSPAMFilter\u201c) ein, die in einigen F\u00e4llen auch normale Emails f\u00e4lschlicherweise automatisch als unerw\u00fcnschte Werbung einordnen und l\u00f6schen. Emails, die sch\u00e4digende Programme (\u201eViren\u201c) enthalten, werden von uns in jedem Fall automatisch gel\u00f6scht. Wenn Sie schutzw\u00fcrdige Nachrichten an uns senden wollen, empfehlen wir, die Nachricht auf konventionellem Postwege an uns zu senden.<br \/>\n6.2 Art und Umfang der Datenverarbeitung: Im Falle der Kontaktaufnahme mit uns werden Ihre Daten, Ihre IP-Adresse sowie Datum und Uhrzeit gespeichert.<br \/>\n6.3 Zweck: Dies geschieht insbesondere zu Kommunikationszwecken und zum Schutz unserer Systeme gegen Missbrauch.<br \/>\n6.4 Rechtsgrundlage: Die Verarbeitung der Daten erfolgt aus berechtigtem Interesse zu oben genanntem Zweck gem. \u00a7 6 Ziffer 1 lit. (g) KDG.<br \/>\n6.5 Speicherdauer und L\u00f6schung: Die Daten werden erst dann gel\u00f6scht, falls keine vertraglichen oder gesetzlichen Verpflichtungen einer L\u00f6schung entgegenstehen<br \/>\n6.6 Widerspruch oder Widerruf: Sie k\u00f6nnen der Kontaktaufnahme per Email jederzeit widersprechen. In diesem Fall kann keine weitere Korrespondenz via Email stattfinden.<\/p>\n<p><strong>7. Partnerwebseiten<\/strong><br \/>\nDiese Webseite beinhaltet unter anderem auch Links zu unseren Partnern. Wenn Sie auf einen dieser Links klicken, so werden Sie automatisch zu dem jeweiligen Partner weitergeleitet und verlassen unser Webangebot. F\u00fcr die Handhabe Ihrer Daten auf den verlinkten Partnerseiten sind ausschlie\u00dflich die jeweiligen Webseitenbetreiber verantwortlich. Wir weisen ausdr\u00fccklich darauf hin, dass diese Datenschutzerkl\u00e4rung ausschlie\u00dflich f\u00fcr dieses Portal gilt. Wir haben keinen Einfluss auf andere Anbieter und kontrollieren nicht, ob die geltenden Datenschutzbestimmungen eingehalten werden.<\/p>\n<p><strong>8. G\u00fcltigkeit<\/strong><br \/>\nWir sind stets bem\u00fcht, unsere Webseite weiterzuentwickeln und neue Technologien einzusetzen. Daher kann es notwendig werden, diese Datenschutzerkl\u00e4rung zu \u00e4ndern, bzw. anzupassen. Wir behalten uns daher das Recht vor, diese Erkl\u00e4rung jederzeit mit Wirkung f\u00fcr die Zukunft zu \u00e4ndern. Bitte besuchen Sie daher diese Seite regelm\u00e4\u00dfig und lesen Sie die jeweils aktuelle Datenschutzerkl\u00e4rung von Zeit zu Zeit erneut durch.<\/p>\n","protected":false},"excerpt":{"rendered":"<p>Wir freuen uns \u00fcber Ihren Besuch auf unserer Webseite und \u00fcber Ihr Interesse an unseren Einrichtungen und Dienstleistungen. Der Schutz Ihrer pers\u00f6nlichen Daten ist uns ein ernstes Anliegen. In der Di\u00f6zese Regensburg gelten &#8211; wie in allen deutschen (Erz-)Di\u00f6zesen- f\u00fcr die Verarbeitung personenbezogener Daten die Bestimmungen des Gesetzes \u00fcber den Kirchlichen Datenschutz (KDG) einschlie\u00dflich der &hellip; <\/p>\n<p class=\"link-more\"><a href=\"https:\/\/www.pfarreiengemeinschaft-regenstauf.de\/index.php\/datenschutzerklaerung\/\" class=\"more-link\"><span class=\"screen-reader-text\">\u201eDatenschutzerkl\u00e4rung\u201c<\/span> weiterlesen<\/a><\/p>\n","protected":false},"author":2,"featured_media":0,"parent":0,"menu_order":19000,"comment_status":"closed","ping_status":"closed","template":"","meta":{"footnotes":""},"class_list":["post-1439","page","type-page","status-publish","hentry"],"_links":{"self":[{"href":"https:\/\/www.pfarreiengemeinschaft-regenstauf.de\/index.php\/wp-json\/wp\/v2\/pages\/1439","targetHints":{"allow":["GET"]}}],"collection":[{"href":"https:\/\/www.pfarreiengemeinschaft-regenstauf.de\/index.php\/wp-json\/wp\/v2\/pages"}],"about":[{"href":"https:\/\/www.pfarreiengemeinschaft-regenstauf.de\/index.php\/wp-json\/wp\/v2\/types\/page"}],"author":[{"embeddable":true,"href":"https:\/\/www.pfarreiengemeinschaft-regenstauf.de\/index.php\/wp-json\/wp\/v2\/users\/2"}],"replies":[{"embeddable":true,"href":"https:\/\/www.pfarreiengemeinschaft-regenstauf.de\/index.php\/wp-json\/wp\/v2\/comments?post=1439"}],"version-history":[{"count":19,"href":"https:\/\/www.pfarreiengemeinschaft-regenstauf.de\/index.php\/wp-json\/wp\/v2\/pages\/1439\/revisions"}],"predecessor-version":[{"id":3738,"href":"https:\/\/www.pfarreiengemeinschaft-regenstauf.de\/index.php\/wp-json\/wp\/v2\/pages\/1439\/revisions\/3738"}],"wp:attachment":[{"href":"https:\/\/www.pfarreiengemeinschaft-regenstauf.de\/index.php\/wp-json\/wp\/v2\/media?parent=1439"}],"curies":[{"name":"wp","href":"https:\/\/api.w.org\/{rel}","templated":true}]}}