{"id":137,"date":"2017-05-03T20:21:55","date_gmt":"2017-05-03T18:21:55","guid":{"rendered":"https:\/\/www.pfarreiengemeinschaft-regenstauf.de\/?page_id=137"},"modified":"2023-01-19T13:50:45","modified_gmt":"2023-01-19T12:50:45","slug":"beichteversoehnung","status":"publish","type":"page","link":"https:\/\/www.pfarreiengemeinschaft-regenstauf.de\/index.php\/sakramente-seelsorge\/sakramente\/beichteversoehnung\/","title":{"rendered":"Beichte &#038; Vers\u00f6hnung"},"content":{"rendered":"<p><strong>Beichte \u2013 Sakrament der Vers\u00f6hnung<\/strong><\/p>\n<p>Wenn wir Menschen uns in &#8222;verfahrenen&#8220; Situationen befinden, aus den &#8222;alten Geleisen&#8220; nicht mehr herauskommen und die Signale des Lebens auf Rot stehen, dann gibt uns Gott eine Chance zur Richtungs\u00e4nderung, dann stellt er die Weichen neu. Dann d\u00fcrfen wir uns getrost in die H\u00e4nde des barmherzigen und liebenden Gottes begeben. Hier erfahren wir Trost und Vergebung, Frieden und Vers\u00f6hnung mit Gott, mit unseren Mitmenschen und auch mit uns selbst.<\/p>\n<p>Es besteht die M\u00f6glichkeit zur Beichte oder zu einem Beichtgespr\u00e4ch nach vorheriger Vereinbarung mit einem der Priester. Besondere Termine f\u00fcr die Beichte in der Advents- und Fastenzeit entnehmen Sie bitte dem Pfarrbrief.<\/p>\n<p>In Vorbereitung auf das Weihnachts- und Osterfest feiern wir besonders gestaltete Bu\u00dfgottesdienste; die Termine werden ebenfalls im Pfarrbrief ver\u00f6ffentlicht.<\/p>\n","protected":false},"excerpt":{"rendered":"<p>Beichte \u2013 Sakrament der Vers\u00f6hnung Wenn wir Menschen uns in &#8222;verfahrenen&#8220; Situationen befinden, aus den &#8222;alten Geleisen&#8220; nicht mehr herauskommen und die Signale des Lebens auf Rot stehen, dann gibt uns Gott eine Chance zur Richtungs\u00e4nderung, dann stellt er die Weichen neu. Dann d\u00fcrfen wir uns getrost in die H\u00e4nde des barmherzigen und liebenden Gottes &hellip; <\/p>\n<p class=\"link-more\"><a href=\"https:\/\/www.pfarreiengemeinschaft-regenstauf.de\/index.php\/sakramente-seelsorge\/sakramente\/beichteversoehnung\/\" class=\"more-link\"><span class=\"screen-reader-text\">\u201eBeichte &#038; Vers\u00f6hnung\u201c<\/span> weiterlesen<\/a><\/p>\n","protected":false},"author":2,"featured_media":0,"parent":299,"menu_order":11400,"comment_status":"closed","ping_status":"closed","template":"","meta":{"footnotes":""},"class_list":["post-137","page","type-page","status-publish","hentry"],"_links":{"self":[{"href":"https:\/\/www.pfarreiengemeinschaft-regenstauf.de\/index.php\/wp-json\/wp\/v2\/pages\/137","targetHints":{"allow":["GET"]}}],"collection":[{"href":"https:\/\/www.pfarreiengemeinschaft-regenstauf.de\/index.php\/wp-json\/wp\/v2\/pages"}],"about":[{"href":"https:\/\/www.pfarreiengemeinschaft-regenstauf.de\/index.php\/wp-json\/wp\/v2\/types\/page"}],"author":[{"embeddable":true,"href":"https:\/\/www.pfarreiengemeinschaft-regenstauf.de\/index.php\/wp-json\/wp\/v2\/users\/2"}],"replies":[{"embeddable":true,"href":"https:\/\/www.pfarreiengemeinschaft-regenstauf.de\/index.php\/wp-json\/wp\/v2\/comments?post=137"}],"version-history":[{"count":7,"href":"https:\/\/www.pfarreiengemeinschaft-regenstauf.de\/index.php\/wp-json\/wp\/v2\/pages\/137\/revisions"}],"predecessor-version":[{"id":2906,"href":"https:\/\/www.pfarreiengemeinschaft-regenstauf.de\/index.php\/wp-json\/wp\/v2\/pages\/137\/revisions\/2906"}],"up":[{"embeddable":true,"href":"https:\/\/www.pfarreiengemeinschaft-regenstauf.de\/index.php\/wp-json\/wp\/v2\/pages\/299"}],"wp:attachment":[{"href":"https:\/\/www.pfarreiengemeinschaft-regenstauf.de\/index.php\/wp-json\/wp\/v2\/media?parent=137"}],"curies":[{"name":"wp","href":"https:\/\/api.w.org\/{rel}","templated":true}]}}