{"id":134,"date":"2017-05-03T20:13:37","date_gmt":"2017-05-03T18:13:37","guid":{"rendered":"https:\/\/www.pfarreiengemeinschaft-regenstauf.de\/?page_id=134"},"modified":"2025-08-05T10:05:46","modified_gmt":"2025-08-05T08:05:46","slug":"firmung","status":"publish","type":"page","link":"https:\/\/www.pfarreiengemeinschaft-regenstauf.de\/index.php\/sakramente-seelsorge\/sakramente\/firmung\/","title":{"rendered":"Firmung"},"content":{"rendered":"<p><em>&#8222;Sei besiegelt durch die Gabe Gottes, den Heiligen Geist.&#8220;<\/em><\/p>\n<p>So spricht der Bischof oder sein Stellvertreter bei der Firmspendung. In der Firmung werden wir durch den Geist Gottes best\u00e4rkt, damit wir Zeugnis f\u00fcr die Liebe Gottes im Alltag ablegen k\u00f6nnen. Das klingt alles sehr fromm. Was ist aber diese Gabe Gottes genau, welches Geschenk also wird uns da versprochen bzw. welches Angebot macht uns die Kirche in Jesu Auftrag?<\/p>\n<p>Gottes Geist kann man nicht sehen, wohl aber sein Wirken in dieser Welt. Seine Kraft kann man immer da sp\u00fcren, wo sich das Gute gegen das B\u00f6se durchsetzt, die Liebe gegen den Hass, das Mitgef\u00fchl gegen Egoismus, die Nachdenklichkeit gegen Gleichg\u00fcltigkeit&#8230; Wenn ein junger Mensch auf dem Weg zum Erwachsen-Werden ist und mehr und mehr Entscheidungen selbst trifft, dann ist es f\u00fcr ihn gut zu wissen: Gott l\u00e4sst ihn mit seinen Entscheidungen nicht allein. Er st\u00e4rkt von innen heraus. Er gibt Kraft, Vertrauen und Mut. Dies brauchen wir alle auch, um mit Entt\u00e4uschungen und Kummer klar zu kommen und um in schlimmen Situationen nicht zu verzweifeln. Jesus nannte den Heiligen Geist &#8222;den Beistand&#8220;. Einen guten Beistand kann man doch immer gebrauchen. Daher hat uns Jesus den Heiligen Geist als Beistand und Helfer versprochen. Wichtig ist, f\u00fcr Gottes Geist offen zu sein, um so sein Wirken zu verstehen bzw. zu sp\u00fcren. Damit dies gelingen kann, bietet unsere Pfarrgemeinde eine Firm-Vorbereitung an.<\/p>\n<p>Eingeladen zur Vorbereitung auf den Empfang dieses Sakramentes sind alle Sch\u00fclerInnen ab der 5. Klasse. Wer aber denkt, dass er ein wenig warten will, um reifer zu sein und den Empfang des Firmsakraments bewusster mitzuerleben, darf dies gerne tun. So sind auch \u00e4ltere Jugendliche und Erwachsene jeden Alters, die noch nicht gefirmt sind, eingeladen, sich auf den Empfang dieses Sakramentes vorzubereiten.<\/p>\n<p>Die Vorbereitung auf die Firmung findet in mehreren Firmtreffs statt. Es werden insbesondere die Fragen und Themen von jungen Christen angesprochen. Die Firm-Vorbereitung kostet kein Geld \u2013 der Firmgottesdienst nat\u00fcrlich auch nicht. Die Firm-Vorbereitung kostet aber Zeit, Einsatz und Offenheit. Wer sich gegen Ende der Vorbereitung zur Firmfeier anmeldet, muss an der gesamten Vorbereitung teilgenommen haben und sich auch durch den Besuch von Gottesdiensten gut vorbereitet haben. So kann die Spendung des Firmsakramentes zu einem pr\u00e4genden Ereignis im eigenen Leben werden.<\/p>\n<p><strong>Regelungen und Anmeldungsunterlagen zur Firmvorbereitung finden Sie hier zum Download:<\/strong><\/p>\n<p>Die Eltern der Firmkinder sind zum Elternabend am Dienstag, 14. Oktober 2025 um 19 Uhr im Pfarrheim Zeitlarn (Hauptstra\u00dfe 25 in Zeitlarn) eingeladen. An diesem Abend erhalten Sie auch die Anmeldeformulare zur Firmung.<\/p>\n<p>Die Anmeldeformulare erhalten Sie <u>nach dem Elternabend<\/u> auch im Pfarrb\u00fcro in Regenstauf oder auf der Homepage der Pfarrei Regenstauf unter \u201eSakramente\u201c. Anmeldeschluss ist der 30.\u00a0Oktober\u00a02025.<\/p>\n<p><span style=\"color: #0000ff;\"><span style=\"color: #0000ff;\">Hinweise zur Firmanmeldung<\/span><\/span><br \/>\n<span style=\"color: #0000ff;\"><span style=\"color: #0000ff;\">Anmeldeformular f\u00fcr die Firmvorbereitung<\/span><\/span><br \/>\n<span style=\"color: #0000ff;\"><a style=\"color: #0000ff;\" href=\"https:\/\/www.pfarreiengemeinschaft-regenstauf.de\/wp-content\/uploads\/2017\/05\/Bestimmungen_Paten.pdf\">Bestimmungen des Kirchenrechts bez\u00fcglich Firmpaten<\/a><\/span><br \/>\n<span style=\"color: #0000ff;\"><a href=\"https:\/\/www.pfarreiengemeinschaft-regenstauf.de\/downloads\/medien\/Firmung Selbstauskunft Paten.pdf\"><span style=\"color: #0000ff;\">Selbstauskunft Firmpaten<\/span><\/a><\/span><\/p>\n<p><strong>Termin:<\/strong><br \/>\nF\u00fcr die Firmung 2026 ist Anmeldeschluss der 30. Oktober 2025.<\/p>\n<p>Bei der Vorbereitung helfen engagierte Mitglieder unserer Gemeinde mit. \u00dcberdies ist es aber wichtig, dass die Eltern oder PatenInnen usw. der FirmbewerberInnen als MitarbeiterInnen mitwirken. Wer Interesse hat, sich selbst mit den Grundfragen unseres Glaubens auseinanderzusetzen und die n\u00e4chste Firm-Vorbereitung mitzugestalten, ist herzlich dazu eingeladen.<\/p>\n<p>Durch unsere Taufe sind wir alle dazu aufgerufen, an der Verk\u00fcndigung des Glaubens mitzuwirken.<\/p>\n<p>Melden Sie sich bitte bei Gemeindereferentin Monika Ostermeier, Tel. 09402\/ 780840.<\/p>\n","protected":false},"excerpt":{"rendered":"<p>&#8222;Sei besiegelt durch die Gabe Gottes, den Heiligen Geist.&#8220; So spricht der Bischof oder sein Stellvertreter bei der Firmspendung. In der Firmung werden wir durch den Geist Gottes best\u00e4rkt, damit wir Zeugnis f\u00fcr die Liebe Gottes im Alltag ablegen k\u00f6nnen. Das klingt alles sehr fromm. Was ist aber diese Gabe Gottes genau, welches Geschenk also &hellip; <\/p>\n<p class=\"link-more\"><a href=\"https:\/\/www.pfarreiengemeinschaft-regenstauf.de\/index.php\/sakramente-seelsorge\/sakramente\/firmung\/\" class=\"more-link\"><span class=\"screen-reader-text\">\u201eFirmung\u201c<\/span> weiterlesen<\/a><\/p>\n","protected":false},"author":2,"featured_media":0,"parent":299,"menu_order":11300,"comment_status":"closed","ping_status":"closed","template":"","meta":{"footnotes":""},"class_list":["post-134","page","type-page","status-publish","hentry"],"_links":{"self":[{"href":"https:\/\/www.pfarreiengemeinschaft-regenstauf.de\/index.php\/wp-json\/wp\/v2\/pages\/134","targetHints":{"allow":["GET"]}}],"collection":[{"href":"https:\/\/www.pfarreiengemeinschaft-regenstauf.de\/index.php\/wp-json\/wp\/v2\/pages"}],"about":[{"href":"https:\/\/www.pfarreiengemeinschaft-regenstauf.de\/index.php\/wp-json\/wp\/v2\/types\/page"}],"author":[{"embeddable":true,"href":"https:\/\/www.pfarreiengemeinschaft-regenstauf.de\/index.php\/wp-json\/wp\/v2\/users\/2"}],"replies":[{"embeddable":true,"href":"https:\/\/www.pfarreiengemeinschaft-regenstauf.de\/index.php\/wp-json\/wp\/v2\/comments?post=134"}],"version-history":[{"count":43,"href":"https:\/\/www.pfarreiengemeinschaft-regenstauf.de\/index.php\/wp-json\/wp\/v2\/pages\/134\/revisions"}],"predecessor-version":[{"id":3912,"href":"https:\/\/www.pfarreiengemeinschaft-regenstauf.de\/index.php\/wp-json\/wp\/v2\/pages\/134\/revisions\/3912"}],"up":[{"embeddable":true,"href":"https:\/\/www.pfarreiengemeinschaft-regenstauf.de\/index.php\/wp-json\/wp\/v2\/pages\/299"}],"wp:attachment":[{"href":"https:\/\/www.pfarreiengemeinschaft-regenstauf.de\/index.php\/wp-json\/wp\/v2\/media?parent=134"}],"curies":[{"name":"wp","href":"https:\/\/api.w.org\/{rel}","templated":true}]}}